{"id":2390,"date":"2022-10-18T17:41:28","date_gmt":"2022-10-18T15:41:28","guid":{"rendered":"https:\/\/fiap.paris\/faq\/"},"modified":"2023-10-20T14:26:45","modified_gmt":"2023-10-20T12:26:45","slug":"faq","status":"publish","type":"page","link":"https:\/\/www.fiap.paris\/en\/faq\/","title":{"rendered":"FAQ"},"content":{"rendered":"\n\n<section class=\"b-hero-sm bg-c2\" id='block_92c912b22a4b614350fa8f0a3e4e3b6f'>\n\t<div class=\"container\" data-aos=\"fade\" data-aos-delay=\"150\">\n\t\t<div class=\"b-hero-sm_wrp\">\n\t\t\t<div class=\"b-hero-sm_ctn col-lg-5\">\n\t\t\t\t<h1 class=\"b-hero-sm_ttl\" class=\"b-hero-sm_ttl\" id=\"faq\">FAQ<\/h1>\t\t\t\t<span class=\"b-hero-sm_subttl\">All our answers to your most frequently asked questions!<\/span>\t\t\t<\/div>\n\t\t<\/div>\n\t\t\t<\/div>\n<\/section>\n\n\n\n\n\n<section class=\"b-tinymce spc-s2 bg-cw column1\" id='block_1ac1ebe4bbada6f8098bbab4c8240f8a'>\n\t<div class=\"b-tinymce_wrp container   bg-cw\">\n\n\t\t<div class=\"b-tinymce_ctn\" data-aos=\"fade\">\n\t\t\t\t\n\n\t\t\t\t\t\t\t<div class=\"row mobile gy-5\">\n\t\t\t\t\t<div class=\"col-10\">\n\t\t\t\t\t\t<div class=\"b-tinymce_content-txt editor bg-cw\">\n\t\t\t\t\t\t\t<h1 id=\"what-does-fiap-mean\">WHAT DOES FIAP MEAN?<\/h3>\n<p><span style=\"font-weight: 400;\">F.I.A.P. is the acronym of Foyer International d\u2019Accueil de Paris. Over time, the declination disappeared. F.I.A.P. is\u2026FIAP! We added PARIS in 2018. To be sure. But also because we would very much like to open a FIAP elsewhere. We have travel in our blood!<br \/>\n<\/span><\/p>\n<h3 id=\"who-can-stay-at-fiap-paris\">WHO CAN STAY AT FIAP PARIS?<\/h3>\n<p><span style=\"font-weight: 400;\">FIAP PARIS is open to everyone, individually or in groups. Minors under 18 must be accompanied.<br \/>\n<\/span><\/p>\n<p><span style=\"color: #10a0fa;\"><i>Beds in shared rooms reserved by individual customers are only accessible to 18-30 year olds.<br \/>\n<\/i><\/span><\/p>\n<h3 id=\"where-is-fiap-located\">WHERE IS FIAP LOCATED?<\/h3>\n<p><span style=\"font-weight: 400;\">inside Paris, left bank, in the 14th arrondissement, between Place Denfert-Rochereau and Place d&#8217;Italie.<br \/>\n<\/span><\/p>\n<h3 id=\"how-to-access-fiap\">HOW TO ACCESS FIAP?<\/h3>\n<p><span style=\"font-weight: 400;\">From Roissy Charles-de-Gaulle airport by RER B, direction Denfert-Rochereau.<br \/>\n<\/span><\/p>\n<p><span style=\"font-weight: 400;\">From Orly airport with the Orly Bus bus, to the Denfert-Rochereau terminal. The nearest metro is Glaci\u00e8re.<br \/>\n<\/span><b><\/b><\/p>\n<h3 id=\"what-is-the-comfort-of-the-rooms\">WHAT IS THE COMFORT OF THE ROOMS?<\/h3>\n<p><span style=\"font-weight: 400;\">192 rooms all equipped with: washbasin, shower, WC, telephone and individual beds. The beds are double in the new FIAPex Premium rooms.<br \/>\n<\/span><b><\/b><\/p>\n<h3 id=\"how-long-can-you-stay\">HOW LONG CAN YOU STAY?<\/h3>\n<p><span style=\"font-weight: 400;\">From one night.<br \/>\n<\/span><\/p>\n<p><span style=\"font-weight: 400;\">Maximum duration: 3 months for groups (10 people or more) \/ 6 nights for individual clients<br \/>\n<\/span><\/p>\n<h3 id=\"what-opening-hours\">WHAT OPENING HOURS?<\/h3>\n<p><span style=\"font-weight: 400;\">The reception is open 24 hours a day, between 8 p.m. and 6 a.m. only customers with a room can access FIAP Paris.<br \/>\n<\/span><\/p>\n<h3 id=\"what-payment-methods-are-accepted\">WHAT PAYMENT METHODS ARE ACCEPTED?<\/h3>\n<p>We accept cash, credit cards and ANCV checks.<\/p>\n<h3 id=\"what-is-half-board\">WHAT IS HALF-BOARD?<\/h3>\n<p><span style=\"font-weight: 400;\">It is a flexible formula including the night, breakfast and the evening meal (or a packed lunch), the number of which is equal to the number of nights.<br \/>\n<\/span><\/p>\n<h3 id=\"can-we-bring-food-from-outside\">CAN WE BRING FOOD FROM OUTSIDE?<\/h3>\n<p><span style=\"font-weight: 400;\">No food and alcohol from outside are authorized within the FIAP premises.<br \/>\n<\/span><\/p>\n<h3 id=\"is-fiap-present-on-social-networks\">IS FIAP PRESENT ON SOCIAL NETWORKS?<\/h3>\n<p><span style=\"font-weight: 400;\">Of course ! Find us here:<br \/>\n<a href=\"https:\/\/www.linkedin.com\/company\/fiap-jean-monnet\/\">Linkedin<\/a> | <a href=\"https:\/\/www.facebook.com\/fiap.paris\/\">Facebook<\/a> | <a href=\"https:\/\/www.instagram.com\/fiap_paris\/\">Instagram<\/a><br \/>\n<\/span><\/p>\n\t\t\t\t\t\t<\/div>\n\t\t\t\t\t<\/div>\n\t\t\t\t<\/div>\n\n\t\t\t\t\t<\/div>\n\n\t\t\t\t\n\t<\/div>\n<\/section>\n\n\n\n\n\n<section class=\"b-banner spc-s2 bg-c2\" id='block_5c4061c15d1e163ffd0c670be45591df' data-aos='fade'> \n\t<div class=\"container\">\n\t\t<div class=\"row\">\n\t\t\t<div class=\"col-lg-8 col-sm-12\">\n\t\t\t\t\n<header class=\"c-heading\">\n        \n            <div class=\"c-heading_desc editor\"><h2 style=\"text-align: center;\" style=\"text-align: center;\" id=\"book-now\"><span style=\"color: #202967;\">BOOK NOW<\/span><\/h2>\n<h2 style=\"text-align: center;\" style=\"text-align: center;\" id=\"stay-in-one-of-our-rooms\">Stay in one of our rooms<\/h2>\n<p style=\"text-align: center;\"><a class=\"btn btn-c1\" href=\"https:\/\/online.bookvisit.com\/R?channelId=bc6ee1e9-07b3-4a5e-9b4e-2844dc99a51e&amp;initialPath=%2Faccommodation#\/accommodation\">Booking<\/a><\/p>\n<\/div>\n    <\/header>\t\t\t\t\t\t\t<\/div>\n\t\t<\/div>\n\t\t\t\t\t<figure class=\"b-banner_bg bg-wrp contain  container\">\n\t\t\t\t<img decoding=\"async\" class='b-banner_med' loading='lazy' alt=\"faq\" src=\"https:\/\/www.fiap.paris\/wp-content\/uploads\/2022\/10\/fille-qui-parle-banniere.png\" width=\"100%\" height=\"100%\" srcset=\"\" sizes=\"auto, (max-width: 170px) 100vw, 170px\">\t\t\t<\/figure>\n\t\t\t\t<\/div>\n\t<\/div>\n<\/section>\n\n","protected":false},"excerpt":{"rendered":"","protected":false},"author":1,"featured_media":0,"parent":0,"menu_order":0,"comment_status":"closed","ping_status":"closed","template":"","meta":{"_acf_changed":false,"inline_featured_image":false,"footnotes":""},"class_list":["post-2390","page","type-page","status-publish","hentry"],"acf":[],"yoast_head":"<!-- This site is optimized with the Yoast SEO plugin v27.4 - https:\/\/yoast.com\/product\/yoast-seo-wordpress\/ -->\n<title>Fiap Paris<\/title>\n<meta name=\"robots\" content=\"index, follow, max-snippet:-1, max-image-preview:large, max-video-preview:-1\" \/>\n<link rel=\"canonical\" href=\"https:\/\/www.fiap.paris\/en\/faq\/\" \/>\n<meta property=\"og:locale\" content=\"en_US\" \/>\n<meta property=\"og:type\" content=\"article\" \/>\n<meta property=\"og:title\" content=\"FAQ - Fiap Paris\" \/>\n<meta property=\"og:url\" content=\"https:\/\/www.fiap.paris\/en\/faq\/\" \/>\n<meta property=\"og:site_name\" content=\"Fiap Paris\" \/>\n<meta property=\"article:modified_time\" content=\"2023-10-20T12:26:45+00:00\" \/>\n<meta name=\"twitter:card\" content=\"summary_large_image\" \/>\n<script type=\"application\/ld+json\" class=\"yoast-schema-graph\">{\"@context\":\"https:\\\/\\\/schema.org\",\"@graph\":[{\"@type\":\"WebPage\",\"@id\":\"https:\\\/\\\/www.fiap.paris\\\/en\\\/faq\\\/\",\"url\":\"https:\\\/\\\/www.fiap.paris\\\/en\\\/faq\\\/\",\"name\":\"FAQ - Fiap Paris\",\"isPartOf\":{\"@id\":\"https:\\\/\\\/www.fiap.paris\\\/en\\\/#website\"},\"datePublished\":\"2022-10-18T15:41:28+00:00\",\"dateModified\":\"2023-10-20T12:26:45+00:00\",\"breadcrumb\":{\"@id\":\"https:\\\/\\\/www.fiap.paris\\\/en\\\/faq\\\/#breadcrumb\"},\"inLanguage\":\"en-US\",\"potentialAction\":[{\"@type\":\"ReadAction\",\"target\":[\"https:\\\/\\\/www.fiap.paris\\\/en\\\/faq\\\/\"]}]},{\"@type\":\"BreadcrumbList\",\"@id\":\"https:\\\/\\\/www.fiap.paris\\\/en\\\/faq\\\/#breadcrumb\",\"itemListElement\":[{\"@type\":\"ListItem\",\"position\":1,\"name\":\"Accueil\",\"item\":\"https:\\\/\\\/www.fiap.paris\\\/en\\\/\"},{\"@type\":\"ListItem\",\"position\":2,\"name\":\"FAQ\"}]},{\"@type\":\"WebSite\",\"@id\":\"https:\\\/\\\/www.fiap.paris\\\/en\\\/#website\",\"url\":\"https:\\\/\\\/www.fiap.paris\\\/en\\\/\",\"name\":\"Fiap Paris\",\"description\":\"H\u00e9bergement et S\u00e9minaires \u00e0 Paris\",\"potentialAction\":[{\"@type\":\"SearchAction\",\"target\":{\"@type\":\"EntryPoint\",\"urlTemplate\":\"https:\\\/\\\/www.fiap.paris\\\/en\\\/?s={search_term_string}\"},\"query-input\":{\"@type\":\"PropertyValueSpecification\",\"valueRequired\":true,\"valueName\":\"search_term_string\"}}],\"inLanguage\":\"en-US\"}]}<\/script>\n<!-- \/ Yoast SEO plugin. -->","yoast_head_json":{"title":"Fiap Paris","robots":{"index":"index","follow":"follow","max-snippet":"max-snippet:-1","max-image-preview":"max-image-preview:large","max-video-preview":"max-video-preview:-1"},"canonical":"https:\/\/www.fiap.paris\/en\/faq\/","og_locale":"en_US","og_type":"article","og_title":"FAQ - Fiap Paris","og_url":"https:\/\/www.fiap.paris\/en\/faq\/","og_site_name":"Fiap Paris","article_modified_time":"2023-10-20T12:26:45+00:00","twitter_card":"summary_large_image","schema":{"@context":"https:\/\/schema.org","@graph":[{"@type":"WebPage","@id":"https:\/\/www.fiap.paris\/en\/faq\/","url":"https:\/\/www.fiap.paris\/en\/faq\/","name":"FAQ - Fiap Paris","isPartOf":{"@id":"https:\/\/www.fiap.paris\/en\/#website"},"datePublished":"2022-10-18T15:41:28+00:00","dateModified":"2023-10-20T12:26:45+00:00","breadcrumb":{"@id":"https:\/\/www.fiap.paris\/en\/faq\/#breadcrumb"},"inLanguage":"en-US","potentialAction":[{"@type":"ReadAction","target":["https:\/\/www.fiap.paris\/en\/faq\/"]}]},{"@type":"BreadcrumbList","@id":"https:\/\/www.fiap.paris\/en\/faq\/#breadcrumb","itemListElement":[{"@type":"ListItem","position":1,"name":"Accueil","item":"https:\/\/www.fiap.paris\/en\/"},{"@type":"ListItem","position":2,"name":"FAQ"}]},{"@type":"WebSite","@id":"https:\/\/www.fiap.paris\/en\/#website","url":"https:\/\/www.fiap.paris\/en\/","name":"Fiap Paris","description":"H\u00e9bergement et S\u00e9minaires \u00e0 Paris","potentialAction":[{"@type":"SearchAction","target":{"@type":"EntryPoint","urlTemplate":"https:\/\/www.fiap.paris\/en\/?s={search_term_string}"},"query-input":{"@type":"PropertyValueSpecification","valueRequired":true,"valueName":"search_term_string"}}],"inLanguage":"en-US"}]}},"_links":{"self":[{"href":"https:\/\/www.fiap.paris\/en\/wp-json\/wp\/v2\/pages\/2390","targetHints":{"allow":["GET"]}}],"collection":[{"href":"https:\/\/www.fiap.paris\/en\/wp-json\/wp\/v2\/pages"}],"about":[{"href":"https:\/\/www.fiap.paris\/en\/wp-json\/wp\/v2\/types\/page"}],"author":[{"embeddable":true,"href":"https:\/\/www.fiap.paris\/en\/wp-json\/wp\/v2\/users\/1"}],"replies":[{"embeddable":true,"href":"https:\/\/www.fiap.paris\/en\/wp-json\/wp\/v2\/comments?post=2390"}],"version-history":[{"count":5,"href":"https:\/\/www.fiap.paris\/en\/wp-json\/wp\/v2\/pages\/2390\/revisions"}],"predecessor-version":[{"id":11527,"href":"https:\/\/www.fiap.paris\/en\/wp-json\/wp\/v2\/pages\/2390\/revisions\/11527"}],"wp:attachment":[{"href":"https:\/\/www.fiap.paris\/en\/wp-json\/wp\/v2\/media?parent=2390"}],"curies":[{"name":"wp","href":"https:\/\/api.w.org\/{rel}","templated":true}]}}