{"id":2430,"date":"2022-10-24T19:44:17","date_gmt":"2022-10-24T17:44:17","guid":{"rendered":"https:\/\/fiap.paris\/fiap-jeune\/activites-animations\/"},"modified":"2024-07-01T13:47:09","modified_gmt":"2024-07-01T11:47:09","slug":"activities-animations","status":"publish","type":"page","link":"https:\/\/www.fiap.paris\/en\/fiap-youth\/activities-animations\/","title":{"rendered":"Activities \/ Animations"},"content":{"rendered":"\n\n<section class=\"b-hero-sm bg-c7\" id='block_278462f2d725b98ed64aeaf652f09a04'>\n\t<div class=\"container\" data-aos=\"fade\" data-aos-delay=\"150\">\n\t\t<div class=\"b-hero-sm_wrp\">\n\t\t\t<div class=\"b-hero-sm_ctn col-lg-5\">\n\t\t\t\t<h1 class=\"b-hero-sm_ttl\" class=\"b-hero-sm_ttl\" id=\"activities-animations\">Activities \/ Animations<\/h1>\t\t\t\t<span class=\"b-hero-sm_subttl\">Specific needs during your stay, FIAP is also offers complementary services.<\/span>\t\t\t<\/div>\n\t\t<\/div>\n\t\t\t\t\t\t<figure class=\"b-hero-sm_bg bg-wrp contain  container\">\n\t\t\t\t\t<img decoding=\"async\" class='b-hero-sm_med' data-aos=\"fade-right\" data-aos-delay=\"150\" loading='lazy' alt=\"activities-animations\" src=\"https:\/\/www.fiap.paris\/wp-content\/uploads\/2022\/11\/shutterstock_1464749207.png\" width=\"100%\" height=\"100%\" srcset=\"https:\/\/www.fiap.paris\/wp-content\/uploads\/2022\/11\/shutterstock_1464749207.png 1084w, https:\/\/www.fiap.paris\/wp-content\/uploads\/2022\/11\/shutterstock_1464749207-768x504.png 768w, https:\/\/www.fiap.paris\/wp-content\/uploads\/2022\/11\/shutterstock_1464749207-1024x673.png 1024w\" sizes=\"auto, (max-width: 1084px) 100vw, 1084px\">\t\t\t\t<\/figure>\n\t\t\t<\/div>\n<\/section>\n\n\n\n\n\n<section class=\"b-tinymce spc-s2 bg-cw column1\" id='block_9c2b0ee73d6e1969adc63783922fd601'>\n\t<div class=\"b-tinymce_wrp container   bg-cw\">\n\n\t\t<div class=\"b-tinymce_ctn\" data-aos=\"fade\">\n\t\t\t\t\n\n\t\t\t\t\t\t\t<div class=\"row mobile gy-5\">\n\t\t\t\t\t<div class=\"col-10\">\n\t\t\t\t\t\t<div class=\"b-tinymce_content-txt editor bg-cw\">\n\t\t\t\t\t\t\t<h1 style=\"text-align: center;\" style=\"text-align: center;\" id=\"discover-fiap-while-relaxing\">DISCOVER FIAP <span style=\"color: #e96279;\">WHILE RELAXING<\/span><\/h2>\n<p style=\"text-align: center;\"><span style=\"font-weight: 400;\">We have everything you need to have fun or keep you busy during your stay:<\/span><\/p>\n\t\t\t\t\t\t<\/div>\n\t\t\t\t\t<\/div>\n\t\t\t\t<\/div>\n\n\t\t\t\t\t<\/div>\n\n\t\t\t\t\n\t<\/div>\n<\/section>\n\n\n\n\n\n<section class=\"b-text-media spc-s2 tpl-t1 bg-cw\" id='block_37ede33fc48be5bbe9ab62ae2f26b95c' data-aos=\"fade\">\n\t<div class='container'>\n\t\t<div class=\"row gy-5\">\n\t\t\t<div class=\"col-lg-6 \">\n\t\t\t\t<div class=\"b-text-media_swiper swiper \" swiper-type='1'>\n\t\t\t\t\t<div class=\"b-text-media_wrp swiper-wrapper\">\n\t\t\t\t\t\t\t\t\t\t\t\t\t\n<div class=\"c-slide-media_slide swiper-slide\">\n\t\t\t<figure class=\"c-slide-media_img rt-full \">\n\t\t\t<img decoding=\"async\" class=\"c-slide-media_med cover\" loading='lazy' alt=\"activities-animations\" src=\"https:\/\/www.fiap.paris\/wp-content\/uploads\/2024\/06\/44BCD94B-AF26-482F-BC9E-0894542EC098-1024x683.jpeg\" width=\"100%\" height=\"100%\" srcset=\"https:\/\/www.fiap.paris\/wp-content\/uploads\/2024\/06\/44BCD94B-AF26-482F-BC9E-0894542EC098-1024x683.jpeg 1024w, https:\/\/www.fiap.paris\/wp-content\/uploads\/2024\/06\/44BCD94B-AF26-482F-BC9E-0894542EC098-768x512.jpeg 768w, https:\/\/www.fiap.paris\/wp-content\/uploads\/2024\/06\/44BCD94B-AF26-482F-BC9E-0894542EC098-1536x1024.jpeg 1536w, https:\/\/www.fiap.paris\/wp-content\/uploads\/2024\/06\/44BCD94B-AF26-482F-BC9E-0894542EC098.jpeg 1620w\" sizes=\"auto, (max-width: 1024px) 100vw, 1024px\">\t\t\t\t\t\t\t\t\n\t\t<\/figure>\t\n\t<\/div>\t\t\t\t\t\t\t\t\t\t\t\t\t\n<div class=\"c-slide-media_slide swiper-slide\">\n\t\t\t<figure class=\"c-slide-media_img rt-full \">\n\t\t\t<img decoding=\"async\" class=\"c-slide-media_med cover\" loading='lazy' alt=\"activities-animations\" src=\"https:\/\/www.fiap.paris\/wp-content\/uploads\/2022\/12\/WEB_20220910_FIAP_NOUVELLE_RETOUCHE-9471-1024x683.jpg\" width=\"100%\" height=\"100%\" srcset=\"https:\/\/www.fiap.paris\/wp-content\/uploads\/2022\/12\/WEB_20220910_FIAP_NOUVELLE_RETOUCHE-9471-1024x683.jpg 1024w, https:\/\/www.fiap.paris\/wp-content\/uploads\/2022\/12\/WEB_20220910_FIAP_NOUVELLE_RETOUCHE-9471-768x512.jpg 768w, https:\/\/www.fiap.paris\/wp-content\/uploads\/2022\/12\/WEB_20220910_FIAP_NOUVELLE_RETOUCHE-9471-1536x1024.jpg 1536w, https:\/\/www.fiap.paris\/wp-content\/uploads\/2022\/12\/WEB_20220910_FIAP_NOUVELLE_RETOUCHE-9471.jpg 2048w\" sizes=\"auto, (max-width: 1024px) 100vw, 1024px\">\t\t\t\t\t\t\t\t\n\t\t<\/figure>\t\n\t<\/div>\t\t\t\t\t\t\t\t\t\t\t\t\t\n<div class=\"c-slide-media_slide swiper-slide\">\n\t\t\t<figure class=\"c-slide-media_img rt-full \">\n\t\t\t<img decoding=\"async\" class=\"c-slide-media_med cover\" loading='lazy' alt=\"activities-animations\" src=\"https:\/\/www.fiap.paris\/wp-content\/uploads\/2023\/06\/DSC_058_redimensionnee-683x1024.jpg\" width=\"100%\" height=\"100%\" srcset=\"https:\/\/www.fiap.paris\/wp-content\/uploads\/2023\/06\/DSC_058_redimensionnee-683x1024.jpg 683w, https:\/\/www.fiap.paris\/wp-content\/uploads\/2023\/06\/DSC_058_redimensionnee-512x768.jpg 512w, https:\/\/www.fiap.paris\/wp-content\/uploads\/2023\/06\/DSC_058_redimensionnee-768x1152.jpg 768w, https:\/\/www.fiap.paris\/wp-content\/uploads\/2023\/06\/DSC_058_redimensionnee-1024x1536.jpg 1024w, https:\/\/www.fiap.paris\/wp-content\/uploads\/2023\/06\/DSC_058_redimensionnee.jpg 1280w\" sizes=\"auto, (max-width: 683px) 100vw, 683px\">\t\t\t\t\t\t\t\t\n\t\t<\/figure>\t\n\t<\/div>\t\t\t\t\t\t\t\t\t\t\t<\/div>\n\t\t\t\t\t\t\t\t\t\t<div class=\"c-navi swiper-navigation-tpl1\">\n\t\t\t\t\t\t<button class=\"navi-prev bi bi-chevron-left\"><\/button>\n\t\t\t\t\t\t<button class=\"navi-next bi bi-chevron-right\"><\/button>\n\t\t\t\t\t<\/div>\n\t\t\t\t\t\t\t\t\t<\/div>\n\t\t\t<\/div>\n\t\t\t<div class='col-lg-5'>\n\t\t\t\t<div class=\"b-text-media_ctn\">\n\t\t\t\t\t<div class=\"b-text-media_txt editor\"><ul>\n<li><span style=\"font-weight: 400;\">Indoor and outdoor ping-pong table for sunny days, <\/span><\/li>\n<li><span style=\"font-weight: 400;\">A <\/span><span style=\"font-weight: 400;\">room dedicated to young people with arcade machine, books, board games, television, Netflix, program, etc&#8230;<\/span><\/li>\n<li>Plenty of board games at reception.<\/li>\n<li><span style=\"font-weight: 400;\">A magnificent terrace for lounging <strong>(*)<\/strong><\/span><\/li>\n<li>Gym room <em>(from May to September only)<\/em><\/li>\n<li>And above all a cultural program which every month brings our vast common spaces to life.<\/li>\n<\/ul>\n<p>&nbsp;<\/p>\n<\/div>\n\t\t\t\t<\/div>\n\t\t\t<\/div>\n\t\t<\/div>\n\t<\/div>\n<\/section>\n\n\n\n\n\n<section class=\"b-tinymce spc-s2 bg-cw column1\" id='block_d84c5f1127443afdf7cafb1fa29cac14'>\n\t<div class=\"b-tinymce_wrp container   bg-cw\">\n\n\t\t<div class=\"b-tinymce_ctn\" data-aos=\"fade\">\n\t\t\t\t\n\n\t\t\t\t\t\t\t<div class=\"row mobile gy-5\">\n\t\t\t\t\t<div class=\"col-10\">\n\t\t\t\t\t\t<div class=\"b-tinymce_content-txt editor bg-cw\">\n\t\t\t\t\t\t\t<p style=\"text-align: center;\"><em>(*) currently under construction to offer you brand new comfort and beautification of this green space. Its reception capacity will be doubled.<\/em><\/p>\n<p>&nbsp;<\/p>\n<p>&nbsp;<\/p>\n\t\t\t\t\t\t<\/div>\n\t\t\t\t\t<\/div>\n\t\t\t\t<\/div>\n\n\t\t\t\t\t<\/div>\n\n\t\t\t\t\n\t<\/div>\n<\/section>\n\n\n\n\n\n<section class=\"b-text-media spc-s2 tpl-t2 bg-cw\" id='block_c6d8b03f435059737b0c6744e4fbe5f2' data-aos=\"fade\">\n\t<div class='container'>\n\t\t<div class=\"row gy-5\">\n\t\t\t<div class=\"col-lg-6 \">\n\t\t\t\t<div class=\"b-text-media_swiper swiper \" >\n\t\t\t\t\t<div class=\"b-text-media_wrp swiper-wrapper\">\n\t\t\t\t\t\t\t\t\t\t\t\t\t\n<div class=\"c-slide-media_slide swiper-slide\">\n\t\t\t<figure class=\"c-slide-media_img rt-1x1 \">\n\t\t\t<img decoding=\"async\" class=\"c-slide-media_med contain\" loading='lazy' alt=\"activities-animations\" src=\"https:\/\/www.fiap.paris\/wp-content\/uploads\/2023\/01\/tour.jpeg\" width=\"100%\" height=\"100%\" srcset=\"https:\/\/www.fiap.paris\/wp-content\/uploads\/2023\/01\/tour.jpeg 518w, https:\/\/www.fiap.paris\/wp-content\/uploads\/2023\/01\/tour-497x768.jpeg 497w\" sizes=\"auto, (max-width: 518px) 100vw, 518px\">\t\t\t\t\t\t\t\t\n\t\t<\/figure>\t\n\t<\/div>\t\t\t\t\t\t\t\t\t\t\t<\/div>\n\t\t\t\t\t\t\t\t\t<\/div>\n\t\t\t<\/div>\n\t\t\t<div class='col-lg-5'>\n\t\t\t\t<div class=\"b-text-media_ctn\">\n\t\t\t\t\t<div class=\"b-text-media_txt editor\"><h2 id=\"want-to-go-out\"><b>WANT TO GO OUT?<\/b><\/h2>\n<p>&nbsp;<\/p>\n<p><span style=\"font-weight: 400;\">To complete your discovery of Paris, we offer activities at reduced prices:<br \/>\n<\/span><\/p>\n<ul>\n<li><span style=\"font-weight: 400; color: #10a0fa;\">Cruise on the Seine<\/span><span style=\"font-weight: 400;\">: Discover the Parisian monuments from the Seine, along the water. Commentaries in 14 languages \u200b\u200bbroadcast by individual wired audioguide or on your smartphone.<\/span><\/li>\n<li><span style=\"font-weight: 400; color: #10a0fa;\">BATOBUS<\/span><span style=\"font-weight: 400;\">:&nbsp; Eiffel Tower, Notre-Dame, Louvre\u2026 Easily access the &#8211; most beautiful monuments in Paris thanks to our 9 key stations on the Seine.<br \/>\n<\/span>Visit at your own pace<br \/>\n<span style=\"font-weight: 400;\"> the unmissable districts and get back on board our river shuttles whenever you want while enjoying a pleasant trip along the water.<br \/>\n<\/span><\/li>\n<li><span style=\"font-weight: 400; color: #10a0fa;\">Bus Transfer<\/span><span style=\"font-weight: 400;\">: Thanks to our partner, let us take care of everything!<br \/>\n&nbsp;<\/span><\/li>\n<\/ul>\n<\/div>\n\t\t\t\t<\/div>\n\t\t\t<\/div>\n\t\t<\/div>\n\t<\/div>\n<\/section>\n\n\n\n\n\n<section class=\"b-banner spc-s2 bg-c2\" id='block_604fe5cb0b9a6f14775a3e90446b90b7' data-aos='fade'> \n\t<div class=\"container\">\n\t\t<div class=\"row\">\n\t\t\t<div class=\"col-lg-8 col-sm-12\">\n\t\t\t\t\n<header class=\"c-heading\">\n        \n            <div class=\"c-heading_desc editor\"><h2 style=\"text-align: center;\" style=\"text-align: center;\" id=\"book-now\"><span style=\"color: #202967;\">BOOK NOW<\/span><\/h2>\n<h2 style=\"text-align: center;\" style=\"text-align: center;\" id=\"stay-in-one-of-our-rooms\">Stay in one of our rooms<\/h2>\n<p style=\"text-align: center;\"><a class=\"btn btn-c1\" href=\"https:\/\/online.bookvisit.com\/R?channelId=bc6ee1e9-07b3-4a5e-9b4e-2844dc99a51e&amp;initialPath=%2Faccommodation#\/accommodation\">Booking<\/a><\/p>\n<\/div>\n    <\/header>\t\t\t\t\t\t\t<\/div>\n\t\t<\/div>\n\t\t\t\t\t<figure class=\"b-banner_bg bg-wrp contain  container\">\n\t\t\t\t<img decoding=\"async\" class='b-banner_med' loading='lazy' alt=\"activities-animations\" src=\"https:\/\/www.fiap.paris\/wp-content\/uploads\/2022\/10\/fille-qui-parle-banniere.png\" width=\"100%\" height=\"100%\" srcset=\"\" sizes=\"auto, (max-width: 170px) 100vw, 170px\">\t\t\t<\/figure>\n\t\t\t\t<\/div>\n\t<\/div>\n<\/section>\n\n","protected":false},"excerpt":{"rendered":"","protected":false},"author":1,"featured_media":0,"parent":2428,"menu_order":0,"comment_status":"closed","ping_status":"closed","template":"","meta":{"_acf_changed":false,"inline_featured_image":false,"footnotes":""},"class_list":["post-2430","page","type-page","status-publish","hentry"],"acf":[],"yoast_head":"<!-- This site is optimized with the Yoast SEO plugin v27.4 - https:\/\/yoast.com\/product\/yoast-seo-wordpress\/ -->\n<title>Fiap Paris<\/title>\n<meta name=\"robots\" content=\"index, follow, max-snippet:-1, max-image-preview:large, max-video-preview:-1\" \/>\n<link rel=\"canonical\" href=\"https:\/\/www.fiap.paris\/en\/fiap-youth\/activities-animations\/\" \/>\n<meta property=\"og:locale\" content=\"en_US\" \/>\n<meta property=\"og:type\" content=\"article\" \/>\n<meta property=\"og:title\" content=\"Activities \/ Animations - Fiap Paris\" \/>\n<meta property=\"og:url\" content=\"https:\/\/www.fiap.paris\/en\/fiap-youth\/activities-animations\/\" \/>\n<meta property=\"og:site_name\" content=\"Fiap Paris\" \/>\n<meta property=\"article:modified_time\" content=\"2024-07-01T11:47:09+00:00\" \/>\n<meta name=\"twitter:card\" content=\"summary_large_image\" \/>\n<script type=\"application\/ld+json\" class=\"yoast-schema-graph\">{\"@context\":\"https:\\\/\\\/schema.org\",\"@graph\":[{\"@type\":\"WebPage\",\"@id\":\"https:\\\/\\\/www.fiap.paris\\\/en\\\/fiap-youth\\\/activities-animations\\\/\",\"url\":\"https:\\\/\\\/www.fiap.paris\\\/en\\\/fiap-youth\\\/activities-animations\\\/\",\"name\":\"Activities \\\/ Animations - Fiap Paris\",\"isPartOf\":{\"@id\":\"https:\\\/\\\/www.fiap.paris\\\/en\\\/#website\"},\"datePublished\":\"2022-10-24T17:44:17+00:00\",\"dateModified\":\"2024-07-01T11:47:09+00:00\",\"breadcrumb\":{\"@id\":\"https:\\\/\\\/www.fiap.paris\\\/en\\\/fiap-youth\\\/activities-animations\\\/#breadcrumb\"},\"inLanguage\":\"en-US\",\"potentialAction\":[{\"@type\":\"ReadAction\",\"target\":[\"https:\\\/\\\/www.fiap.paris\\\/en\\\/fiap-youth\\\/activities-animations\\\/\"]}]},{\"@type\":\"BreadcrumbList\",\"@id\":\"https:\\\/\\\/www.fiap.paris\\\/en\\\/fiap-youth\\\/activities-animations\\\/#breadcrumb\",\"itemListElement\":[{\"@type\":\"ListItem\",\"position\":1,\"name\":\"Accueil\",\"item\":\"https:\\\/\\\/www.fiap.paris\\\/en\\\/\"},{\"@type\":\"ListItem\",\"position\":2,\"name\":\"Fiap Youth\",\"item\":\"https:\\\/\\\/www.fiap.paris\\\/en\\\/fiap-youth\\\/\"},{\"@type\":\"ListItem\",\"position\":3,\"name\":\"Activities \\\/ Animations\"}]},{\"@type\":\"WebSite\",\"@id\":\"https:\\\/\\\/www.fiap.paris\\\/en\\\/#website\",\"url\":\"https:\\\/\\\/www.fiap.paris\\\/en\\\/\",\"name\":\"Fiap Paris\",\"description\":\"H\u00e9bergement et S\u00e9minaires \u00e0 Paris\",\"potentialAction\":[{\"@type\":\"SearchAction\",\"target\":{\"@type\":\"EntryPoint\",\"urlTemplate\":\"https:\\\/\\\/www.fiap.paris\\\/en\\\/?s={search_term_string}\"},\"query-input\":{\"@type\":\"PropertyValueSpecification\",\"valueRequired\":true,\"valueName\":\"search_term_string\"}}],\"inLanguage\":\"en-US\"}]}<\/script>\n<!-- \/ Yoast SEO plugin. -->","yoast_head_json":{"title":"Fiap Paris","robots":{"index":"index","follow":"follow","max-snippet":"max-snippet:-1","max-image-preview":"max-image-preview:large","max-video-preview":"max-video-preview:-1"},"canonical":"https:\/\/www.fiap.paris\/en\/fiap-youth\/activities-animations\/","og_locale":"en_US","og_type":"article","og_title":"Activities \/ Animations - Fiap Paris","og_url":"https:\/\/www.fiap.paris\/en\/fiap-youth\/activities-animations\/","og_site_name":"Fiap Paris","article_modified_time":"2024-07-01T11:47:09+00:00","twitter_card":"summary_large_image","schema":{"@context":"https:\/\/schema.org","@graph":[{"@type":"WebPage","@id":"https:\/\/www.fiap.paris\/en\/fiap-youth\/activities-animations\/","url":"https:\/\/www.fiap.paris\/en\/fiap-youth\/activities-animations\/","name":"Activities \/ Animations - Fiap Paris","isPartOf":{"@id":"https:\/\/www.fiap.paris\/en\/#website"},"datePublished":"2022-10-24T17:44:17+00:00","dateModified":"2024-07-01T11:47:09+00:00","breadcrumb":{"@id":"https:\/\/www.fiap.paris\/en\/fiap-youth\/activities-animations\/#breadcrumb"},"inLanguage":"en-US","potentialAction":[{"@type":"ReadAction","target":["https:\/\/www.fiap.paris\/en\/fiap-youth\/activities-animations\/"]}]},{"@type":"BreadcrumbList","@id":"https:\/\/www.fiap.paris\/en\/fiap-youth\/activities-animations\/#breadcrumb","itemListElement":[{"@type":"ListItem","position":1,"name":"Accueil","item":"https:\/\/www.fiap.paris\/en\/"},{"@type":"ListItem","position":2,"name":"Fiap Youth","item":"https:\/\/www.fiap.paris\/en\/fiap-youth\/"},{"@type":"ListItem","position":3,"name":"Activities \/ Animations"}]},{"@type":"WebSite","@id":"https:\/\/www.fiap.paris\/en\/#website","url":"https:\/\/www.fiap.paris\/en\/","name":"Fiap Paris","description":"H\u00e9bergement et S\u00e9minaires \u00e0 Paris","potentialAction":[{"@type":"SearchAction","target":{"@type":"EntryPoint","urlTemplate":"https:\/\/www.fiap.paris\/en\/?s={search_term_string}"},"query-input":{"@type":"PropertyValueSpecification","valueRequired":true,"valueName":"search_term_string"}}],"inLanguage":"en-US"}]}},"_links":{"self":[{"href":"https:\/\/www.fiap.paris\/en\/wp-json\/wp\/v2\/pages\/2430","targetHints":{"allow":["GET"]}}],"collection":[{"href":"https:\/\/www.fiap.paris\/en\/wp-json\/wp\/v2\/pages"}],"about":[{"href":"https:\/\/www.fiap.paris\/en\/wp-json\/wp\/v2\/types\/page"}],"author":[{"embeddable":true,"href":"https:\/\/www.fiap.paris\/en\/wp-json\/wp\/v2\/users\/1"}],"replies":[{"embeddable":true,"href":"https:\/\/www.fiap.paris\/en\/wp-json\/wp\/v2\/comments?post=2430"}],"version-history":[{"count":5,"href":"https:\/\/www.fiap.paris\/en\/wp-json\/wp\/v2\/pages\/2430\/revisions"}],"predecessor-version":[{"id":27365,"href":"https:\/\/www.fiap.paris\/en\/wp-json\/wp\/v2\/pages\/2430\/revisions\/27365"}],"up":[{"embeddable":true,"href":"https:\/\/www.fiap.paris\/en\/wp-json\/wp\/v2\/pages\/2428"}],"wp:attachment":[{"href":"https:\/\/www.fiap.paris\/en\/wp-json\/wp\/v2\/media?parent=2430"}],"curies":[{"name":"wp","href":"https:\/\/api.w.org\/{rel}","templated":true}]}}