{"id":2432,"date":"2022-10-24T16:37:30","date_gmt":"2022-10-24T14:37:30","guid":{"rendered":"https:\/\/fiap.paris\/fiap-jeune\/hebergement-jeunes\/"},"modified":"2024-04-08T16:25:28","modified_gmt":"2024-04-08T14:25:28","slug":"youth-accommodations","status":"publish","type":"page","link":"https:\/\/www.fiap.paris\/en\/fiap-youth\/youth-accommodations\/","title":{"rendered":"Youth Accommodations"},"content":{"rendered":"\n\n<section class=\"b-hero-sm bg-c7\" id='block_3fb52aac7178713f7d98e23f1386bf37'>\n\t<div class=\"container\" data-aos=\"fade\" data-aos-delay=\"150\">\n\t\t<div class=\"b-hero-sm_wrp\">\n\t\t\t<div class=\"b-hero-sm_ctn col-lg-5\">\n\t\t\t\t<h1 class=\"b-hero-sm_ttl\" class=\"b-hero-sm_ttl\" id=\"youth-accommodations\">Youth Accommodations<\/h1>\t\t\t\t<span class=\"b-hero-sm_subttl\">Our team of experts is there to assist you in organizing your stay for young people.<\/span>\t\t\t<\/div>\n\t\t<\/div>\n\t\t\t\t\t\t<figure class=\"b-hero-sm_bg bg-wrp contain  container\">\n\t\t\t\t\t<img decoding=\"async\" class='b-hero-sm_med' data-aos=\"fade-right\" data-aos-delay=\"150\" loading='lazy' alt=\"youth-accommodations\" src=\"https:\/\/www.fiap.paris\/wp-content\/uploads\/2022\/11\/shutterstock_1426227779-02.png\" width=\"100%\" height=\"100%\" srcset=\"https:\/\/www.fiap.paris\/wp-content\/uploads\/2022\/11\/shutterstock_1426227779-02.png 1084w, https:\/\/www.fiap.paris\/wp-content\/uploads\/2022\/11\/shutterstock_1426227779-02-768x504.png 768w, https:\/\/www.fiap.paris\/wp-content\/uploads\/2022\/11\/shutterstock_1426227779-02-1024x673.png 1024w\" sizes=\"auto, (max-width: 1084px) 100vw, 1084px\">\t\t\t\t<\/figure>\n\t\t\t<\/div>\n<\/section>\n\n\n\n\n\n<section class=\"b-sub-hero bg-tr\" id='block_4ff330adba72aaea2bfc512cd0e243d4'>\n    <div class=\"container\" data-aos='fade-up'>\n        <h1 class=\"b-sub-hero_ttl\">\n          <span class=\"b-sub-hero_subttl\">We reserve?<\/span>\n          <span class=\"b-sub-hero_txt editor\"><p>Stay in one of our rooms at the best prices<\/p>\n<\/span>\n          <a href='https:\/\/fiap.paris\/en\/reservations\/' class=\"b-sub-hero_btn btn-c1\">Reserve!<\/a>        <\/h2>\n    <\/div>\n<\/section>\n\n\n\n\n\n<section class=\"b-tinymce spc-s2 bg-cw column1\" id='block_a88630f382149a5540920c5d5bc91e0d'>\n\t<div class=\"b-tinymce_wrp container   bg-cw\">\n\n\t\t<div class=\"b-tinymce_ctn\" data-aos=\"fade\">\n\t\t\t\t\n\n\t\t\t\t\t\t\t<div class=\"row mobile gy-5\">\n\t\t\t\t\t<div class=\"col-10\">\n\t\t\t\t\t\t<div class=\"b-tinymce_content-txt editor bg-cw\">\n\t\t\t\t\t\t\t<h2 style=\"text-align: center;\" style=\"text-align: center;\" id=\"find-the-accomodation-that-suits-your-needs\">FIND THE ACCOMODATION <span style=\"color: #e96279;\">THAT SUITS YOUR NEEDS<\/span><\/h2>\n<p class=\"p1\" style=\"text-align: center;\">With 192 ensuite rooms with 1 to 7 beds, with a total of 486 beds, come and stay with us in private or shared rooms. All our rooms offer <strong>1 bathroom with shower and private toilet<\/strong>. Bed sheets are also provided!<\/p>\n\t\t\t\t\t\t<\/div>\n\t\t\t\t\t<\/div>\n\t\t\t\t<\/div>\n\n\t\t\t\t\t<\/div>\n\n\t\t\t\t\n\t<\/div>\n<\/section>\n\n\n\n\n\n<section class=\"b-text-media spc-s2 tpl-t2 bg-cw\" id='block_0fcf72617efa84229868cc0d38e3f8a1' data-aos=\"fade\">\n\t<div class='container'>\n\t\t<div class=\"row gy-5\">\n\t\t\t<div class=\"col-lg-6 \">\n\t\t\t\t<div class=\"b-text-media_swiper swiper \" swiper-type='1'>\n\t\t\t\t\t<div class=\"b-text-media_wrp swiper-wrapper\">\n\t\t\t\t\t\t\t\t\t\t\t\t\t\n<div class=\"c-slide-media_slide swiper-slide\">\n\t\t\t<figure class=\"c-slide-media_img rt-full \">\n\t\t\t<img decoding=\"async\" class=\"c-slide-media_med cover\" loading='lazy' alt=\"youth-accommodations\" src=\"https:\/\/www.fiap.paris\/wp-content\/uploads\/2023\/06\/chambre-3-reduite-1024x668.jpg\" width=\"100%\" height=\"100%\" srcset=\"https:\/\/www.fiap.paris\/wp-content\/uploads\/2023\/06\/chambre-3-reduite-1024x668.jpg 1024w, https:\/\/www.fiap.paris\/wp-content\/uploads\/2023\/06\/chambre-3-reduite-768x501.jpg 768w, https:\/\/www.fiap.paris\/wp-content\/uploads\/2023\/06\/chambre-3-reduite.jpg 1035w\" sizes=\"auto, (max-width: 1024px) 100vw, 1024px\">\t\t\t\t\t\t\t\t\n\t\t<\/figure>\t\n\t<\/div>\t\t\t\t\t\t\t\t\t\t\t\t\t\n<div class=\"c-slide-media_slide swiper-slide\">\n\t\t\t<figure class=\"c-slide-media_img rt-full \">\n\t\t\t<img decoding=\"async\" class=\"c-slide-media_med cover\" loading='lazy' alt=\"youth-accommodations\" src=\"https:\/\/www.fiap.paris\/wp-content\/uploads\/2023\/06\/chambres_14-683x1024.jpg\" width=\"100%\" height=\"100%\" srcset=\"https:\/\/www.fiap.paris\/wp-content\/uploads\/2023\/06\/chambres_14-683x1024.jpg 683w, https:\/\/www.fiap.paris\/wp-content\/uploads\/2023\/06\/chambres_14-512x768.jpg 512w, https:\/\/www.fiap.paris\/wp-content\/uploads\/2023\/06\/chambres_14-768x1152.jpg 768w, https:\/\/www.fiap.paris\/wp-content\/uploads\/2023\/06\/chambres_14.jpg 1000w\" sizes=\"auto, (max-width: 683px) 100vw, 683px\">\t\t\t\t\t\t\t\t\n\t\t<\/figure>\t\n\t<\/div>\t\t\t\t\t\t\t\t\t\t\t<\/div>\n\t\t\t\t\t\t\t\t\t\t<div class=\"c-navi swiper-navigation-tpl1\">\n\t\t\t\t\t\t<button class=\"navi-prev bi bi-chevron-left\"><\/button>\n\t\t\t\t\t\t<button class=\"navi-next bi bi-chevron-right\"><\/button>\n\t\t\t\t\t<\/div>\n\t\t\t\t\t\t\t\t\t<\/div>\n\t\t\t<\/div>\n\t\t\t<div class='col-lg-5'>\n\t\t\t\t<div class=\"b-text-media_ctn\">\n\t\t\t\t\t<div class=\"b-text-media_txt editor\"><h2 id=\"2-bed-room-twin-room\">2 BED ROOM \/ TWIN ROOM<\/h2>\n<p><img decoding=\"async\" class=\"wp-image-126 size-full alignleft\" src=\"https:\/\/fiap.paris\/wp-content\/uploads\/2022\/09\/icon_rose_sansfond_femme.svg\" alt=\"\" width=\"16\" height=\"17\" \/><span style=\"color: #10a0fa;\"><img decoding=\"async\" class=\"wp-image-128 size-full alignleft\" src=\"https:\/\/fiap.paris\/wp-content\/uploads\/2022\/09\/icon_rose_sansfond_homme.svg\" alt=\"\" width=\"16\" height=\"17\" \/><span style=\"color: #e96279;\">2 persons max &#8211; 16m2<\/span><\/span><\/p>\n<p>Opt for one of our twin rooms. With 2 spaces each composed of a single bed, a desk and a storage cupboard, you will have the calm you need.<\/p>\n<p><img decoding=\"async\" class=\"alignnone wp-image-4278 size-full\" src=\"https:\/\/www.fiap.paris\/wp-content\/uploads\/2023\/01\/Picto-rose.png\" alt=\"\" width=\"553\" height=\"105\" \/><\/p>\n<p><a class=\"btn btn-c1\" href=\"#\">Check availabilities<br \/>\n<\/a><\/p>\n<\/div>\n\t\t\t\t<\/div>\n\t\t\t<\/div>\n\t\t<\/div>\n\t<\/div>\n<\/section>\n\n\n\n\n\n<section class=\"b-text-media spc-s2 tpl-t1 bg-cw\" id='block_ff4654d8ca2ab52defa2fe485b0f510b' data-aos=\"fade\">\n\t<div class='container'>\n\t\t<div class=\"row gy-5\">\n\t\t\t<div class=\"col-lg-6 \">\n\t\t\t\t<div class=\"b-text-media_swiper swiper \" swiper-type='1'>\n\t\t\t\t\t<div class=\"b-text-media_wrp swiper-wrapper\">\n\t\t\t\t\t\t\t\t\t\t\t\t\t\n<div class=\"c-slide-media_slide swiper-slide\">\n\t\t\t<figure class=\"c-slide-media_img rt-full \">\n\t\t\t<img decoding=\"async\" class=\"c-slide-media_med cover\" loading='lazy' alt=\"youth-accommodations\" src=\"https:\/\/www.fiap.paris\/wp-content\/uploads\/2022\/11\/chambre_4-lits_121115-Fiap-0044-1024x683.jpg\" width=\"100%\" height=\"100%\" srcset=\"https:\/\/www.fiap.paris\/wp-content\/uploads\/2022\/11\/chambre_4-lits_121115-Fiap-0044-1024x683.jpg 1024w, https:\/\/www.fiap.paris\/wp-content\/uploads\/2022\/11\/chambre_4-lits_121115-Fiap-0044-768x512.jpg 768w, https:\/\/www.fiap.paris\/wp-content\/uploads\/2022\/11\/chambre_4-lits_121115-Fiap-0044-1536x1024.jpg 1536w, https:\/\/www.fiap.paris\/wp-content\/uploads\/2022\/11\/chambre_4-lits_121115-Fiap-0044-2048x1365.jpg 2048w, https:\/\/www.fiap.paris\/wp-content\/uploads\/2022\/11\/chambre_4-lits_121115-Fiap-0044-scaled.jpg 1920w\" sizes=\"auto, (max-width: 1024px) 100vw, 1024px\">\t\t\t\t\t\t\t\t\n\t\t<\/figure>\t\n\t<\/div>\t\t\t\t\t\t\t\t\t\t\t\t\t\n<div class=\"c-slide-media_slide swiper-slide\">\n\t\t\t<figure class=\"c-slide-media_img rt-full \">\n\t\t\t<img decoding=\"async\" class=\"c-slide-media_med cover\" loading='lazy' alt=\"youth-accommodations\" src=\"https:\/\/www.fiap.paris\/wp-content\/uploads\/2023\/06\/chambres_13.jpg\" width=\"100%\" height=\"100%\" srcset=\"https:\/\/www.fiap.paris\/wp-content\/uploads\/2023\/06\/chambres_13.jpg 1000w, https:\/\/www.fiap.paris\/wp-content\/uploads\/2023\/06\/chambres_13-768x512.jpg 768w\" sizes=\"auto, (max-width: 1000px) 100vw, 1000px\">\t\t\t\t\t\t\t\t\n\t\t<\/figure>\t\n\t<\/div>\t\t\t\t\t\t\t\t\t\t\t<\/div>\n\t\t\t\t\t\t\t\t\t\t<div class=\"c-navi swiper-navigation-tpl1\">\n\t\t\t\t\t\t<button class=\"navi-prev bi bi-chevron-left\"><\/button>\n\t\t\t\t\t\t<button class=\"navi-next bi bi-chevron-right\"><\/button>\n\t\t\t\t\t<\/div>\n\t\t\t\t\t\t\t\t\t<\/div>\n\t\t\t<\/div>\n\t\t\t<div class='col-lg-5'>\n\t\t\t\t<div class=\"b-text-media_ctn\">\n\t\t\t\t\t<div class=\"b-text-media_txt editor\"><h2 id=\"4-beds-room\">4 BEDS ROOM<\/h2>\n<p><img decoding=\"async\" class=\"wp-image-126 size-full alignleft\" src=\"https:\/\/fiap.paris\/wp-content\/uploads\/2022\/09\/icon_rose_sansfond_femme.svg\" alt=\"\" width=\"16\" height=\"17\" \/><span style=\"color: #10a0fa;\"><img decoding=\"async\" class=\"wp-image-128 size-full alignleft\" src=\"https:\/\/fiap.paris\/wp-content\/uploads\/2022\/09\/icon_rose_sansfond_homme.svg\" alt=\"\" width=\"16\" height=\"17\" \/><span style=\"color: #e96279;\">4 personnes max<\/span><\/span><\/p>\n<p class=\"p1\">In this private room for 4 people, enjoy the comfort of 2 shower rooms and a large central space.<br \/>\n<span class=\"Apple-converted-space\">&nbsp;<\/span><\/p>\n<p><img decoding=\"async\" class=\"alignnone wp-image-4278 size-full\" src=\"https:\/\/www.fiap.paris\/wp-content\/uploads\/2023\/01\/Picto-rose.png\" alt=\"\" width=\"553\" height=\"105\" \/><\/p>\n<p><a class=\"btn btn-c1\" href=\"#\">Check availabilities<\/a><\/p>\n<\/div>\n\t\t\t\t<\/div>\n\t\t\t<\/div>\n\t\t<\/div>\n\t<\/div>\n<\/section>\n\n\n\n\n\n<section class=\"b-text-media spc-s2 tpl-t2 bg-cw\" id='block_dc825b50bce4249cb69d484545e6081b' data-aos=\"fade\">\n\t<div class='container'>\n\t\t<div class=\"row gy-5\">\n\t\t\t<div class=\"col-lg-6 \">\n\t\t\t\t<div class=\"b-text-media_swiper swiper \" swiper-type='1'>\n\t\t\t\t\t<div class=\"b-text-media_wrp swiper-wrapper\">\n\t\t\t\t\t\t\t\t\t\t\t\t\t\n<div class=\"c-slide-media_slide swiper-slide\">\n\t\t\t<figure class=\"c-slide-media_img rt-full \">\n\t\t\t<img decoding=\"async\" class=\"c-slide-media_med cover\" loading='lazy' alt=\"youth-accommodations\" src=\"https:\/\/www.fiap.paris\/wp-content\/uploads\/2022\/10\/Web-Chambres-partages-FIAP-1024x684.jpg\" width=\"100%\" height=\"100%\" srcset=\"https:\/\/www.fiap.paris\/wp-content\/uploads\/2022\/10\/Web-Chambres-partages-FIAP-1024x684.jpg 1024w, https:\/\/www.fiap.paris\/wp-content\/uploads\/2022\/10\/Web-Chambres-partages-FIAP-768x513.jpg 768w, https:\/\/www.fiap.paris\/wp-content\/uploads\/2022\/10\/Web-Chambres-partages-FIAP-1536x1025.jpg 1536w, https:\/\/www.fiap.paris\/wp-content\/uploads\/2022\/10\/Web-Chambres-partages-FIAP-2048x1367.jpg 2048w, https:\/\/www.fiap.paris\/wp-content\/uploads\/2022\/10\/Web-Chambres-partages-FIAP-scaled.jpg 1920w\" sizes=\"auto, (max-width: 1024px) 100vw, 1024px\">\t\t\t\t\t\t\t\t\n\t\t<\/figure>\t\n\t<\/div>\t\t\t\t\t\t\t\t\t\t\t\t\t\n<div class=\"c-slide-media_slide swiper-slide\">\n\t\t\t<figure class=\"c-slide-media_img rt-full \">\n\t\t\t<img decoding=\"async\" class=\"c-slide-media_med cover\" loading='lazy' alt=\"youth-accommodations\" src=\"https:\/\/www.fiap.paris\/wp-content\/uploads\/2023\/06\/chambres_10-BD.jpg\" width=\"100%\" height=\"100%\" srcset=\"https:\/\/www.fiap.paris\/wp-content\/uploads\/2023\/06\/chambres_10-BD.jpg 1000w, https:\/\/www.fiap.paris\/wp-content\/uploads\/2023\/06\/chambres_10-BD-768x512.jpg 768w\" sizes=\"auto, (max-width: 1000px) 100vw, 1000px\">\t\t\t\t\t\t\t\t\n\t\t<\/figure>\t\n\t<\/div>\t\t\t\t\t\t\t\t\t\t\t<\/div>\n\t\t\t\t\t\t\t\t\t\t<div class=\"c-navi swiper-navigation-tpl1\">\n\t\t\t\t\t\t<button class=\"navi-prev bi bi-chevron-left\"><\/button>\n\t\t\t\t\t\t<button class=\"navi-next bi bi-chevron-right\"><\/button>\n\t\t\t\t\t<\/div>\n\t\t\t\t\t\t\t\t\t<\/div>\n\t\t\t<\/div>\n\t\t\t<div class='col-lg-5'>\n\t\t\t\t<div class=\"b-text-media_ctn\">\n\t\t\t\t\t<div class=\"b-text-media_txt editor\"><h2 id=\"6-or-7-beds-room\">6 OR 7 BEDS ROOM<\/h2>\n<p><img decoding=\"async\" class=\"wp-image-126 size-full alignleft\" src=\"https:\/\/fiap.paris\/wp-content\/uploads\/2022\/09\/icon_rose_sansfond_femme.svg\" alt=\"\" width=\"16\" height=\"17\" \/><span style=\"color: #10a0fa;\"><img decoding=\"async\" class=\"wp-image-128 size-full alignleft\" src=\"https:\/\/fiap.paris\/wp-content\/uploads\/2022\/09\/icon_rose_sansfond_homme.svg\" alt=\"\" width=\"16\" height=\"17\" \/><span style=\"color: #e96279;\">7 personnes max &#8211; 39 m2<\/span><\/span><\/p>\n<p class=\"p1\">Ideal for school groups or for young people who wish to stay together, these rooms will offer them a secure locker and a space of their own thanks to partition panels.<\/p>\n<p><img decoding=\"async\" class=\"alignnone wp-image-4278 size-full\" src=\"https:\/\/www.fiap.paris\/wp-content\/uploads\/2023\/01\/Picto-rose.png\" alt=\"\" width=\"553\" height=\"105\" \/><\/p>\n<p><a class=\"btn btn-c1\" href=\"#\">Check availabilities<\/a><\/p>\n<\/div>\n\t\t\t\t<\/div>\n\t\t\t<\/div>\n\t\t<\/div>\n\t<\/div>\n<\/section>\n\n\n\n\n\n<section class=\"b-text-media spc-s2 tpl-t3 bg-cw\" id='block_2a8c87a0d5f5304d64507d9b3b25c57b' data-aos=\"fade\">\n\t<div class='container'>\n\t\t<div class=\"row gy-5\">\n\t\t\t<div class=\"col-lg-6 \">\n\t\t\t\t<div class=\"b-text-media_swiper swiper \" >\n\t\t\t\t\t<div class=\"b-text-media_wrp swiper-wrapper\">\n\t\t\t\t\t\t\t\t\t\t\t\t\t\n<div class=\"c-slide-media_slide swiper-slide\">\n\t\t\t<figure class=\"c-slide-media_img rt-1x1 \">\n\t\t\t<img decoding=\"async\" class=\"c-slide-media_med contain\" loading='lazy' alt=\"youth-accommodations\" src=\"https:\/\/www.fiap.paris\/wp-content\/uploads\/2023\/11\/AMeM-993x1024.png\" width=\"100%\" height=\"100%\" srcset=\"https:\/\/www.fiap.paris\/wp-content\/uploads\/2023\/11\/AMeM-993x1024.png 993w, https:\/\/www.fiap.paris\/wp-content\/uploads\/2023\/11\/AMeM-745x768.png 745w, https:\/\/www.fiap.paris\/wp-content\/uploads\/2023\/11\/AMeM-768x792.png 768w, https:\/\/www.fiap.paris\/wp-content\/uploads\/2023\/11\/AMeM-1490x1536.png 1490w, https:\/\/www.fiap.paris\/wp-content\/uploads\/2023\/11\/AMeM-1986x2048.png 1986w\" sizes=\"auto, (max-width: 993px) 100vw, 993px\">\t\t\t\t\t\t\t\t\n\t\t<\/figure>\t\n\t<\/div>\t\t\t\t\t\t\t\t\t\t\t<\/div>\n\t\t\t\t\t\t\t\t\t<\/div>\n\t\t\t<\/div>\n\t\t\t<div class='col-lg-10'>\n\t\t\t\t<div class=\"b-text-media_ctn\">\n\t\t\t\t\t<div class=\"b-text-media_txt editor\"><div id=\"tw-target-text-container\" class=\"tw-ta-container F0azHf tw-nfl\" style=\"text-align: center;\" tabindex=\"0\">\n<pre id=\"tw-target-text\" class=\"tw-data-text tw-text-large tw-ta\" dir=\"ltr\" data-placeholder=\"Traduction\"><span class=\"Y2IQFc\" lang=\"en\">Disabled rooms <\/span>are available upon request.<\/pre>\n<\/div>\n<\/div>\n\t\t\t\t<\/div>\n\t\t\t<\/div>\n\t\t<\/div>\n\t<\/div>\n<\/section>\n\n\n\n\n\n<section class=\"b-timeline spc-s3 tpl-t2 bg-cg\" id='block_27b0e1e5cf0f47fd33cf11d0cfc46853'>\n\t<div class='container' data-aos='fade'>\n\t\t<div class=\"gx-0 gy-5\">\n\t\t\t<div class=\"b-timeline_desc\">\n\t\t\t\t\n<header class=\"c-heading\">\n            <h2 class=\"c-heading_ttl \" class=\"c-heading_ttl \" id=\"some-extras\">SOME EXTRAS<\/h2>\n        \n    <\/header>\t\t\t\t<div class=\"c-navi swiper-navigation-tpl2\">\n\t\t\t\t\t<button class=\"navi-prev bi bi-chevron-left\"><\/button>\n\t\t\t\t\t<button class=\"navi-next bi bi-chevron-right\"><\/button>\n\t\t\t\t<\/div>\t\n\t\t\t<\/div>\n\t\t\t<div class='b-timeline_items_col'>\n\t\t\t\t<div class=\"b-timeline_items\">\n\t\t\t\t\t<div class=\"swiper\" swiper-type='2'>\n\t\t\t\t\t\t<div class=\"swiper-wrapper\">\n\t\t\t\t\t\t\t\t\t\t\t\t\t\t\t<div class=\"swiper-slide\">\n\t\t\t\t\t\t\t\t\t<div class=\"b-timeline_item\">\n\t\t\t\t\t\t\t\t\t\t<div class=\"b-timeline_item-wrp\">\n\t\t\t\t\t\t\t\t\t\t\t<div class=\"rt-custom\">\n\t\t\t\t\t\t\t\t\t\t\t\t\t\t\t\t\t\t\t\t\t\t\t\t\t<img decoding=\"async\" class=\"b-timeline_item-med\" loading='lazy' alt=\"youth-accommodations\" src=\"https:\/\/www.fiap.paris\/wp-content\/uploads\/2022\/10\/icon_rose_croissant.svg\" width=\"100%\" height=\"100%\" srcset=\"\" sizes=\"auto, (max-width: 1024px) 100vw, 1024px\">\n\t\t\t\t\t\t\t\t\t\t\t\t\t\t\t\t\t\t\t\t\t\t\t\t\t\t\t\t\t\t\t\t\t\t\t<\/div>\t\n\t\t\t\t\t\t\t\t\t\t\t<div class=\"b-timeline_item-desc\">\n\t\t\t\t\t\t\t\t\t\t\t\t<h3 class=\"b-timeline_item-subttl\" class=\"b-timeline_item-subttl\" id=\"free-breakfast\">Free Breakfast<\/h3>\t\t\t\t\t\t\t\t\t\t\t\t<div class=\"b-timeline_item-txt\">Breakfast offered for each night in one of our catering areas.<br \/>\r\n<\/div>\t\t\t\t\t\t\t\t\t\t\t<\/div>\t\t\n\t\t\t\t\t\t\t\t\t\t<\/div>\n\t\t\t\t\t\t\t\t\t<\/div>\n\t\t\t\t\t\t\t\t<\/div>\n\t\t\t\t\t\t\t\t\t\t\t\t\t\t\t<div class=\"swiper-slide\">\n\t\t\t\t\t\t\t\t\t<div class=\"b-timeline_item\">\n\t\t\t\t\t\t\t\t\t\t<div class=\"b-timeline_item-wrp\">\n\t\t\t\t\t\t\t\t\t\t\t<div class=\"rt-custom\">\n\t\t\t\t\t\t\t\t\t\t\t\t\t\t\t\t\t\t\t\t\t\t\t\t\t<img decoding=\"async\" class=\"b-timeline_item-med\" loading='lazy' alt=\"youth-accommodations\" src=\"https:\/\/www.fiap.paris\/wp-content\/uploads\/2022\/10\/icon_rose_securite-1.svg\" width=\"100%\" height=\"100%\" srcset=\"\" sizes=\"auto, (max-width: 1024px) 100vw, 1024px\">\n\t\t\t\t\t\t\t\t\t\t\t\t\t\t\t\t\t\t\t\t\t\t\t\t\t\t\t\t\t\t\t\t\t\t\t<\/div>\t\n\t\t\t\t\t\t\t\t\t\t\t<div class=\"b-timeline_item-desc\">\n\t\t\t\t\t\t\t\t\t\t\t\t<h3 class=\"b-timeline_item-subttl\" class=\"b-timeline_item-subttl\" id=\"security\">Security<\/h3>\t\t\t\t\t\t\t\t\t\t\t\t<div class=\"b-timeline_item-txt\">Reception open 24 hours a day and secure with controlled access.<\/div>\t\t\t\t\t\t\t\t\t\t\t<\/div>\t\t\n\t\t\t\t\t\t\t\t\t\t<\/div>\n\t\t\t\t\t\t\t\t\t<\/div>\n\t\t\t\t\t\t\t\t<\/div>\n\t\t\t\t\t\t\t\t\t\t\t\t\t\t\t<div class=\"swiper-slide\">\n\t\t\t\t\t\t\t\t\t<div class=\"b-timeline_item\">\n\t\t\t\t\t\t\t\t\t\t<div class=\"b-timeline_item-wrp\">\n\t\t\t\t\t\t\t\t\t\t\t<div class=\"rt-custom\">\n\t\t\t\t\t\t\t\t\t\t\t\t\t\t\t\t\t\t\t\t\t\t\t\t\t<img decoding=\"async\" class=\"b-timeline_item-med\" loading='lazy' alt=\"youth-accommodations\" src=\"https:\/\/www.fiap.paris\/wp-content\/uploads\/2022\/10\/icon_rose_equipement-1.svg\" width=\"100%\" height=\"100%\" srcset=\"\" sizes=\"auto, (max-width: 1024px) 100vw, 1024px\">\n\t\t\t\t\t\t\t\t\t\t\t\t\t\t\t\t\t\t\t\t\t\t\t\t\t\t\t\t\t\t\t\t\t\t\t<\/div>\t\n\t\t\t\t\t\t\t\t\t\t\t<div class=\"b-timeline_item-desc\">\n\t\t\t\t\t\t\t\t\t\t\t\t<h3 class=\"b-timeline_item-subttl\" class=\"b-timeline_item-subttl\" id=\"a-multitude-of-services\">A multitude of services<\/h3>\t\t\t\t\t\t\t\t\t\t\t\t<div class=\"b-timeline_item-txt\">Laundromat, mini-shops, table football, etc.<\/div>\t\t\t\t\t\t\t\t\t\t\t<\/div>\t\t\n\t\t\t\t\t\t\t\t\t\t<\/div>\n\t\t\t\t\t\t\t\t\t<\/div>\n\t\t\t\t\t\t\t\t<\/div>\n\t\t\t\t\t\t\t\t\t\t\t\t\t\t\t<div class=\"swiper-slide\">\n\t\t\t\t\t\t\t\t\t<div class=\"b-timeline_item\">\n\t\t\t\t\t\t\t\t\t\t<div class=\"b-timeline_item-wrp\">\n\t\t\t\t\t\t\t\t\t\t\t<div class=\"rt-custom\">\n\t\t\t\t\t\t\t\t\t\t\t\t\t\t\t\t\t\t\t\t\t\t\t\t\t<img decoding=\"async\" class=\"b-timeline_item-med\" loading='lazy' alt=\"youth-accommodations\" src=\"https:\/\/www.fiap.paris\/wp-content\/uploads\/2022\/10\/icon_rose_guitare.svg\" width=\"100%\" height=\"100%\" srcset=\"\" sizes=\"auto, (max-width: 1024px) 100vw, 1024px\">\n\t\t\t\t\t\t\t\t\t\t\t\t\t\t\t\t\t\t\t\t\t\t\t\t\t\t\t\t\t\t\t\t\t\t\t<\/div>\t\n\t\t\t\t\t\t\t\t\t\t\t<div class=\"b-timeline_item-desc\">\n\t\t\t\t\t\t\t\t\t\t\t\t<h3 class=\"b-timeline_item-subttl\" class=\"b-timeline_item-subttl\" id=\"youth-room\">Youth room<\/h3>\t\t\t\t\t\t\t\t\t\t\t\t<div class=\"b-timeline_item-txt\">A room full of technology and games dedicated to young people.<br \/>\r\n<\/div>\t\t\t\t\t\t\t\t\t\t\t<\/div>\t\t\n\t\t\t\t\t\t\t\t\t\t<\/div>\n\t\t\t\t\t\t\t\t\t<\/div>\n\t\t\t\t\t\t\t\t<\/div>\n\t\t\t\t\t\t\t\t\t\t\t\t\t<\/div>\n\t\t\t\t\t<\/div>\n\t\t\t\t<\/div>\n\t\t\t<\/div>\n\t\t<\/div>\n\t<\/div>\n<\/section>\n\n\n\n\n\n<section class=\"b-banner spc-s2 bg-c2\" id='block_b7c7d02e4a383a426d634f46e3c26ced' data-aos='fade'> \n\t<div class=\"container\">\n\t\t<div class=\"row\">\n\t\t\t<div class=\"col-lg-8 col-sm-12\">\n\t\t\t\t\n<header class=\"c-heading\">\n        \n            <div class=\"c-heading_desc editor\"><h2 style=\"text-align: center;\" style=\"text-align: center;\" id=\"book-now\"><span style=\"color: #202967;\">BOOK NOW<\/span><\/h2>\n<h2 style=\"text-align: center;\" style=\"text-align: center;\" id=\"stay-in-one-of-our-rooms\">Stay in one of our rooms<\/h2>\n<p style=\"text-align: center;\"><a class=\"btn btn-c1\" href=\"https:\/\/online.bookvisit.com\/R?channelId=bc6ee1e9-07b3-4a5e-9b4e-2844dc99a51e&amp;initialPath=%2Faccommodation#\/accommodation\">Booking<\/a><\/p>\n<\/div>\n    <\/header>\t\t\t\t\t\t\t<\/div>\n\t\t<\/div>\n\t\t\t\t\t<figure class=\"b-banner_bg bg-wrp contain  container\">\n\t\t\t\t<img decoding=\"async\" class='b-banner_med' loading='lazy' alt=\"youth-accommodations\" src=\"https:\/\/www.fiap.paris\/wp-content\/uploads\/2022\/10\/fille-qui-parle-banniere.png\" width=\"100%\" height=\"100%\" srcset=\"\" sizes=\"auto, (max-width: 170px) 100vw, 170px\">\t\t\t<\/figure>\n\t\t\t\t<\/div>\n\t<\/div>\n<\/section>\n\n","protected":false},"excerpt":{"rendered":"","protected":false},"author":1,"featured_media":0,"parent":2428,"menu_order":0,"comment_status":"closed","ping_status":"closed","template":"","meta":{"_acf_changed":false,"inline_featured_image":false,"footnotes":""},"class_list":["post-2432","page","type-page","status-publish","hentry"],"acf":[],"yoast_head":"<!-- This site is optimized with the Yoast SEO plugin v27.4 - https:\/\/yoast.com\/product\/yoast-seo-wordpress\/ -->\n<title>Fiap Paris<\/title>\n<meta name=\"robots\" content=\"index, follow, max-snippet:-1, max-image-preview:large, max-video-preview:-1\" \/>\n<link rel=\"canonical\" href=\"https:\/\/www.fiap.paris\/en\/fiap-youth\/youth-accommodations\/\" \/>\n<meta property=\"og:locale\" content=\"en_US\" \/>\n<meta property=\"og:type\" content=\"article\" \/>\n<meta property=\"og:title\" content=\"Youth Accommodations - Fiap Paris\" \/>\n<meta property=\"og:url\" content=\"https:\/\/www.fiap.paris\/en\/fiap-youth\/youth-accommodations\/\" \/>\n<meta property=\"og:site_name\" content=\"Fiap Paris\" \/>\n<meta property=\"article:modified_time\" content=\"2024-04-08T14:25:28+00:00\" \/>\n<meta name=\"twitter:card\" content=\"summary_large_image\" \/>\n<script type=\"application\/ld+json\" class=\"yoast-schema-graph\">{\"@context\":\"https:\\\/\\\/schema.org\",\"@graph\":[{\"@type\":\"WebPage\",\"@id\":\"https:\\\/\\\/www.fiap.paris\\\/en\\\/fiap-youth\\\/youth-accommodations\\\/\",\"url\":\"https:\\\/\\\/www.fiap.paris\\\/en\\\/fiap-youth\\\/youth-accommodations\\\/\",\"name\":\"Youth Accommodations - Fiap Paris\",\"isPartOf\":{\"@id\":\"https:\\\/\\\/www.fiap.paris\\\/en\\\/#website\"},\"datePublished\":\"2022-10-24T14:37:30+00:00\",\"dateModified\":\"2024-04-08T14:25:28+00:00\",\"breadcrumb\":{\"@id\":\"https:\\\/\\\/www.fiap.paris\\\/en\\\/fiap-youth\\\/youth-accommodations\\\/#breadcrumb\"},\"inLanguage\":\"en-US\",\"potentialAction\":[{\"@type\":\"ReadAction\",\"target\":[\"https:\\\/\\\/www.fiap.paris\\\/en\\\/fiap-youth\\\/youth-accommodations\\\/\"]}]},{\"@type\":\"BreadcrumbList\",\"@id\":\"https:\\\/\\\/www.fiap.paris\\\/en\\\/fiap-youth\\\/youth-accommodations\\\/#breadcrumb\",\"itemListElement\":[{\"@type\":\"ListItem\",\"position\":1,\"name\":\"Accueil\",\"item\":\"https:\\\/\\\/www.fiap.paris\\\/en\\\/\"},{\"@type\":\"ListItem\",\"position\":2,\"name\":\"Fiap Youth\",\"item\":\"https:\\\/\\\/www.fiap.paris\\\/en\\\/fiap-youth\\\/\"},{\"@type\":\"ListItem\",\"position\":3,\"name\":\"Youth Accommodations\"}]},{\"@type\":\"WebSite\",\"@id\":\"https:\\\/\\\/www.fiap.paris\\\/en\\\/#website\",\"url\":\"https:\\\/\\\/www.fiap.paris\\\/en\\\/\",\"name\":\"Fiap Paris\",\"description\":\"H\u00e9bergement et S\u00e9minaires \u00e0 Paris\",\"potentialAction\":[{\"@type\":\"SearchAction\",\"target\":{\"@type\":\"EntryPoint\",\"urlTemplate\":\"https:\\\/\\\/www.fiap.paris\\\/en\\\/?s={search_term_string}\"},\"query-input\":{\"@type\":\"PropertyValueSpecification\",\"valueRequired\":true,\"valueName\":\"search_term_string\"}}],\"inLanguage\":\"en-US\"}]}<\/script>\n<!-- \/ Yoast SEO plugin. -->","yoast_head_json":{"title":"Fiap Paris","robots":{"index":"index","follow":"follow","max-snippet":"max-snippet:-1","max-image-preview":"max-image-preview:large","max-video-preview":"max-video-preview:-1"},"canonical":"https:\/\/www.fiap.paris\/en\/fiap-youth\/youth-accommodations\/","og_locale":"en_US","og_type":"article","og_title":"Youth Accommodations - Fiap Paris","og_url":"https:\/\/www.fiap.paris\/en\/fiap-youth\/youth-accommodations\/","og_site_name":"Fiap Paris","article_modified_time":"2024-04-08T14:25:28+00:00","twitter_card":"summary_large_image","schema":{"@context":"https:\/\/schema.org","@graph":[{"@type":"WebPage","@id":"https:\/\/www.fiap.paris\/en\/fiap-youth\/youth-accommodations\/","url":"https:\/\/www.fiap.paris\/en\/fiap-youth\/youth-accommodations\/","name":"Youth Accommodations - Fiap Paris","isPartOf":{"@id":"https:\/\/www.fiap.paris\/en\/#website"},"datePublished":"2022-10-24T14:37:30+00:00","dateModified":"2024-04-08T14:25:28+00:00","breadcrumb":{"@id":"https:\/\/www.fiap.paris\/en\/fiap-youth\/youth-accommodations\/#breadcrumb"},"inLanguage":"en-US","potentialAction":[{"@type":"ReadAction","target":["https:\/\/www.fiap.paris\/en\/fiap-youth\/youth-accommodations\/"]}]},{"@type":"BreadcrumbList","@id":"https:\/\/www.fiap.paris\/en\/fiap-youth\/youth-accommodations\/#breadcrumb","itemListElement":[{"@type":"ListItem","position":1,"name":"Accueil","item":"https:\/\/www.fiap.paris\/en\/"},{"@type":"ListItem","position":2,"name":"Fiap Youth","item":"https:\/\/www.fiap.paris\/en\/fiap-youth\/"},{"@type":"ListItem","position":3,"name":"Youth Accommodations"}]},{"@type":"WebSite","@id":"https:\/\/www.fiap.paris\/en\/#website","url":"https:\/\/www.fiap.paris\/en\/","name":"Fiap Paris","description":"H\u00e9bergement et S\u00e9minaires \u00e0 Paris","potentialAction":[{"@type":"SearchAction","target":{"@type":"EntryPoint","urlTemplate":"https:\/\/www.fiap.paris\/en\/?s={search_term_string}"},"query-input":{"@type":"PropertyValueSpecification","valueRequired":true,"valueName":"search_term_string"}}],"inLanguage":"en-US"}]}},"_links":{"self":[{"href":"https:\/\/www.fiap.paris\/en\/wp-json\/wp\/v2\/pages\/2432","targetHints":{"allow":["GET"]}}],"collection":[{"href":"https:\/\/www.fiap.paris\/en\/wp-json\/wp\/v2\/pages"}],"about":[{"href":"https:\/\/www.fiap.paris\/en\/wp-json\/wp\/v2\/types\/page"}],"author":[{"embeddable":true,"href":"https:\/\/www.fiap.paris\/en\/wp-json\/wp\/v2\/users\/1"}],"replies":[{"embeddable":true,"href":"https:\/\/www.fiap.paris\/en\/wp-json\/wp\/v2\/comments?post=2432"}],"version-history":[{"count":5,"href":"https:\/\/www.fiap.paris\/en\/wp-json\/wp\/v2\/pages\/2432\/revisions"}],"predecessor-version":[{"id":24037,"href":"https:\/\/www.fiap.paris\/en\/wp-json\/wp\/v2\/pages\/2432\/revisions\/24037"}],"up":[{"embeddable":true,"href":"https:\/\/www.fiap.paris\/en\/wp-json\/wp\/v2\/pages\/2428"}],"wp:attachment":[{"href":"https:\/\/www.fiap.paris\/en\/wp-json\/wp\/v2\/media?parent=2432"}],"curies":[{"name":"wp","href":"https:\/\/api.w.org\/{rel}","templated":true}]}}