{"id":2434,"date":"2022-10-24T19:39:45","date_gmt":"2022-10-24T17:39:45","guid":{"rendered":"https:\/\/fiap.paris\/fiap-jeune\/restauration\/"},"modified":"2025-10-06T15:30:58","modified_gmt":"2025-10-06T13:30:58","slug":"catering","status":"publish","type":"page","link":"https:\/\/www.fiap.paris\/en\/fiap-youth\/catering\/","title":{"rendered":"Catering"},"content":{"rendered":"\n\n<section class=\"b-hero-sm bg-c7\" id='block_8ed540a4198bfd16b54ed9455c1821b9'>\n\t<div class=\"container\" data-aos=\"fade\" data-aos-delay=\"150\">\n\t\t<div class=\"b-hero-sm_wrp\">\n\t\t\t<div class=\"b-hero-sm_ctn col-lg-5\">\n\t\t\t\t<h1 class=\"b-hero-sm_ttl\" class=\"b-hero-sm_ttl\" id=\"catering\">Catering<\/h1>\t\t\t\t<span class=\"b-hero-sm_subttl\">A complete catering offer in a rare green setting in the heart of the 14th arrondissement.<\/span>\t\t\t<\/div>\n\t\t<\/div>\n\t\t\t\t\t\t<figure class=\"b-hero-sm_bg bg-wrp contain  container\">\n\t\t\t\t\t<img decoding=\"async\" class='b-hero-sm_med' data-aos=\"fade-right\" data-aos-delay=\"150\" loading='lazy' alt=\"catering\" src=\"https:\/\/www.fiap.paris\/wp-content\/uploads\/2022\/11\/shutterstock_2000953967-1.png\" width=\"100%\" height=\"100%\" srcset=\"https:\/\/www.fiap.paris\/wp-content\/uploads\/2022\/11\/shutterstock_2000953967-1.png 1855w, https:\/\/www.fiap.paris\/wp-content\/uploads\/2022\/11\/shutterstock_2000953967-1-742x768.png 742w, https:\/\/www.fiap.paris\/wp-content\/uploads\/2022\/11\/shutterstock_2000953967-1-989x1024.png 989w, https:\/\/www.fiap.paris\/wp-content\/uploads\/2022\/11\/shutterstock_2000953967-1-768x795.png 768w, https:\/\/www.fiap.paris\/wp-content\/uploads\/2022\/11\/shutterstock_2000953967-1-1484x1536.png 1484w, https:\/\/www.fiap.paris\/wp-content\/uploads\/2022\/11\/shutterstock_2000953967-1-1979x2048.png 1979w\" sizes=\"auto, (max-width: 1855px) 100vw, 1855px\">\t\t\t\t<\/figure>\n\t\t\t<\/div>\n<\/section>\n\n\n\n\n\n<section class=\"b-tinymce spc-s2 bg-cw column1\" id='block_84902e6000d1a073ff51f375f0b8a598'>\n\t<div class=\"b-tinymce_wrp container   bg-cw\">\n\n\t\t<div class=\"b-tinymce_ctn\" data-aos=\"fade\">\n\t\t\t\t\n\n\t\t\t\t\t\t\t<div class=\"row mobile gy-5\">\n\t\t\t\t\t<div class=\"col-10\">\n\t\t\t\t\t\t<div class=\"b-tinymce_content-txt editor bg-cw\">\n\t\t\t\t\t\t\t<h1 style=\"text-align: center;\">A LARGE CATERING<br \/>\n<span style=\"color: #e96279;\">OFFER<\/span><\/h2>\n<p style=\"text-align: center;\"><span style=\"font-weight: 400;\">We will welcome you whether you are staying or just passing through FIAP, breakfast, lunch, afternoon tea, dinner&#8230;<\/span><\/p>\n<p style=\"text-align: center;\"><span style=\"font-weight: 400;\">Our self-service restaurant is open for all !<br \/>\n&nbsp;<\/span><\/p>\n\t\t\t\t\t\t<\/div>\n\t\t\t\t\t<\/div>\n\t\t\t\t<\/div>\n\n\t\t\t\t\t<\/div>\n\n\t\t\t\t\n\t<\/div>\n<\/section>\n\n\n\n\n\n<section class=\"b-text-media spc-s2 tpl-t1 bg-cw\" id='block_f9f9b29e15c82a386ffa26406111b5e4' data-aos=\"fade\">\n\t<div class='container'>\n\t\t<div class=\"row gy-5\">\n\t\t\t<div class=\"col-lg-6 \">\n\t\t\t\t<div class=\"b-text-media_swiper swiper \" swiper-type='1'>\n\t\t\t\t\t<div class=\"b-text-media_wrp swiper-wrapper\">\n\t\t\t\t\t\t\t\t\t\t\t\t\t\n<div class=\"c-slide-media_slide swiper-slide\">\n\t\t\t<figure class=\"c-slide-media_img rt-full \">\n\t\t\t<img decoding=\"async\" class=\"c-slide-media_med cover\" loading='lazy' alt=\"catering\" src=\"https:\/\/www.fiap.paris\/wp-content\/uploads\/2022\/12\/Self_7-1024x683.jpg\" width=\"100%\" height=\"100%\" srcset=\"https:\/\/www.fiap.paris\/wp-content\/uploads\/2022\/12\/Self_7-1024x683.jpg 1024w, https:\/\/www.fiap.paris\/wp-content\/uploads\/2022\/12\/Self_7-768x512.jpg 768w, https:\/\/www.fiap.paris\/wp-content\/uploads\/2022\/12\/Self_7-1536x1024.jpg 1536w, https:\/\/www.fiap.paris\/wp-content\/uploads\/2022\/12\/Self_7-2048x1365.jpg 2048w\" sizes=\"auto, (max-width: 1024px) 100vw, 1024px\">\t\t\t\t\t\t\t\t\n\t\t<\/figure>\t\n\t<\/div>\t\t\t\t\t\t\t\t\t\t\t\t\t\n<div class=\"c-slide-media_slide swiper-slide\">\n\t\t\t<figure class=\"c-slide-media_img rt-full \">\n\t\t\t<img decoding=\"async\" class=\"c-slide-media_med cover\" loading='lazy' alt=\"catering\" src=\"https:\/\/www.fiap.paris\/wp-content\/uploads\/2023\/04\/Pause-Gourmande-Vienoiserie-1-1024x683.jpg\" width=\"100%\" height=\"100%\" srcset=\"https:\/\/www.fiap.paris\/wp-content\/uploads\/2023\/04\/Pause-Gourmande-Vienoiserie-1-1024x683.jpg 1024w, https:\/\/www.fiap.paris\/wp-content\/uploads\/2023\/04\/Pause-Gourmande-Vienoiserie-1-768x512.jpg 768w, https:\/\/www.fiap.paris\/wp-content\/uploads\/2023\/04\/Pause-Gourmande-Vienoiserie-1-1536x1024.jpg 1536w, https:\/\/www.fiap.paris\/wp-content\/uploads\/2023\/04\/Pause-Gourmande-Vienoiserie-1.jpg 1920w\" sizes=\"auto, (max-width: 1024px) 100vw, 1024px\">\t\t\t\t\t\t\t\t\n\t\t<\/figure>\t\n\t<\/div>\t\t\t\t\t\t\t\t\t\t\t<\/div>\n\t\t\t\t\t\t\t\t\t\t<div class=\"c-navi swiper-navigation-tpl1\">\n\t\t\t\t\t\t<button class=\"navi-prev bi bi-chevron-left\"><\/button>\n\t\t\t\t\t\t<button class=\"navi-next bi bi-chevron-right\"><\/button>\n\t\t\t\t\t<\/div>\n\t\t\t\t\t\t\t\t\t<\/div>\n\t\t\t<\/div>\n\t\t\t<div class='col-lg-5'>\n\t\t\t\t<div class=\"b-text-media_ctn\">\n\t\t\t\t\t<div class=\"b-text-media_txt editor\"><p><span style=\"font-weight: 400;\">A food and a beverage offer will be available, if you come in a group, alone or with your family, in our Cocagne space composed of a bar and a self-service restaurant open on a terrace furnished with tables, chairs and parasols.<\/span><\/p>\n<ul>\n<li>Breakfast : 6h45am to 09h00am<\/li>\n<li>Lunch: 11h45am to 01h45pm<\/li>\n<li>Dinner: 6h30pm to 08h30pm<\/li>\n<\/ul>\n<\/div>\n\t\t\t\t<\/div>\n\t\t\t<\/div>\n\t\t<\/div>\n\t<\/div>\n<\/section>\n\n\n\n\n\n<section class=\"b-text-media spc-s2 tpl-t2 bg-cw\" id='block_989b16047f7c659231cc4751fc6d0993' data-aos=\"fade\">\n\t<div class='container'>\n\t\t<div class=\"row gy-5\">\n\t\t\t<div class=\"col-lg-6 \">\n\t\t\t\t<div class=\"b-text-media_swiper swiper \" swiper-type='1'>\n\t\t\t\t\t<div class=\"b-text-media_wrp swiper-wrapper\">\n\t\t\t\t\t\t\t\t\t\t\t\t\t\n<div class=\"c-slide-media_slide swiper-slide\">\n\t\t\t<figure class=\"c-slide-media_img rt-full \">\n\t\t\t<img decoding=\"async\" class=\"c-slide-media_med cover\" loading='lazy' alt=\"catering\" src=\"https:\/\/www.fiap.paris\/wp-content\/uploads\/2024\/07\/terasse-1024x683.jpg\" width=\"100%\" height=\"100%\" srcset=\"https:\/\/www.fiap.paris\/wp-content\/uploads\/2024\/07\/terasse-1024x683.jpg 1024w, https:\/\/www.fiap.paris\/wp-content\/uploads\/2024\/07\/terasse-768x512.jpg 768w, https:\/\/www.fiap.paris\/wp-content\/uploads\/2024\/07\/terasse-1536x1024.jpg 1536w, https:\/\/www.fiap.paris\/wp-content\/uploads\/2024\/07\/terasse.jpg 1920w\" sizes=\"auto, (max-width: 1024px) 100vw, 1024px\">\t\t\t\t\t\t\t\t\n\t\t<\/figure>\t\n\t<\/div>\t\t\t\t\t\t\t\t\t\t\t\t\t\n<div class=\"c-slide-media_slide swiper-slide\">\n\t\t\t<figure class=\"c-slide-media_img rt-full \">\n\t\t\t<img decoding=\"async\" class=\"c-slide-media_med cover\" loading='lazy' alt=\"catering\" src=\"https:\/\/www.fiap.paris\/wp-content\/uploads\/2022\/12\/WEB_20220910_FIAP_AVEC_RETOUCHE-9646-1024x683.jpg\" width=\"100%\" height=\"100%\" srcset=\"https:\/\/www.fiap.paris\/wp-content\/uploads\/2022\/12\/WEB_20220910_FIAP_AVEC_RETOUCHE-9646-1024x683.jpg 1024w, https:\/\/www.fiap.paris\/wp-content\/uploads\/2022\/12\/WEB_20220910_FIAP_AVEC_RETOUCHE-9646-768x512.jpg 768w, https:\/\/www.fiap.paris\/wp-content\/uploads\/2022\/12\/WEB_20220910_FIAP_AVEC_RETOUCHE-9646-1536x1024.jpg 1536w, https:\/\/www.fiap.paris\/wp-content\/uploads\/2022\/12\/WEB_20220910_FIAP_AVEC_RETOUCHE-9646.jpg 1920w\" sizes=\"auto, (max-width: 1024px) 100vw, 1024px\">\t\t\t\t\t\t\t\t\n\t\t<\/figure>\t\n\t<\/div>\t\t\t\t\t\t\t\t\t\t\t<\/div>\n\t\t\t\t\t\t\t\t\t\t<div class=\"c-navi swiper-navigation-tpl1\">\n\t\t\t\t\t\t<button class=\"navi-prev bi bi-chevron-left\"><\/button>\n\t\t\t\t\t\t<button class=\"navi-next bi bi-chevron-right\"><\/button>\n\t\t\t\t\t<\/div>\n\t\t\t\t\t\t\t\t\t<\/div>\n\t\t\t<\/div>\n\t\t\t<div class='col-lg-5'>\n\t\t\t\t<div class=\"b-text-media_ctn\">\n\t\t\t\t\t<div class=\"b-text-media_txt editor\"><p><span style=\"font-weight: 400;\">Whatever your desires, we have something to satisfy you with our menus! So contact us, we&#8217;ll take care of helping you organize your stay thanks to our booking experts!<br \/>\n&nbsp;<\/span><\/p>\n<p><a class=\"btn btn-c1\" href=\"https:\/\/acrobat.adobe.com\/id\/urn:aaid:sc:EU:bf05be52-71da-42bf-b497-643884d2507f\" target=\"_blank\" rel=\"noopener\">DOWNLOAD OUR OFFER TO GET AN IDEA!<\/a><\/p>\n<\/div>\n\t\t\t\t<\/div>\n\t\t\t<\/div>\n\t\t<\/div>\n\t<\/div>\n<\/section>\n\n\n\n\n\n<section class=\"b-banner spc-s2 bg-c2\" id='block_0cb9aa9cb79f30113dd663a95536577e' data-aos='fade'> \n\t<div class=\"container\">\n\t\t<div class=\"row\">\n\t\t\t<div class=\"col-lg-8 col-sm-12\">\n\t\t\t\t\n<header class=\"c-heading\">\n        \n            <div class=\"c-heading_desc editor\"><h2 style=\"text-align: center;\" style=\"text-align: center;\" id=\"book-now\"><span style=\"color: #202967;\">BOOK NOW<\/span><\/h2>\n<h2 style=\"text-align: center;\" style=\"text-align: center;\" id=\"stay-in-one-of-our-rooms\">Stay in one of our rooms<\/h2>\n<p style=\"text-align: center;\"><a class=\"btn btn-c1\" href=\"https:\/\/online.bookvisit.com\/R?channelId=bc6ee1e9-07b3-4a5e-9b4e-2844dc99a51e&amp;initialPath=%2Faccommodation#\/accommodation\">Booking<\/a><\/p>\n<\/div>\n    <\/header>\t\t\t\t\t\t\t<\/div>\n\t\t<\/div>\n\t\t\t\t\t<figure class=\"b-banner_bg bg-wrp contain  container\">\n\t\t\t\t<img decoding=\"async\" class='b-banner_med' loading='lazy' alt=\"catering\" src=\"https:\/\/www.fiap.paris\/wp-content\/uploads\/2022\/10\/fille-qui-parle-banniere.png\" width=\"100%\" height=\"100%\" srcset=\"\" sizes=\"auto, (max-width: 170px) 100vw, 170px\">\t\t\t<\/figure>\n\t\t\t\t<\/div>\n\t<\/div>\n<\/section>\n\n","protected":false},"excerpt":{"rendered":"","protected":false},"author":1,"featured_media":0,"parent":2428,"menu_order":0,"comment_status":"closed","ping_status":"closed","template":"","meta":{"_acf_changed":false,"inline_featured_image":false,"footnotes":""},"class_list":["post-2434","page","type-page","status-publish","hentry"],"acf":[],"yoast_head":"<!-- This site is optimized with the Yoast SEO plugin v27.4 - https:\/\/yoast.com\/product\/yoast-seo-wordpress\/ -->\n<title>Fiap Paris<\/title>\n<meta name=\"robots\" content=\"index, follow, max-snippet:-1, max-image-preview:large, max-video-preview:-1\" \/>\n<link rel=\"canonical\" href=\"https:\/\/www.fiap.paris\/en\/fiap-youth\/catering\/\" \/>\n<meta property=\"og:locale\" content=\"en_US\" \/>\n<meta property=\"og:type\" content=\"article\" \/>\n<meta property=\"og:title\" content=\"Catering - Fiap Paris\" \/>\n<meta property=\"og:url\" content=\"https:\/\/www.fiap.paris\/en\/fiap-youth\/catering\/\" \/>\n<meta property=\"og:site_name\" content=\"Fiap Paris\" \/>\n<meta property=\"article:modified_time\" content=\"2025-10-06T13:30:58+00:00\" \/>\n<meta name=\"twitter:card\" content=\"summary_large_image\" \/>\n<script type=\"application\/ld+json\" class=\"yoast-schema-graph\">{\"@context\":\"https:\\\/\\\/schema.org\",\"@graph\":[{\"@type\":\"WebPage\",\"@id\":\"https:\\\/\\\/www.fiap.paris\\\/en\\\/fiap-youth\\\/catering\\\/\",\"url\":\"https:\\\/\\\/www.fiap.paris\\\/en\\\/fiap-youth\\\/catering\\\/\",\"name\":\"Catering - Fiap Paris\",\"isPartOf\":{\"@id\":\"https:\\\/\\\/www.fiap.paris\\\/en\\\/#website\"},\"datePublished\":\"2022-10-24T17:39:45+00:00\",\"dateModified\":\"2025-10-06T13:30:58+00:00\",\"breadcrumb\":{\"@id\":\"https:\\\/\\\/www.fiap.paris\\\/en\\\/fiap-youth\\\/catering\\\/#breadcrumb\"},\"inLanguage\":\"en-US\",\"potentialAction\":[{\"@type\":\"ReadAction\",\"target\":[\"https:\\\/\\\/www.fiap.paris\\\/en\\\/fiap-youth\\\/catering\\\/\"]}]},{\"@type\":\"BreadcrumbList\",\"@id\":\"https:\\\/\\\/www.fiap.paris\\\/en\\\/fiap-youth\\\/catering\\\/#breadcrumb\",\"itemListElement\":[{\"@type\":\"ListItem\",\"position\":1,\"name\":\"Accueil\",\"item\":\"https:\\\/\\\/www.fiap.paris\\\/en\\\/\"},{\"@type\":\"ListItem\",\"position\":2,\"name\":\"Fiap Youth\",\"item\":\"https:\\\/\\\/www.fiap.paris\\\/en\\\/fiap-youth\\\/\"},{\"@type\":\"ListItem\",\"position\":3,\"name\":\"Catering\"}]},{\"@type\":\"WebSite\",\"@id\":\"https:\\\/\\\/www.fiap.paris\\\/en\\\/#website\",\"url\":\"https:\\\/\\\/www.fiap.paris\\\/en\\\/\",\"name\":\"Fiap Paris\",\"description\":\"H\u00e9bergement et S\u00e9minaires \u00e0 Paris\",\"potentialAction\":[{\"@type\":\"SearchAction\",\"target\":{\"@type\":\"EntryPoint\",\"urlTemplate\":\"https:\\\/\\\/www.fiap.paris\\\/en\\\/?s={search_term_string}\"},\"query-input\":{\"@type\":\"PropertyValueSpecification\",\"valueRequired\":true,\"valueName\":\"search_term_string\"}}],\"inLanguage\":\"en-US\"}]}<\/script>\n<!-- \/ Yoast SEO plugin. -->","yoast_head_json":{"title":"Fiap Paris","robots":{"index":"index","follow":"follow","max-snippet":"max-snippet:-1","max-image-preview":"max-image-preview:large","max-video-preview":"max-video-preview:-1"},"canonical":"https:\/\/www.fiap.paris\/en\/fiap-youth\/catering\/","og_locale":"en_US","og_type":"article","og_title":"Catering - Fiap Paris","og_url":"https:\/\/www.fiap.paris\/en\/fiap-youth\/catering\/","og_site_name":"Fiap Paris","article_modified_time":"2025-10-06T13:30:58+00:00","twitter_card":"summary_large_image","schema":{"@context":"https:\/\/schema.org","@graph":[{"@type":"WebPage","@id":"https:\/\/www.fiap.paris\/en\/fiap-youth\/catering\/","url":"https:\/\/www.fiap.paris\/en\/fiap-youth\/catering\/","name":"Catering - Fiap Paris","isPartOf":{"@id":"https:\/\/www.fiap.paris\/en\/#website"},"datePublished":"2022-10-24T17:39:45+00:00","dateModified":"2025-10-06T13:30:58+00:00","breadcrumb":{"@id":"https:\/\/www.fiap.paris\/en\/fiap-youth\/catering\/#breadcrumb"},"inLanguage":"en-US","potentialAction":[{"@type":"ReadAction","target":["https:\/\/www.fiap.paris\/en\/fiap-youth\/catering\/"]}]},{"@type":"BreadcrumbList","@id":"https:\/\/www.fiap.paris\/en\/fiap-youth\/catering\/#breadcrumb","itemListElement":[{"@type":"ListItem","position":1,"name":"Accueil","item":"https:\/\/www.fiap.paris\/en\/"},{"@type":"ListItem","position":2,"name":"Fiap Youth","item":"https:\/\/www.fiap.paris\/en\/fiap-youth\/"},{"@type":"ListItem","position":3,"name":"Catering"}]},{"@type":"WebSite","@id":"https:\/\/www.fiap.paris\/en\/#website","url":"https:\/\/www.fiap.paris\/en\/","name":"Fiap Paris","description":"H\u00e9bergement et S\u00e9minaires \u00e0 Paris","potentialAction":[{"@type":"SearchAction","target":{"@type":"EntryPoint","urlTemplate":"https:\/\/www.fiap.paris\/en\/?s={search_term_string}"},"query-input":{"@type":"PropertyValueSpecification","valueRequired":true,"valueName":"search_term_string"}}],"inLanguage":"en-US"}]}},"_links":{"self":[{"href":"https:\/\/www.fiap.paris\/en\/wp-json\/wp\/v2\/pages\/2434","targetHints":{"allow":["GET"]}}],"collection":[{"href":"https:\/\/www.fiap.paris\/en\/wp-json\/wp\/v2\/pages"}],"about":[{"href":"https:\/\/www.fiap.paris\/en\/wp-json\/wp\/v2\/types\/page"}],"author":[{"embeddable":true,"href":"https:\/\/www.fiap.paris\/en\/wp-json\/wp\/v2\/users\/1"}],"replies":[{"embeddable":true,"href":"https:\/\/www.fiap.paris\/en\/wp-json\/wp\/v2\/comments?post=2434"}],"version-history":[{"count":5,"href":"https:\/\/www.fiap.paris\/en\/wp-json\/wp\/v2\/pages\/2434\/revisions"}],"predecessor-version":[{"id":36475,"href":"https:\/\/www.fiap.paris\/en\/wp-json\/wp\/v2\/pages\/2434\/revisions\/36475"}],"up":[{"embeddable":true,"href":"https:\/\/www.fiap.paris\/en\/wp-json\/wp\/v2\/pages\/2428"}],"wp:attachment":[{"href":"https:\/\/www.fiap.paris\/en\/wp-json\/wp\/v2\/media?parent=2434"}],"curies":[{"name":"wp","href":"https:\/\/api.w.org\/{rel}","templated":true}]}}