{"id":2436,"date":"2022-10-24T19:43:24","date_gmt":"2022-10-24T17:43:24","guid":{"rendered":"https:\/\/fiap.paris\/fiap-jeune\/salle-de-cours\/"},"modified":"2023-04-04T13:34:38","modified_gmt":"2023-04-04T11:34:38","slug":"classrooms","status":"publish","type":"page","link":"https:\/\/www.fiap.paris\/en\/fiap-youth\/classrooms\/","title":{"rendered":"Classrooms"},"content":{"rendered":"\n\n<section class=\"b-hero-sm bg-c7\" id='block_3cb4aa3f1a51dd5076dac6617a62ca7c'>\n\t<div class=\"container\" data-aos=\"fade\" data-aos-delay=\"150\">\n\t\t<div class=\"b-hero-sm_wrp\">\n\t\t\t<div class=\"b-hero-sm_ctn col-lg-5\">\n\t\t\t\t<h1 class=\"b-hero-sm_ttl\" class=\"b-hero-sm_ttl\" id=\"classrooms\">Classrooms<\/h1>\t\t\t\t<span class=\"b-hero-sm_subttl\">Rooms suitable for all types of events.<\/span>\t\t\t<\/div>\n\t\t<\/div>\n\t\t\t\t\t\t<figure class=\"b-hero-sm_bg bg-wrp contain  container\">\n\t\t\t\t\t<img decoding=\"async\" class='b-hero-sm_med' data-aos=\"fade-right\" data-aos-delay=\"150\" loading='lazy' alt=\"classrooms\" src=\"https:\/\/www.fiap.paris\/wp-content\/uploads\/2022\/12\/shutterstock_2026218101.png\" width=\"100%\" height=\"100%\" srcset=\"https:\/\/www.fiap.paris\/wp-content\/uploads\/2022\/12\/shutterstock_2026218101.png 1084w, https:\/\/www.fiap.paris\/wp-content\/uploads\/2022\/12\/shutterstock_2026218101-768x504.png 768w, https:\/\/www.fiap.paris\/wp-content\/uploads\/2022\/12\/shutterstock_2026218101-1024x673.png 1024w\" sizes=\"auto, (max-width: 1084px) 100vw, 1084px\">\t\t\t\t<\/figure>\n\t\t\t<\/div>\n<\/section>\n\n\n\n\n\n<section class=\"b-tinymce spc-s2 bg-cw column1\" id='block_1cec294d1a52ec8709cd017cb0388072'>\n\t<div class=\"b-tinymce_wrp container   bg-cw\">\n\n\t\t<div class=\"b-tinymce_ctn\" data-aos=\"fade\">\n\t\t\t\t\n\n\t\t\t\t\t\t\t<div class=\"row mobile gy-5\">\n\t\t\t\t\t<div class=\"col-10\">\n\t\t\t\t\t\t<div class=\"b-tinymce_content-txt editor bg-cw\">\n\t\t\t\t\t\t\t<h1 style=\"text-align: center;\" style=\"text-align: center;\" id=\"find-the-space-that-suits-you-best\">FIND THE SPACE <span style=\"color: #e96279;\">THAT SUITS YOU BEST<\/span><\/h2>\n<p style=\"text-align: center;\">Need a room for a briefing, a seminar or for any other event? We have the space you need.<\/p>\n\t\t\t\t\t\t<\/div>\n\t\t\t\t\t<\/div>\n\t\t\t\t<\/div>\n\n\t\t\t\t\t<\/div>\n\n\t\t\t\t\n\t<\/div>\n<\/section>\n\n\n\n\n\n<section class=\"b-text-media spc-s2 tpl-t2 bg-cw\" id='block_4cc7f716ac4024c943eecb273ab70cd9' data-aos=\"fade\">\n\t<div class='container'>\n\t\t<div class=\"row gy-5\">\n\t\t\t<div class=\"col-lg-6 \">\n\t\t\t\t<div class=\"b-text-media_swiper swiper \" >\n\t\t\t\t\t<div class=\"b-text-media_wrp swiper-wrapper\">\n\t\t\t\t\t\t\t\t\t\t\t\t\t\n<div class=\"c-slide-media_slide swiper-slide\">\n\t\t\t<figure class=\"c-slide-media_img rt-full \">\n\t\t\t<img decoding=\"async\" class=\"c-slide-media_med cover\" loading='lazy' alt=\"classrooms\" src=\"https:\/\/www.fiap.paris\/wp-content\/uploads\/2022\/12\/web-Salle_FIAP-Paris_Dublin.jpeg\" width=\"100%\" height=\"100%\" srcset=\"https:\/\/www.fiap.paris\/wp-content\/uploads\/2022\/12\/web-Salle_FIAP-Paris_Dublin.jpeg 1000w, https:\/\/www.fiap.paris\/wp-content\/uploads\/2022\/12\/web-Salle_FIAP-Paris_Dublin-768x512.jpeg 768w\" sizes=\"auto, (max-width: 1000px) 100vw, 1000px\">\t\t\t\t\t\t\t\t\n\t\t<\/figure>\t\n\t<\/div>\t\t\t\t\t\t\t\t\t\t\t<\/div>\n\t\t\t\t\t\t\t\t\t<\/div>\n\t\t\t<\/div>\n\t\t\t<div class='col-lg-5'>\n\t\t\t\t<div class=\"b-text-media_ctn\">\n\t\t\t\t\t<div class=\"b-text-media_txt editor\"><h2 id=\"rome\"><b>ROME<\/b><\/h2>\n<p><span style=\"color: #f76c86;\"><img decoding=\"async\" class=\"size-full wp-image-2591 alignleft\" src=\"https:\/\/fiap.paris\/wp-content\/uploads\/2022\/12\/icon_rose_sansfond_sieges.svg\" alt=\"\" \/>Room for 16 persons<br \/>\n<\/span><\/p>\n<p><img decoding=\"async\" class=\"size-full wp-image-2594 alignleft\" src=\"https:\/\/fiap.paris\/wp-content\/uploads\/2022\/12\/icon_rose_sansfond_metre.svg\" alt=\"\" \/><span style=\"color: #0dbeb7;\"><span style=\"color: #f76c86;\">Superficie de 23m2<\/span><\/span><\/p>\n<p><a class=\"btn btn-c1\" href=\"https:\/\/www.fiap.paris\/wp-content\/uploads\/2023\/04\/ROME-1.pdf\" target=\"_blank\" rel=\"noopener\">See the technical sheet<br \/>\n<\/a><\/p>\n<\/div>\n\t\t\t\t<\/div>\n\t\t\t<\/div>\n\t\t<\/div>\n\t<\/div>\n<\/section>\n\n\n\n\n\n<section class=\"b-text-media spc-s2 tpl-t1 bg-cw\" id='block_6f0f0c6fb20f03c89c42da9e7b5098d8' data-aos=\"fade\">\n\t<div class='container'>\n\t\t<div class=\"row gy-5\">\n\t\t\t<div class=\"col-lg-6 \">\n\t\t\t\t<div class=\"b-text-media_swiper swiper \" >\n\t\t\t\t\t<div class=\"b-text-media_wrp swiper-wrapper\">\n\t\t\t\t\t\t\t\t\t\t\t\t\t\n<div class=\"c-slide-media_slide swiper-slide\">\n\t\t\t<figure class=\"c-slide-media_img rt-full \">\n\t\t\t<img decoding=\"async\" class=\"c-slide-media_med cover\" loading='lazy' alt=\"classrooms\" src=\"https:\/\/www.fiap.paris\/wp-content\/uploads\/2022\/11\/rio-2-1-1024x540.jpg\" width=\"100%\" height=\"100%\" srcset=\"https:\/\/www.fiap.paris\/wp-content\/uploads\/2022\/11\/rio-2-1-1024x540.jpg 1024w, https:\/\/www.fiap.paris\/wp-content\/uploads\/2022\/11\/rio-2-1-768x405.jpg 768w, https:\/\/www.fiap.paris\/wp-content\/uploads\/2022\/11\/rio-2-1-1536x810.jpg 1536w, https:\/\/www.fiap.paris\/wp-content\/uploads\/2022\/11\/rio-2-1.jpg 1706w\" sizes=\"auto, (max-width: 1024px) 100vw, 1024px\">\t\t\t\t\t\t\t\t\n\t\t<\/figure>\t\n\t<\/div>\t\t\t\t\t\t\t\t\t\t\t<\/div>\n\t\t\t\t\t\t\t\t\t<\/div>\n\t\t\t<\/div>\n\t\t\t<div class='col-lg-5'>\n\t\t\t\t<div class=\"b-text-media_ctn\">\n\t\t\t\t\t<div class=\"b-text-media_txt editor\"><h2 id=\"noumea\">NOUMEA<\/h2>\n<p><span style=\"color: #f76c86;\"><img decoding=\"async\" class=\"size-full wp-image-2591 alignleft\" src=\"https:\/\/fiap.paris\/wp-content\/uploads\/2022\/12\/icon_rose_sansfond_sieges.svg\" alt=\"\" \/>Room for 20 persons<\/span><\/p>\n<p><img decoding=\"async\" class=\"size-full wp-image-2594 alignleft\" src=\"https:\/\/fiap.paris\/wp-content\/uploads\/2022\/12\/icon_rose_sansfond_metre.svg\" alt=\"\" \/><span style=\"color: #f76c86;\">Superficie de XXm2<\/span><\/p>\n<p><a class=\"btn btn-c1\" href=\"https:\/\/www.fiap.paris\/wp-content\/uploads\/2023\/04\/NOUMEA.pdf\" target=\"_blank\" rel=\"noopener\">See the technical sheet<br \/>\n<\/a><\/p>\n<\/div>\n\t\t\t\t<\/div>\n\t\t\t<\/div>\n\t\t<\/div>\n\t<\/div>\n<\/section>\n\n\n\n\n\n<section class=\"b-text-media spc-s2 tpl-t2 bg-cw\" id='block_e36a2c3dfb80ef059f394991f3e6c081' data-aos=\"fade\">\n\t<div class='container'>\n\t\t<div class=\"row gy-5\">\n\t\t\t<div class=\"col-lg-6 \">\n\t\t\t\t<div class=\"b-text-media_swiper swiper \" >\n\t\t\t\t\t<div class=\"b-text-media_wrp swiper-wrapper\">\n\t\t\t\t\t\t\t\t\t\t\t\t\t\n<div class=\"c-slide-media_slide swiper-slide\">\n\t\t\t<figure class=\"c-slide-media_img rt-full \">\n\t\t\t<img decoding=\"async\" class=\"c-slide-media_med cover\" loading='lazy' alt=\"classrooms\" src=\"https:\/\/www.fiap.paris\/wp-content\/uploads\/2022\/12\/Salle_1_Paris-1024x683.jpeg\" width=\"100%\" height=\"100%\" srcset=\"https:\/\/www.fiap.paris\/wp-content\/uploads\/2022\/12\/Salle_1_Paris-1024x683.jpeg 1024w, https:\/\/www.fiap.paris\/wp-content\/uploads\/2022\/12\/Salle_1_Paris-768x512.jpeg 768w, https:\/\/www.fiap.paris\/wp-content\/uploads\/2022\/12\/Salle_1_Paris.jpeg 1500w\" sizes=\"auto, (max-width: 1024px) 100vw, 1024px\">\t\t\t\t\t\t\t\t\n\t\t<\/figure>\t\n\t<\/div>\t\t\t\t\t\t\t\t\t\t\t<\/div>\n\t\t\t\t\t\t\t\t\t<\/div>\n\t\t\t<\/div>\n\t\t\t<div class='col-lg-5'>\n\t\t\t\t<div class=\"b-text-media_ctn\">\n\t\t\t\t\t<div class=\"b-text-media_txt editor\"><h2 id=\"paris\">PARIS<\/h2>\n<p><span style=\"color: #f76c86;\"><img decoding=\"async\" class=\"size-full wp-image-2591 alignleft\" src=\"https:\/\/fiap.paris\/wp-content\/uploads\/2022\/12\/icon_rose_sansfond_sieges.svg\" alt=\"\" \/>Room for 54 to 90 persons<\/span><\/p>\n<p><span style=\"color: #f76c86;\"><img decoding=\"async\" class=\"size-full wp-image-2594 alignleft\" src=\"https:\/\/fiap.paris\/wp-content\/uploads\/2022\/12\/icon_rose_sansfond_metre.svg\" alt=\"\" \/>Superficie de 90m2<\/span><\/p>\n<p><a class=\"btn btn-c1\" href=\"https:\/\/www.fiap.paris\/wp-content\/uploads\/2023\/04\/PARIS.pdf\" target=\"_blank\" rel=\"noopener\">See the technical shehttps:\/\/www.fiap.paris\/wp-content\/uploads\/2023\/04\/ROME-1.pdfet<br \/>\n<\/a><\/p>\n<\/div>\n\t\t\t\t<\/div>\n\t\t\t<\/div>\n\t\t<\/div>\n\t<\/div>\n<\/section>\n\n\n\n\n\n<section class=\"b-media spc-s3 bg-cw\" id='block_78d574f200b6f13177fb2db717e2d455'> \n\t<div class=\"container\" data-aos='fade'>\n\t\t\t\t\t<h2 class=\"b-media_ttl centered\" class=\"b-media_ttl centered\" id=\"classrooms-europe\">CLASSROOMS &#8211; EUROPE<\/h2>\n\t\t\t\t\t<figure class=\"b-media_bg no-rt\">\n\t\t\t\t\t\t\t\t<img decoding=\"async\" class='b-text-media_ctn-med' loading='lazy' alt=\"classrooms\" src=\"https:\/\/www.fiap.paris\/wp-content\/uploads\/2023\/01\/Nos-salles-niveau-europe.png\" width=\"100%\" height=\"100%\" srcset=\"https:\/\/www.fiap.paris\/wp-content\/uploads\/2023\/01\/Nos-salles-niveau-europe.png 914w, https:\/\/www.fiap.paris\/wp-content\/uploads\/2023\/01\/Nos-salles-niveau-europe-768x555.png 768w\" sizes=\"auto, (max-width: 914px) 100vw, 914px\">\t\t\t\t\t\t\t<\/figure>\n\t<\/div>\n<\/section>\n\n\n\n\n\n<section class=\"b-media spc-s3 bg-cw\" id='block_57a54cf417d39f8300ec46bbdeba6d59'> \n\t<div class=\"container\" data-aos='fade'>\n\t\t\t\t\t<h2 class=\"b-media_ttl centered\" class=\"b-media_ttl centered\" id=\"classrooms-amerique\">CLASSROOMS &#8211; AM\u00c9RIQUE<\/h2>\n\t\t\t\t\t<figure class=\"b-media_bg no-rt\">\n\t\t\t\t\t\t\t\t<img decoding=\"async\" class='b-text-media_ctn-med' loading='lazy' alt=\"classrooms\" src=\"https:\/\/www.fiap.paris\/wp-content\/uploads\/2023\/01\/Nos-salles-niveau-amerique-3.png\" width=\"100%\" height=\"100%\" srcset=\"https:\/\/www.fiap.paris\/wp-content\/uploads\/2023\/01\/Nos-salles-niveau-amerique-3.png 1828w, https:\/\/www.fiap.paris\/wp-content\/uploads\/2023\/01\/Nos-salles-niveau-amerique-3-768x522.png 768w, https:\/\/www.fiap.paris\/wp-content\/uploads\/2023\/01\/Nos-salles-niveau-amerique-3-1024x696.png 1024w, https:\/\/www.fiap.paris\/wp-content\/uploads\/2023\/01\/Nos-salles-niveau-amerique-3-1536x1044.png 1536w\" sizes=\"auto, (max-width: 1828px) 100vw, 1828px\">\t\t\t\t\t\t\t<\/figure>\n\t<\/div>\n<\/section>\n\n\n\n\n\n<section class=\"b-media spc-s3 bg-cw\" id='block_da497116f7dd9ce95b4aa9305d687374'> \n\t<div class=\"container\" data-aos='fade'>\n\t\t\t\t\t<h2 class=\"b-media_ttl centered\" class=\"b-media_ttl centered\" id=\"classrooms-asie\">CLASSROOMS &#8211; ASIE<\/h2>\n\t\t\t\t\t<figure class=\"b-media_bg no-rt\">\n\t\t\t\t\t\t\t\t<img decoding=\"async\" class='b-text-media_ctn-med' loading='lazy' alt=\"classrooms\" src=\"https:\/\/www.fiap.paris\/wp-content\/uploads\/2023\/01\/Nos-salles-niveau-asie-2.png\" width=\"100%\" height=\"100%\" srcset=\"https:\/\/www.fiap.paris\/wp-content\/uploads\/2023\/01\/Nos-salles-niveau-asie-2.png 1828w, https:\/\/www.fiap.paris\/wp-content\/uploads\/2023\/01\/Nos-salles-niveau-asie-2-768x170.png 768w, https:\/\/www.fiap.paris\/wp-content\/uploads\/2023\/01\/Nos-salles-niveau-asie-2-1024x227.png 1024w, https:\/\/www.fiap.paris\/wp-content\/uploads\/2023\/01\/Nos-salles-niveau-asie-2-1536x340.png 1536w\" sizes=\"auto, (max-width: 1828px) 100vw, 1828px\">\t\t\t\t\t\t\t<\/figure>\n\t<\/div>\n<\/section>\n\n\n\n\n\n<section class=\"b-media spc-s3 bg-cw\" id='block_81bdd3242da15abc582701212c14e129'> \n\t<div class=\"container\" data-aos='fade'>\n\t\t\t\t\t<h2 class=\"b-media_ttl centered\" class=\"b-media_ttl centered\" id=\"classrooms-afrique\">CLASSROOMS &#8211; AFRIQUE<\/h2>\n\t\t\t\t\t<figure class=\"b-media_bg no-rt\">\n\t\t\t\t\t\t\t\t<img decoding=\"async\" class='b-text-media_ctn-med' loading='lazy' alt=\"classrooms\" src=\"https:\/\/www.fiap.paris\/wp-content\/uploads\/2023\/01\/Nos-salles-niveau-afrique-2.png\" width=\"100%\" height=\"100%\" srcset=\"https:\/\/www.fiap.paris\/wp-content\/uploads\/2023\/01\/Nos-salles-niveau-afrique-2.png 1828w, https:\/\/www.fiap.paris\/wp-content\/uploads\/2023\/01\/Nos-salles-niveau-afrique-2-768x286.png 768w, https:\/\/www.fiap.paris\/wp-content\/uploads\/2023\/01\/Nos-salles-niveau-afrique-2-1024x381.png 1024w, https:\/\/www.fiap.paris\/wp-content\/uploads\/2023\/01\/Nos-salles-niveau-afrique-2-1536x572.png 1536w\" sizes=\"auto, (max-width: 1828px) 100vw, 1828px\">\t\t\t\t\t\t\t<\/figure>\n\t<\/div>\n<\/section>\n\n\n\n\n\n<section class=\"b-media spc-s3 bg-cw\" id='block_188b89533e386e7fa47c99ad6f37a9fa'> \n\t<div class=\"container\" data-aos='fade'>\n\t\t\t\t\t<h2 class=\"b-media_ttl centered\" class=\"b-media_ttl centered\" id=\"classrooms-oceanie\">CLASSROOMS &#8211; OC\u00c9ANIE<\/h2>\n\t\t\t\t\t<figure class=\"b-media_bg no-rt\">\n\t\t\t\t\t\t\t\t<img decoding=\"async\" class='b-text-media_ctn-med' loading='lazy' alt=\"classrooms\" src=\"https:\/\/www.fiap.paris\/wp-content\/uploads\/2023\/01\/Nos-salles-niveau-oceanie-1.png\" width=\"100%\" height=\"100%\" srcset=\"https:\/\/www.fiap.paris\/wp-content\/uploads\/2023\/01\/Nos-salles-niveau-oceanie-1.png 1536w, https:\/\/www.fiap.paris\/wp-content\/uploads\/2023\/01\/Nos-salles-niveau-oceanie-1-768x200.png 768w, https:\/\/www.fiap.paris\/wp-content\/uploads\/2023\/01\/Nos-salles-niveau-oceanie-1-1024x267.png 1024w\" sizes=\"auto, (max-width: 1536px) 100vw, 1536px\">\t\t\t\t\t\t\t<\/figure>\n\t<\/div>\n<\/section>\n\n\n\n\n\n<section class=\"b-banner spc-s2 bg-c2\" id='block_cf8ae40f481c0bdf9d4bc26c8120ab81' data-aos='fade'> \n\t<div class=\"container\">\n\t\t<div class=\"row\">\n\t\t\t<div class=\"col-lg-8 col-sm-12\">\n\t\t\t\t\n<header class=\"c-heading\">\n        \n            <div class=\"c-heading_desc editor\"><h2 style=\"text-align: center;\" style=\"text-align: center;\" id=\"book-now\"><span style=\"color: #202967;\">BOOK NOW<\/span><\/h2>\n<h2 style=\"text-align: center;\" style=\"text-align: center;\" id=\"stay-in-one-of-our-rooms\">Stay in one of our rooms<\/h2>\n<p style=\"text-align: center;\"><a class=\"btn btn-c1\" href=\"https:\/\/online.bookvisit.com\/R?channelId=bc6ee1e9-07b3-4a5e-9b4e-2844dc99a51e&amp;initialPath=%2Faccommodation#\/accommodation\">Booking<\/a><\/p>\n<\/div>\n    <\/header>\t\t\t\t\t\t\t<\/div>\n\t\t<\/div>\n\t\t\t\t\t<figure class=\"b-banner_bg bg-wrp contain  container\">\n\t\t\t\t<img decoding=\"async\" class='b-banner_med' loading='lazy' alt=\"classrooms\" src=\"https:\/\/www.fiap.paris\/wp-content\/uploads\/2022\/10\/fille-qui-parle-banniere.png\" width=\"100%\" height=\"100%\" srcset=\"\" sizes=\"auto, (max-width: 170px) 100vw, 170px\">\t\t\t<\/figure>\n\t\t\t\t<\/div>\n\t<\/div>\n<\/section>\n\n","protected":false},"excerpt":{"rendered":"","protected":false},"author":1,"featured_media":0,"parent":2428,"menu_order":0,"comment_status":"closed","ping_status":"closed","template":"","meta":{"_acf_changed":false,"inline_featured_image":false,"footnotes":""},"class_list":["post-2436","page","type-page","status-publish","hentry"],"acf":[],"yoast_head":"<!-- This site is optimized with the Yoast SEO plugin v27.4 - https:\/\/yoast.com\/product\/yoast-seo-wordpress\/ -->\n<title>Fiap Paris<\/title>\n<meta name=\"robots\" content=\"index, follow, max-snippet:-1, max-image-preview:large, max-video-preview:-1\" \/>\n<link rel=\"canonical\" href=\"https:\/\/www.fiap.paris\/en\/fiap-youth\/classrooms\/\" \/>\n<meta property=\"og:locale\" content=\"en_US\" \/>\n<meta property=\"og:type\" content=\"article\" \/>\n<meta property=\"og:title\" content=\"Classrooms - Fiap Paris\" \/>\n<meta property=\"og:url\" content=\"https:\/\/www.fiap.paris\/en\/fiap-youth\/classrooms\/\" \/>\n<meta property=\"og:site_name\" content=\"Fiap Paris\" \/>\n<meta property=\"article:modified_time\" content=\"2023-04-04T11:34:38+00:00\" \/>\n<meta name=\"twitter:card\" content=\"summary_large_image\" \/>\n<script type=\"application\/ld+json\" class=\"yoast-schema-graph\">{\"@context\":\"https:\\\/\\\/schema.org\",\"@graph\":[{\"@type\":\"WebPage\",\"@id\":\"https:\\\/\\\/www.fiap.paris\\\/en\\\/fiap-youth\\\/classrooms\\\/\",\"url\":\"https:\\\/\\\/www.fiap.paris\\\/en\\\/fiap-youth\\\/classrooms\\\/\",\"name\":\"Classrooms - Fiap Paris\",\"isPartOf\":{\"@id\":\"https:\\\/\\\/www.fiap.paris\\\/en\\\/#website\"},\"datePublished\":\"2022-10-24T17:43:24+00:00\",\"dateModified\":\"2023-04-04T11:34:38+00:00\",\"breadcrumb\":{\"@id\":\"https:\\\/\\\/www.fiap.paris\\\/en\\\/fiap-youth\\\/classrooms\\\/#breadcrumb\"},\"inLanguage\":\"en-US\",\"potentialAction\":[{\"@type\":\"ReadAction\",\"target\":[\"https:\\\/\\\/www.fiap.paris\\\/en\\\/fiap-youth\\\/classrooms\\\/\"]}]},{\"@type\":\"BreadcrumbList\",\"@id\":\"https:\\\/\\\/www.fiap.paris\\\/en\\\/fiap-youth\\\/classrooms\\\/#breadcrumb\",\"itemListElement\":[{\"@type\":\"ListItem\",\"position\":1,\"name\":\"Accueil\",\"item\":\"https:\\\/\\\/www.fiap.paris\\\/en\\\/\"},{\"@type\":\"ListItem\",\"position\":2,\"name\":\"Fiap Youth\",\"item\":\"https:\\\/\\\/www.fiap.paris\\\/en\\\/fiap-youth\\\/\"},{\"@type\":\"ListItem\",\"position\":3,\"name\":\"Classrooms\"}]},{\"@type\":\"WebSite\",\"@id\":\"https:\\\/\\\/www.fiap.paris\\\/en\\\/#website\",\"url\":\"https:\\\/\\\/www.fiap.paris\\\/en\\\/\",\"name\":\"Fiap Paris\",\"description\":\"H\u00e9bergement et S\u00e9minaires \u00e0 Paris\",\"potentialAction\":[{\"@type\":\"SearchAction\",\"target\":{\"@type\":\"EntryPoint\",\"urlTemplate\":\"https:\\\/\\\/www.fiap.paris\\\/en\\\/?s={search_term_string}\"},\"query-input\":{\"@type\":\"PropertyValueSpecification\",\"valueRequired\":true,\"valueName\":\"search_term_string\"}}],\"inLanguage\":\"en-US\"}]}<\/script>\n<!-- \/ Yoast SEO plugin. -->","yoast_head_json":{"title":"Fiap Paris","robots":{"index":"index","follow":"follow","max-snippet":"max-snippet:-1","max-image-preview":"max-image-preview:large","max-video-preview":"max-video-preview:-1"},"canonical":"https:\/\/www.fiap.paris\/en\/fiap-youth\/classrooms\/","og_locale":"en_US","og_type":"article","og_title":"Classrooms - Fiap Paris","og_url":"https:\/\/www.fiap.paris\/en\/fiap-youth\/classrooms\/","og_site_name":"Fiap Paris","article_modified_time":"2023-04-04T11:34:38+00:00","twitter_card":"summary_large_image","schema":{"@context":"https:\/\/schema.org","@graph":[{"@type":"WebPage","@id":"https:\/\/www.fiap.paris\/en\/fiap-youth\/classrooms\/","url":"https:\/\/www.fiap.paris\/en\/fiap-youth\/classrooms\/","name":"Classrooms - Fiap Paris","isPartOf":{"@id":"https:\/\/www.fiap.paris\/en\/#website"},"datePublished":"2022-10-24T17:43:24+00:00","dateModified":"2023-04-04T11:34:38+00:00","breadcrumb":{"@id":"https:\/\/www.fiap.paris\/en\/fiap-youth\/classrooms\/#breadcrumb"},"inLanguage":"en-US","potentialAction":[{"@type":"ReadAction","target":["https:\/\/www.fiap.paris\/en\/fiap-youth\/classrooms\/"]}]},{"@type":"BreadcrumbList","@id":"https:\/\/www.fiap.paris\/en\/fiap-youth\/classrooms\/#breadcrumb","itemListElement":[{"@type":"ListItem","position":1,"name":"Accueil","item":"https:\/\/www.fiap.paris\/en\/"},{"@type":"ListItem","position":2,"name":"Fiap Youth","item":"https:\/\/www.fiap.paris\/en\/fiap-youth\/"},{"@type":"ListItem","position":3,"name":"Classrooms"}]},{"@type":"WebSite","@id":"https:\/\/www.fiap.paris\/en\/#website","url":"https:\/\/www.fiap.paris\/en\/","name":"Fiap Paris","description":"H\u00e9bergement et S\u00e9minaires \u00e0 Paris","potentialAction":[{"@type":"SearchAction","target":{"@type":"EntryPoint","urlTemplate":"https:\/\/www.fiap.paris\/en\/?s={search_term_string}"},"query-input":{"@type":"PropertyValueSpecification","valueRequired":true,"valueName":"search_term_string"}}],"inLanguage":"en-US"}]}},"_links":{"self":[{"href":"https:\/\/www.fiap.paris\/en\/wp-json\/wp\/v2\/pages\/2436","targetHints":{"allow":["GET"]}}],"collection":[{"href":"https:\/\/www.fiap.paris\/en\/wp-json\/wp\/v2\/pages"}],"about":[{"href":"https:\/\/www.fiap.paris\/en\/wp-json\/wp\/v2\/types\/page"}],"author":[{"embeddable":true,"href":"https:\/\/www.fiap.paris\/en\/wp-json\/wp\/v2\/users\/1"}],"replies":[{"embeddable":true,"href":"https:\/\/www.fiap.paris\/en\/wp-json\/wp\/v2\/comments?post=2436"}],"version-history":[{"count":5,"href":"https:\/\/www.fiap.paris\/en\/wp-json\/wp\/v2\/pages\/2436\/revisions"}],"predecessor-version":[{"id":6729,"href":"https:\/\/www.fiap.paris\/en\/wp-json\/wp\/v2\/pages\/2436\/revisions\/6729"}],"up":[{"embeddable":true,"href":"https:\/\/www.fiap.paris\/en\/wp-json\/wp\/v2\/pages\/2428"}],"wp:attachment":[{"href":"https:\/\/www.fiap.paris\/en\/wp-json\/wp\/v2\/media?parent=2436"}],"curies":[{"name":"wp","href":"https:\/\/api.w.org\/{rel}","templated":true}]}}