{"id":2446,"date":"2022-10-18T17:41:57","date_gmt":"2022-10-18T15:41:57","guid":{"rendered":"https:\/\/fiap.paris\/fiap-seminaires\/"},"modified":"2025-04-23T09:29:20","modified_gmt":"2025-04-23T07:29:20","slug":"fiap-meetings","status":"publish","type":"page","link":"https:\/\/www.fiap.paris\/en\/fiap-meetings\/","title":{"rendered":"Fiap Meetings"},"content":{"rendered":"\n\n<section class=\"b-hero-sm bg-c4\" id='block_7d5f85f53746046eeead5a5374069bd4'>\n\t<div class=\"container\" data-aos=\"fade\" data-aos-delay=\"150\">\n\t\t<div class=\"b-hero-sm_wrp\">\n\t\t\t<div class=\"b-hero-sm_ctn col-lg-5\">\n\t\t\t\t<h1 class=\"b-hero-sm_ttl\" class=\"b-hero-sm_ttl\" id=\"fiap-meetings\">Fiap Meetings<\/h1>\t\t\t\t<span class=\"b-hero-sm_subttl\">Are you looking for a conference center in Paris for a seminar, congress, meeting or conference? FIAP is the new atypical place you need!<\/span>\t\t\t<\/div>\n\t\t<\/div>\n\t\t\t\t\t\t<figure class=\"b-hero-sm_bg bg-wrp contain  container\">\n\t\t\t\t\t<img decoding=\"async\" class='b-hero-sm_med' data-aos=\"fade-right\" data-aos-delay=\"150\" loading='lazy' alt=\"fiap-meetings\" src=\"https:\/\/www.fiap.paris\/wp-content\/uploads\/2022\/11\/shutterstock_1852675633.png\" width=\"100%\" height=\"100%\" srcset=\"https:\/\/www.fiap.paris\/wp-content\/uploads\/2022\/11\/shutterstock_1852675633.png 879w, https:\/\/www.fiap.paris\/wp-content\/uploads\/2022\/11\/shutterstock_1852675633-768x600.png 768w\" sizes=\"auto, (max-width: 879px) 100vw, 879px\">\t\t\t\t<\/figure>\n\t\t\t<\/div>\n<\/section>\n\n\n\n\n\n<section class=\"b-sub-hero bg-tr\" id='block_a90949abc45fc3548aadafa52fb3b8c5'>\n    <div class=\"container\" data-aos='fade-up'>\n        <h1 class=\"b-sub-hero_ttl\">\n          <span class=\"b-sub-hero_subttl\">Book now ?<\/span>\n          <span class=\"b-sub-hero_txt editor\"><p>&nbsp;Feel free to make your request here!&nbsp;<\/p>\n<\/span>\n          <a href='https:\/\/www.fiap.paris\/en\/booking\/meetings\/' class=\"b-sub-hero_btn btn-c1\">INQUERY<\/a>        <\/h2>\n    <\/div>\n<\/section>\n\n\n\n\n\n<section class=\"b-tinymce spc-s2 bg-cw column1\" id='block_cf7c239ad74877c3c9864e36fa26f195'>\n\t<div class=\"b-tinymce_wrp container   bg-cw\">\n\n\t\t<div class=\"b-tinymce_ctn\" data-aos=\"fade\">\n\t\t\t\t\n\n\t\t\t\t\t\t\t<div class=\"row mobile gy-5\">\n\t\t\t\t\t<div class=\"col-10\">\n\t\t\t\t\t\t<div class=\"b-tinymce_content-txt editor bg-cw\">\n\t\t\t\t\t\t\t<h2 style=\"text-align: center;\">THE PLACE <span style=\"color: #0dbeb7;\">FOR YOUR MEETINGS<br \/>\n<\/span><\/h2>\n<p style=\"text-align: center;\">Located in the heart of Paris in the 14th arrondissement, near Montparnasse, FIAP is the ideal place to organize your events.<\/p>\n<h4 style=\"text-align: center;\" style=\"text-align: center;\" id=\"our-26-meeting-rooms-including-an-amphitheater-for-200-people-will-meet-all-your-requirements\">Our 26 meeting rooms, including an <span class=\"Y2IQFc\" lang=\"en\">amphitheater<\/span> for 200 people, will meet all your requirements!<\/h4>\n\t\t\t\t\t\t<\/div>\n\t\t\t\t\t<\/div>\n\t\t\t\t<\/div>\n\n\t\t\t\t\t<\/div>\n\n\t\t\t\t\n\t<\/div>\n<\/section>\n\n\n\n\n\n<section class=\"b-tinymce spc-s2 bg-cw column1\" id='block_37f559e12b766e5ad291031f7a5f2fa0'>\n\t<div class=\"b-tinymce_wrp container   bg-cw\">\n\n\t\t<div class=\"b-tinymce_ctn\" data-aos=\"fade\">\n\t\t\t\t\n\n\t\t\t\t\t\t\t<div class=\"row mobile gy-5\">\n\t\t\t\t\t<div class=\"col-10\">\n\t\t\t\t\t\t<div class=\"b-tinymce_content-txt editor bg-cw\">\n\t\t\t\t\t\t\t<h3 style=\"text-align: center;\" style=\"text-align: center;\" id=\"room-hire-from-e400-or-all-inclusive-packages-the-choice-is-yours\">ROOM HIRE FROM \u20ac400 OR ALL-INCLUSIVE PACKAGES, THE CHOICE IS YOURS*:<\/h3>\n\t\t\t\t\t\t<\/div>\n\t\t\t\t\t<\/div>\n\t\t\t\t<\/div>\n\n\t\t\t\t\t<\/div>\n\n\t\t\t\t\n\t<\/div>\n<\/section>\n\n\n\n\n\n<section class=\"b-text-media spc-s2 tpl-t1 bg-cw\" id='block_ef95a1fa03fd3ed6523abb2c330780a7' data-aos=\"fade\">\n\t<div class='container'>\n\t\t<div class=\"row gy-5\">\n\t\t\t<div class=\"col-lg-6 \">\n\t\t\t\t<div class=\"b-text-media_swiper swiper \" >\n\t\t\t\t\t<div class=\"b-text-media_wrp swiper-wrapper\">\n\t\t\t\t\t\t\t\t\t\t\t\t\t\n<div class=\"c-slide-media_slide swiper-slide\">\n\t\t\t<figure class=\"c-slide-media_img rt-full \">\n\t\t\t<img decoding=\"async\" class=\"c-slide-media_med cover\" loading='lazy' alt=\"fiap-meetings\" src=\"https:\/\/www.fiap.paris\/wp-content\/uploads\/2025\/02\/paris-02-min-1-1-1024x683.jpg\" width=\"100%\" height=\"100%\" srcset=\"https:\/\/www.fiap.paris\/wp-content\/uploads\/2025\/02\/paris-02-min-1-1-1024x683.jpg 1024w, https:\/\/www.fiap.paris\/wp-content\/uploads\/2025\/02\/paris-02-min-1-1-768x512.jpg 768w, https:\/\/www.fiap.paris\/wp-content\/uploads\/2025\/02\/paris-02-min-1-1-1536x1024.jpg 1536w, https:\/\/www.fiap.paris\/wp-content\/uploads\/2025\/02\/paris-02-min-1-1.jpg 1920w\" sizes=\"auto, (max-width: 1024px) 100vw, 1024px\">\t\t\t\t\t\t\t\t\n\t\t<\/figure>\t\n\t<\/div>\t\t\t\t\t\t\t\t\t\t\t<\/div>\n\t\t\t\t\t\t\t\t\t<\/div>\n\t\t\t<\/div>\n\t\t\t<div class='col-lg-5'>\n\t\t\t\t<div class=\"b-text-media_ctn\">\n\t\t\t\t\t<div class=\"b-text-media_txt editor\"><h3 id=\"a-day-delegate-package-from-65e-including\">A DAY DELEGATE PACKAGE FROM 65\u20ac INCLUDING:<\/h3>\n<ul>\n<li>Rental of the main meeting room<\/li>\n<li>LCD projector<\/li>\n<li>2 coffee breaks<\/li>\n<li>Lunch in our self-service restaurant (mineral water and coffee included)<\/li>\n<\/ul>\n<h3 id=\"a-comfort-day-delegate-package-from-84e-including\">A &#8220;COMFORT&#8221; DAY DELEGATE PACKAGE FROM 84\u20ac INCLUDING:<\/h3>\n<ul>\n<li>Rental of the main meeting room<\/li>\n<li>LCD projector<\/li>\n<li>2 coffee breaks<\/li>\n<li>&#8220;Francilien&#8221; Lunch served 3 courses&nbsp; (mineral water, 1\/3 wine and coffee included)<\/li>\n<\/ul>\n<h3 id=\"a-premium-day-delegate-package-from-91e-including\">A &#8220;PREMIUM&#8221; DAY DELEGATE PACKAGE FROM 91\u20ac INCLUDING:<\/h3>\n<ul>\n<li>Rental of the main meeting room<\/li>\n<li>LCD projector<\/li>\n<li>2 coffee breaks<\/li>\n<li>A stand-up cocktail lunch&nbsp; (mineral water, 1\/3 wine and coffee included)<\/li>\n<\/ul>\n<\/div>\n\t\t\t\t<\/div>\n\t\t\t<\/div>\n\t\t<\/div>\n\t<\/div>\n<\/section>\n\n\n\n\n\n<section class=\"b-tinymce spc-s2 bg-cw column1\" id='block_84946c82c03d336928124e3e8aa7e849'>\n\t<div class=\"b-tinymce_wrp container   bg-cw\">\n\n\t\t<div class=\"b-tinymce_ctn\" data-aos=\"fade\">\n\t\t\t\t\n\n\t\t\t\t\t\t\t<div class=\"row mobile gy-5\">\n\t\t\t\t\t<div class=\"col-10\">\n\t\t\t\t\t\t<div class=\"b-tinymce_content-txt editor bg-cw\">\n\t\t\t\t\t\t\t<p style=\"text-align: center;\"><em>*Half-day rooms are only available for rental 5 weeks before the date of the event. All day or half-day room rentals must be completed by a <a class=\"link\" href=\"https:\/\/fiap.paris\/en\/fiap-meetings\/catering\/\">catering service<\/a> at your choice.<\/em><\/p>\n\t\t\t\t\t\t<\/div>\n\t\t\t\t\t<\/div>\n\t\t\t\t<\/div>\n\n\t\t\t\t\t<\/div>\n\n\t\t\t\t\n\t<\/div>\n<\/section>\n\n\n\n\n\n<section class=\"b-timeline spc-s3 tpl-t2 bg-cg\" id='block_fb812ed4b0547aaed3b1da419abd1856'>\n\t<div class='container' data-aos='fade'>\n\t\t<div class=\"gx-0 gy-5\">\n\t\t\t<div class=\"b-timeline_desc\">\n\t\t\t\t\n<header class=\"c-heading\">\n            <h2 class=\"c-heading_ttl \" class=\"c-heading_ttl \" id=\"benefits\">BENEFITS<\/h2>\n        \n    <\/header>\t\t\t\t<div class=\"c-navi swiper-navigation-tpl2\">\n\t\t\t\t\t<button class=\"navi-prev bi bi-chevron-left\"><\/button>\n\t\t\t\t\t<button class=\"navi-next bi bi-chevron-right\"><\/button>\n\t\t\t\t<\/div>\t\n\t\t\t<\/div>\n\t\t\t<div class='b-timeline_items_col'>\n\t\t\t\t<div class=\"b-timeline_items\">\n\t\t\t\t\t<div class=\"swiper\" swiper-type='2'>\n\t\t\t\t\t\t<div class=\"swiper-wrapper\">\n\t\t\t\t\t\t\t\t\t\t\t\t\t\t\t<div class=\"swiper-slide\">\n\t\t\t\t\t\t\t\t\t<div class=\"b-timeline_item\">\n\t\t\t\t\t\t\t\t\t\t<div class=\"b-timeline_item-wrp\">\n\t\t\t\t\t\t\t\t\t\t\t<div class=\"rt-custom\">\n\t\t\t\t\t\t\t\t\t\t\t\t\t\t\t\t\t\t\t\t\t\t\t\t\t<img decoding=\"async\" class=\"b-timeline_item-med\" loading='lazy' alt=\"fiap-meetings\" src=\"https:\/\/www.fiap.paris\/wp-content\/uploads\/2022\/11\/4_TURQUOISE.svg\" width=\"100%\" height=\"100%\" srcset=\"\" sizes=\"auto, (max-width: 1024px) 100vw, 1024px\">\n\t\t\t\t\t\t\t\t\t\t\t\t\t\t\t\t\t\t\t\t\t\t\t\t\t\t\t\t\t\t\t\t\t\t\t<\/div>\t\n\t\t\t\t\t\t\t\t\t\t\t<div class=\"b-timeline_item-desc\">\n\t\t\t\t\t\t\t\t\t\t\t\t<h3 class=\"b-timeline_item-subttl\" class=\"b-timeline_item-subttl\" id=\"included-technical-service\">Included Technical service<\/h3>\t\t\t\t\t\t\t\t\t\t\t\t<div class=\"b-timeline_item-txt\">Video projectors and sound rooms<\/div>\t\t\t\t\t\t\t\t\t\t\t<\/div>\t\t\n\t\t\t\t\t\t\t\t\t\t<\/div>\n\t\t\t\t\t\t\t\t\t<\/div>\n\t\t\t\t\t\t\t\t<\/div>\n\t\t\t\t\t\t\t\t\t\t\t\t\t\t\t<div class=\"swiper-slide\">\n\t\t\t\t\t\t\t\t\t<div class=\"b-timeline_item\">\n\t\t\t\t\t\t\t\t\t\t<div class=\"b-timeline_item-wrp\">\n\t\t\t\t\t\t\t\t\t\t\t<div class=\"rt-custom\">\n\t\t\t\t\t\t\t\t\t\t\t\t\t\t\t\t\t\t\t\t\t\t\t\t\t<img decoding=\"async\" class=\"b-timeline_item-med\" loading='lazy' alt=\"fiap-meetings\" src=\"https:\/\/www.fiap.paris\/wp-content\/uploads\/2022\/11\/5_TURQUOISE.svg\" width=\"100%\" height=\"100%\" srcset=\"\" sizes=\"auto, (max-width: 1024px) 100vw, 1024px\">\n\t\t\t\t\t\t\t\t\t\t\t\t\t\t\t\t\t\t\t\t\t\t\t\t\t\t\t\t\t\t\t\t\t\t\t<\/div>\t\n\t\t\t\t\t\t\t\t\t\t\t<div class=\"b-timeline_item-desc\">\n\t\t\t\t\t\t\t\t\t\t\t\t<h3 class=\"b-timeline_item-subttl\" class=\"b-timeline_item-subttl\" id=\"personalized-direction-signs\">Personalized direction signs<\/h3>\t\t\t\t\t\t\t\t\t\t\t\t<div class=\"b-timeline_item-txt\">A dynamic display with your logo<\/div>\t\t\t\t\t\t\t\t\t\t\t<\/div>\t\t\n\t\t\t\t\t\t\t\t\t\t<\/div>\n\t\t\t\t\t\t\t\t\t<\/div>\n\t\t\t\t\t\t\t\t<\/div>\n\t\t\t\t\t\t\t\t\t\t\t\t\t\t\t<div class=\"swiper-slide\">\n\t\t\t\t\t\t\t\t\t<div class=\"b-timeline_item\">\n\t\t\t\t\t\t\t\t\t\t<div class=\"b-timeline_item-wrp\">\n\t\t\t\t\t\t\t\t\t\t\t<div class=\"rt-custom\">\n\t\t\t\t\t\t\t\t\t\t\t\t\t\t\t\t\t\t\t\t\t\t\t\t\t<img decoding=\"async\" class=\"b-timeline_item-med\" loading='lazy' alt=\"fiap-meetings\" src=\"https:\/\/www.fiap.paris\/wp-content\/uploads\/2022\/11\/6_TURQUOISE.svg\" width=\"100%\" height=\"100%\" srcset=\"\" sizes=\"auto, (max-width: 1024px) 100vw, 1024px\">\n\t\t\t\t\t\t\t\t\t\t\t\t\t\t\t\t\t\t\t\t\t\t\t\t\t\t\t\t\t\t\t\t\t\t\t<\/div>\t\n\t\t\t\t\t\t\t\t\t\t\t<div class=\"b-timeline_item-desc\">\n\t\t\t\t\t\t\t\t\t\t\t\t<h3 class=\"b-timeline_item-subttl\" class=\"b-timeline_item-subttl\" id=\"hybrid-event\">Hybrid event<\/h3>\t\t\t\t\t\t\t\t\t\t\t\t<div class=\"b-timeline_item-txt\">Audiovisual recording, Visio, recording of debates, simultaneous translation, etc.<\/div>\t\t\t\t\t\t\t\t\t\t\t<\/div>\t\t\n\t\t\t\t\t\t\t\t\t\t<\/div>\n\t\t\t\t\t\t\t\t\t<\/div>\n\t\t\t\t\t\t\t\t<\/div>\n\t\t\t\t\t\t\t\t\t\t\t\t\t\t\t<div class=\"swiper-slide\">\n\t\t\t\t\t\t\t\t\t<div class=\"b-timeline_item\">\n\t\t\t\t\t\t\t\t\t\t<div class=\"b-timeline_item-wrp\">\n\t\t\t\t\t\t\t\t\t\t\t<div class=\"rt-custom\">\n\t\t\t\t\t\t\t\t\t\t\t\t\t\t\t\t\t\t\t\t\t\t\t\t\t<img decoding=\"async\" class=\"b-timeline_item-med\" loading='lazy' alt=\"fiap-meetings\" src=\"https:\/\/www.fiap.paris\/wp-content\/uploads\/2022\/11\/7_TURQUOISE.svg\" width=\"100%\" height=\"100%\" srcset=\"\" sizes=\"auto, (max-width: 1024px) 100vw, 1024px\">\n\t\t\t\t\t\t\t\t\t\t\t\t\t\t\t\t\t\t\t\t\t\t\t\t\t\t\t\t\t\t\t\t\t\t\t<\/div>\t\n\t\t\t\t\t\t\t\t\t\t\t<div class=\"b-timeline_item-desc\">\n\t\t\t\t\t\t\t\t\t\t\t\t<h3 class=\"b-timeline_item-subttl\" class=\"b-timeline_item-subttl\" id=\"wi-fi\">Wi-Fi<\/h3>\t\t\t\t\t\t\t\t\t\t\t\t<div class=\"b-timeline_item-txt\">Basic Wifi offered with the possibility of premium WIFI as an option<\/div>\t\t\t\t\t\t\t\t\t\t\t<\/div>\t\t\n\t\t\t\t\t\t\t\t\t\t<\/div>\n\t\t\t\t\t\t\t\t\t<\/div>\n\t\t\t\t\t\t\t\t<\/div>\n\t\t\t\t\t\t\t\t\t\t\t\t\t<\/div>\n\t\t\t\t\t<\/div>\n\t\t\t\t<\/div>\n\t\t\t<\/div>\n\t\t<\/div>\n\t<\/div>\n<\/section>\n\n\n\n\n\n\t<section class=\"b-tabs spc-s2 bg-cw\" id='block_ede019336b11b2be9bbf4707f230af3d'>\n\t\t<div class=\"container\" data-aos='fade'>\n\t\t\t<ul class=\"b-tabs_nav centered nav active-link-4\">\n\t\t\t\t\t\t\t\t\t<li class=\"b-tabs_nav-item\">\n\t\t\t\t\t\t<button class=\"b-tabs_nav-btn active\" data-bs-target=\"#nav-0-block_ede019336b11b2be9bbf4707f230af3d\" data-bs-toggle=\"tab\">\n\t\t\t\t\t\t\tMeeting rooms\t\t\t\t\t\t<\/button>\n\t\t\t\t\t<\/li>\n\t\t\t\t\t\t\t\t\t<li class=\"b-tabs_nav-item\">\n\t\t\t\t\t\t<button class=\"b-tabs_nav-btn \" data-bs-target=\"#nav-1-block_ede019336b11b2be9bbf4707f230af3d\" data-bs-toggle=\"tab\">\n\t\t\t\t\t\t\tCatering\t\t\t\t\t\t<\/button>\n\t\t\t\t\t<\/li>\n\t\t\t\t\t\t\t\t\t<li class=\"b-tabs_nav-item\">\n\t\t\t\t\t\t<button class=\"b-tabs_nav-btn \" data-bs-target=\"#nav-2-block_ede019336b11b2be9bbf4707f230af3d\" data-bs-toggle=\"tab\">\n\t\t\t\t\t\t\tAccomodations\t\t\t\t\t\t<\/button>\n\t\t\t\t\t<\/li>\n\t\t\t\t\t\t\t<\/ul>\n\n\t\t\t<div class=\"tab-content\">\n\t\t\t\t\t\t\t\t\t<div class=\"tab-pane fade show active\" id=\"nav-0-block_ede019336b11b2be9bbf4707f230af3d\">\n\t\t\t\t\t\t\t\t\t\t\t\t\t<div class=\"tab-container row gy-4\">\n\t\t\t\t\t\t\t\t<div class=\"col-12 col-lg-6\">\n\t\t\t\t\t\t\t\t\t<div class=\"b-tabs_txt\">\n\t\t\t\t\t\t\t\t\t\t<div class=\"editor\"><p><img decoding=\"async\" class=\"alignnone size-medium wp-image-29821\" src=\"https:\/\/www.fiap.paris\/wp-content\/uploads\/2024\/11\/IMG_1933-1-768x576.jpg\" alt=\"\" width=\"768\" height=\"576\" srcset=\"https:\/\/www.fiap.paris\/wp-content\/uploads\/2024\/11\/IMG_1933-1-768x576.jpg 768w, https:\/\/www.fiap.paris\/wp-content\/uploads\/2024\/11\/IMG_1933-1-1024x768.jpg 1024w, https:\/\/www.fiap.paris\/wp-content\/uploads\/2024\/11\/IMG_1933-1-1536x1152.jpg 1536w, https:\/\/www.fiap.paris\/wp-content\/uploads\/2024\/11\/IMG_1933-1.jpg 1920w\" sizes=\"(max-width: 768px) 100vw, 768px\" \/><\/p>\n<\/div>\n\t\t\t\t\t\t\t\t\t<\/div>\n\t\t\t\t\t\t\t\t<\/div>\n\t\t\t\t\t\t\t\t\t\t\t\t\t\t\t\t\t<div class=\"col-12 col-lg-5\">\n\t\t\t\t\t\t\t\t\t\t<div class=\"b-tabs_txt\">\n\t\t\t\t\t\t\t\t\t\t\t<div class=\"editor\"><h3 id=\"meeting-rooms\"><strong>MEETING ROOMS<\/strong><\/h3>\n<p>Our 26 meeting rooms, including our amphitheater that can accommodate up to 200 people, will meet all your needs! We also have vast common areas that can be privatized for cocktails, breaks or exhibitions.<\/p>\n<p><a class=\"btn btn-c1\" href=\"https:\/\/www.fiap.paris\/en\/fiap-meetings\/meetings\/\">DISCOVER OUR MEETING ROOMS<\/a><\/p>\n<\/div>\n\t\t\t\t\t\t\t\t\t\t<\/div>\n\t\t\t\t\t\t\t\t\t<\/div>\n\t\t\t\t\t\t\t\t\t\t\t\t\t\t\t<\/div>\n\t\t\t\t\t\t\t\t\t\t\t<\/div>\n\t\t\t\t\t\t\t\t\t<div class=\"tab-pane fade \" id=\"nav-1-block_ede019336b11b2be9bbf4707f230af3d\">\n\t\t\t\t\t\t\t\t\t\t\t\t\t<div class=\"tab-container row gy-4\">\n\t\t\t\t\t\t\t\t<div class=\"col-12 col-lg-6\">\n\t\t\t\t\t\t\t\t\t<div class=\"b-tabs_txt\">\n\t\t\t\t\t\t\t\t\t\t<div class=\"editor\"><p><img decoding=\"async\" class=\"size-medium wp-image-2946\" src=\"https:\/\/www.fiap.paris\/wp-content\/uploads\/2022\/12\/Pause-Gourmande-768x512.jpg\" alt=\"\" width=\"768\" height=\"512\" srcset=\"https:\/\/www.fiap.paris\/wp-content\/uploads\/2022\/12\/Pause-Gourmande-768x512.jpg 768w, https:\/\/www.fiap.paris\/wp-content\/uploads\/2022\/12\/Pause-Gourmande-1024x683.jpg 1024w, https:\/\/www.fiap.paris\/wp-content\/uploads\/2022\/12\/Pause-Gourmande-1536x1024.jpg 1536w, https:\/\/www.fiap.paris\/wp-content\/uploads\/2022\/12\/Pause-Gourmande.jpg 2048w\" sizes=\"(max-width: 768px) 100vw, 768px\" \/><\/p>\n<\/div>\n\t\t\t\t\t\t\t\t\t<\/div>\n\t\t\t\t\t\t\t\t<\/div>\n\t\t\t\t\t\t\t\t\t\t\t\t\t\t\t\t\t<div class=\"col-12 col-lg-5\">\n\t\t\t\t\t\t\t\t\t\t<div class=\"b-tabs_txt\">\n\t\t\t\t\t\t\t\t\t\t\t<div class=\"editor\"><h3 id=\"a-complete-catering-offer\">A COMPLETE CATERING OFFER<\/h3>\n<div id=\"tw-target-text-container\" class=\"tw-ta-container F0azHf tw-nfl\" tabindex=\"0\">\n<pre id=\"tw-target-text\" class=\"tw-data-text tw-text-large tw-ta\" dir=\"ltr\" data-placeholder=\"Traduction\">Large and pleasant common areas for cocktails and breaks.<\/pre>\n<\/div>\n<p><a class=\"btn btn-c1\" href=\"https:\/\/fiap.paris\/en\/fiap-meetings\/restauration\/\">DISCOVER OUR RESTAURANTS<\/a><\/p>\n<\/div>\n\t\t\t\t\t\t\t\t\t\t<\/div>\n\t\t\t\t\t\t\t\t\t<\/div>\n\t\t\t\t\t\t\t\t\t\t\t\t\t\t\t<\/div>\n\t\t\t\t\t\t\t\t\t\t\t<\/div>\n\t\t\t\t\t\t\t\t\t<div class=\"tab-pane fade \" id=\"nav-2-block_ede019336b11b2be9bbf4707f230af3d\">\n\t\t\t\t\t\t\t\t\t\t\t\t\t<div class=\"tab-container row gy-4\">\n\t\t\t\t\t\t\t\t<div class=\"col-12 col-lg-6\">\n\t\t\t\t\t\t\t\t\t<div class=\"b-tabs_txt\">\n\t\t\t\t\t\t\t\t\t\t<div class=\"editor\"><p><img decoding=\"async\" class=\"size-full wp-image-1829\" src=\"https:\/\/fiap.paris\/wp-content\/uploads\/2022\/11\/chambres_2-1-scaled.jpg\" alt=\"\" width=\"2560\" height=\"1707\" srcset=\"https:\/\/www.fiap.paris\/wp-content\/uploads\/2022\/11\/chambres_2-1-scaled.jpg 1920w, https:\/\/www.fiap.paris\/wp-content\/uploads\/2022\/11\/chambres_2-1-768x512.jpg 768w, https:\/\/www.fiap.paris\/wp-content\/uploads\/2022\/11\/chambres_2-1-1024x683.jpg 1024w, https:\/\/www.fiap.paris\/wp-content\/uploads\/2022\/11\/chambres_2-1-1536x1024.jpg 1536w, https:\/\/www.fiap.paris\/wp-content\/uploads\/2022\/11\/chambres_2-1-2048x1365.jpg 2048w\" sizes=\"(max-width: 2560px) 100vw, 2560px\" \/><\/p>\n<\/div>\n\t\t\t\t\t\t\t\t\t<\/div>\n\t\t\t\t\t\t\t\t<\/div>\n\t\t\t\t\t\t\t\t\t\t\t\t\t\t\t\t\t<div class=\"col-12 col-lg-5\">\n\t\t\t\t\t\t\t\t\t\t<div class=\"b-tabs_txt\">\n\t\t\t\t\t\t\t\t\t\t\t<div class=\"editor\"><h3 id=\"accomodate-participants-in-your-seminars-and-meetings-on-site\">ACCOMODATE PARTICIPANTS IN YOUR SEMINARS AND MEETINGS ON SITE!<\/h3>\n<div id=\"tw-target-text-container\" class=\"tw-ta-container F0azHf tw-nfl\" tabindex=\"0\">\n<pre id=\"tw-target-text\" class=\"tw-data-text tw-text-large tw-ta\" dir=\"ltr\" data-placeholder=\"Traduction\"><span class=\"Y2IQFc\" lang=\"en\">FIAP Paris also offers accommodation with breakfast.\r\nIn a single, twin or Premium room, you will make\r\nyour guests' daily life easier.<\/span><\/pre>\n<\/div>\n<p><a class=\"btn btn-c1\" href=\"https:\/\/fiap.paris\/en\/fiap-meetings\/accommodation-meetings\/\">DISCOVER OUR ACCOMODATIONS<\/a><\/p>\n<p>&nbsp;<\/p>\n<\/div>\n\t\t\t\t\t\t\t\t\t\t<\/div>\n\t\t\t\t\t\t\t\t\t<\/div>\n\t\t\t\t\t\t\t\t\t\t\t\t\t\t\t<\/div>\n\t\t\t\t\t\t\t\t\t\t\t<\/div>\n\t\t\t\t\t\t\t<\/div>\n\t\t<\/div>\n\t<\/section>\n\n\n\n\n\n<section class=\"b-banner spc-s2 bg-c1\" id='block_351ce2ad015272dfde293d1cd1f8e553' data-aos='fade'> \n\t<div class=\"container\">\n\t\t<div class=\"row\">\n\t\t\t<div class=\"col-lg-8 col-sm-12\">\n\t\t\t\t\n<header class=\"c-heading\">\n        \n            <div class=\"c-heading_desc editor\"><h2 style=\"text-align: center;\" style=\"text-align: center;\" id=\"want-to-know-more\"><span style=\"color: #10a0fa;\">WANT TO KNOW MORE?<\/span><\/h2>\n<p style=\"text-align: center;\">Download our presentation brochure<\/p>\n<p style=\"text-align: center;\"><a class=\"btn btn-tr\" href=\"https:\/\/www.fiap.paris\/wp-content\/uploads\/2023\/10\/Brochure-Seminaire_compressed.pdf\" target=\"_blank\" rel=\"noopener\">DOWNLOAD<\/a><\/p>\n<\/div>\n    <\/header>\t\t\t\t\t\t\t<\/div>\n\t\t<\/div>\n\t\t\t\t\t<figure class=\"b-banner_bg bg-wrp contain  container\">\n\t\t\t\t<img decoding=\"async\" class='b-banner_med' loading='lazy' alt=\"fiap-meetings\" src=\"https:\/\/www.fiap.paris\/wp-content\/uploads\/2022\/10\/fille-qui-parle-banniere.png\" width=\"100%\" height=\"100%\" srcset=\"\" sizes=\"auto, (max-width: 170px) 100vw, 170px\">\t\t\t<\/figure>\n\t\t\t\t<\/div>\n\t<\/div>\n<\/section>\n\n","protected":false},"excerpt":{"rendered":"","protected":false},"author":1,"featured_media":0,"parent":0,"menu_order":0,"comment_status":"closed","ping_status":"closed","template":"","meta":{"_acf_changed":false,"inline_featured_image":false,"footnotes":""},"class_list":["post-2446","page","type-page","status-publish","hentry"],"acf":[],"yoast_head":"<!-- This site is optimized with the Yoast SEO plugin v27.4 - https:\/\/yoast.com\/product\/yoast-seo-wordpress\/ -->\n<title>Fiap Paris<\/title>\n<meta name=\"robots\" content=\"index, follow, max-snippet:-1, max-image-preview:large, max-video-preview:-1\" \/>\n<link rel=\"canonical\" href=\"https:\/\/www.fiap.paris\/en\/fiap-meetings\/\" \/>\n<meta property=\"og:locale\" content=\"en_US\" \/>\n<meta property=\"og:type\" content=\"article\" \/>\n<meta property=\"og:title\" content=\"Fiap Meetings - Fiap Paris\" \/>\n<meta property=\"og:url\" content=\"https:\/\/www.fiap.paris\/en\/fiap-meetings\/\" \/>\n<meta property=\"og:site_name\" content=\"Fiap Paris\" \/>\n<meta property=\"article:modified_time\" content=\"2025-04-23T07:29:20+00:00\" \/>\n<meta name=\"twitter:card\" content=\"summary_large_image\" \/>\n<script type=\"application\/ld+json\" class=\"yoast-schema-graph\">{\"@context\":\"https:\\\/\\\/schema.org\",\"@graph\":[{\"@type\":\"WebPage\",\"@id\":\"https:\\\/\\\/www.fiap.paris\\\/en\\\/fiap-meetings\\\/\",\"url\":\"https:\\\/\\\/www.fiap.paris\\\/en\\\/fiap-meetings\\\/\",\"name\":\"Fiap Meetings - Fiap Paris\",\"isPartOf\":{\"@id\":\"https:\\\/\\\/www.fiap.paris\\\/en\\\/#website\"},\"datePublished\":\"2022-10-18T15:41:57+00:00\",\"dateModified\":\"2025-04-23T07:29:20+00:00\",\"breadcrumb\":{\"@id\":\"https:\\\/\\\/www.fiap.paris\\\/en\\\/fiap-meetings\\\/#breadcrumb\"},\"inLanguage\":\"en-US\",\"potentialAction\":[{\"@type\":\"ReadAction\",\"target\":[\"https:\\\/\\\/www.fiap.paris\\\/en\\\/fiap-meetings\\\/\"]}]},{\"@type\":\"BreadcrumbList\",\"@id\":\"https:\\\/\\\/www.fiap.paris\\\/en\\\/fiap-meetings\\\/#breadcrumb\",\"itemListElement\":[{\"@type\":\"ListItem\",\"position\":1,\"name\":\"Accueil\",\"item\":\"https:\\\/\\\/www.fiap.paris\\\/en\\\/\"},{\"@type\":\"ListItem\",\"position\":2,\"name\":\"Fiap Meetings\"}]},{\"@type\":\"WebSite\",\"@id\":\"https:\\\/\\\/www.fiap.paris\\\/en\\\/#website\",\"url\":\"https:\\\/\\\/www.fiap.paris\\\/en\\\/\",\"name\":\"Fiap Paris\",\"description\":\"H\u00e9bergement et S\u00e9minaires \u00e0 Paris\",\"potentialAction\":[{\"@type\":\"SearchAction\",\"target\":{\"@type\":\"EntryPoint\",\"urlTemplate\":\"https:\\\/\\\/www.fiap.paris\\\/en\\\/?s={search_term_string}\"},\"query-input\":{\"@type\":\"PropertyValueSpecification\",\"valueRequired\":true,\"valueName\":\"search_term_string\"}}],\"inLanguage\":\"en-US\"}]}<\/script>\n<!-- \/ Yoast SEO plugin. -->","yoast_head_json":{"title":"Fiap Paris","robots":{"index":"index","follow":"follow","max-snippet":"max-snippet:-1","max-image-preview":"max-image-preview:large","max-video-preview":"max-video-preview:-1"},"canonical":"https:\/\/www.fiap.paris\/en\/fiap-meetings\/","og_locale":"en_US","og_type":"article","og_title":"Fiap Meetings - Fiap Paris","og_url":"https:\/\/www.fiap.paris\/en\/fiap-meetings\/","og_site_name":"Fiap Paris","article_modified_time":"2025-04-23T07:29:20+00:00","twitter_card":"summary_large_image","schema":{"@context":"https:\/\/schema.org","@graph":[{"@type":"WebPage","@id":"https:\/\/www.fiap.paris\/en\/fiap-meetings\/","url":"https:\/\/www.fiap.paris\/en\/fiap-meetings\/","name":"Fiap Meetings - Fiap Paris","isPartOf":{"@id":"https:\/\/www.fiap.paris\/en\/#website"},"datePublished":"2022-10-18T15:41:57+00:00","dateModified":"2025-04-23T07:29:20+00:00","breadcrumb":{"@id":"https:\/\/www.fiap.paris\/en\/fiap-meetings\/#breadcrumb"},"inLanguage":"en-US","potentialAction":[{"@type":"ReadAction","target":["https:\/\/www.fiap.paris\/en\/fiap-meetings\/"]}]},{"@type":"BreadcrumbList","@id":"https:\/\/www.fiap.paris\/en\/fiap-meetings\/#breadcrumb","itemListElement":[{"@type":"ListItem","position":1,"name":"Accueil","item":"https:\/\/www.fiap.paris\/en\/"},{"@type":"ListItem","position":2,"name":"Fiap Meetings"}]},{"@type":"WebSite","@id":"https:\/\/www.fiap.paris\/en\/#website","url":"https:\/\/www.fiap.paris\/en\/","name":"Fiap Paris","description":"H\u00e9bergement et S\u00e9minaires \u00e0 Paris","potentialAction":[{"@type":"SearchAction","target":{"@type":"EntryPoint","urlTemplate":"https:\/\/www.fiap.paris\/en\/?s={search_term_string}"},"query-input":{"@type":"PropertyValueSpecification","valueRequired":true,"valueName":"search_term_string"}}],"inLanguage":"en-US"}]}},"_links":{"self":[{"href":"https:\/\/www.fiap.paris\/en\/wp-json\/wp\/v2\/pages\/2446","targetHints":{"allow":["GET"]}}],"collection":[{"href":"https:\/\/www.fiap.paris\/en\/wp-json\/wp\/v2\/pages"}],"about":[{"href":"https:\/\/www.fiap.paris\/en\/wp-json\/wp\/v2\/types\/page"}],"author":[{"embeddable":true,"href":"https:\/\/www.fiap.paris\/en\/wp-json\/wp\/v2\/users\/1"}],"replies":[{"embeddable":true,"href":"https:\/\/www.fiap.paris\/en\/wp-json\/wp\/v2\/comments?post=2446"}],"version-history":[{"count":5,"href":"https:\/\/www.fiap.paris\/en\/wp-json\/wp\/v2\/pages\/2446\/revisions"}],"predecessor-version":[{"id":33189,"href":"https:\/\/www.fiap.paris\/en\/wp-json\/wp\/v2\/pages\/2446\/revisions\/33189"}],"wp:attachment":[{"href":"https:\/\/www.fiap.paris\/en\/wp-json\/wp\/v2\/media?parent=2446"}],"curies":[{"name":"wp","href":"https:\/\/api.w.org\/{rel}","templated":true}]}}