{"id":2459,"date":"2022-10-27T15:52:56","date_gmt":"2022-10-27T13:52:56","guid":{"rendered":"https:\/\/fiap.paris\/fiap-seminaires\/restauration\/"},"modified":"2026-02-10T14:48:44","modified_gmt":"2026-02-10T13:48:44","slug":"catering","status":"publish","type":"page","link":"https:\/\/www.fiap.paris\/en\/fiap-meetings\/catering\/","title":{"rendered":"Catering"},"content":{"rendered":"\n\n<section class=\"b-hero-sm bg-c4\" id='block_9ef0e3e6a034b7bdd504c594e491dc24'>\n\t<div class=\"container\" data-aos=\"fade\" data-aos-delay=\"150\">\n\t\t<div class=\"b-hero-sm_wrp\">\n\t\t\t<div class=\"b-hero-sm_ctn col-lg-5\">\n\t\t\t\t<h1 class=\"b-hero-sm_ttl\" class=\"b-hero-sm_ttl\" id=\"catering\">Catering<\/h1>\t\t\t\t<span class=\"b-hero-sm_subttl\">A complete offer that meets the needs of all types of events.<\/span>\t\t\t<\/div>\n\t\t<\/div>\n\t\t\t\t\t\t<figure class=\"b-hero-sm_bg bg-wrp contain  container\">\n\t\t\t\t\t<img decoding=\"async\" class='b-hero-sm_med' data-aos=\"fade-right\" data-aos-delay=\"150\" loading='lazy' alt=\"catering\" src=\"https:\/\/www.fiap.paris\/wp-content\/uploads\/2022\/11\/shutterstock_2000953967-1.png\" width=\"100%\" height=\"100%\" srcset=\"https:\/\/www.fiap.paris\/wp-content\/uploads\/2022\/11\/shutterstock_2000953967-1.png 1855w, https:\/\/www.fiap.paris\/wp-content\/uploads\/2022\/11\/shutterstock_2000953967-1-742x768.png 742w, https:\/\/www.fiap.paris\/wp-content\/uploads\/2022\/11\/shutterstock_2000953967-1-989x1024.png 989w, https:\/\/www.fiap.paris\/wp-content\/uploads\/2022\/11\/shutterstock_2000953967-1-768x795.png 768w, https:\/\/www.fiap.paris\/wp-content\/uploads\/2022\/11\/shutterstock_2000953967-1-1484x1536.png 1484w, https:\/\/www.fiap.paris\/wp-content\/uploads\/2022\/11\/shutterstock_2000953967-1-1979x2048.png 1979w\" sizes=\"auto, (max-width: 1855px) 100vw, 1855px\">\t\t\t\t<\/figure>\n\t\t\t<\/div>\n<\/section>\n\n\n\n\n\n<section class=\"b-tinymce spc-s2 bg-cw column1\" id='block_e30514a04373c38ed3b70c0946f93102'>\n\t<div class=\"b-tinymce_wrp container   bg-cw\">\n\n\t\t<div class=\"b-tinymce_ctn\" data-aos=\"fade\">\n\t\t\t\t\n\n\t\t\t\t\t\t\t<div class=\"row mobile gy-5\">\n\t\t\t\t\t<div class=\"col-10\">\n\t\t\t\t\t\t<div class=\"b-tinymce_content-txt editor bg-cw\">\n\t\t\t\t\t\t\t<h1 style=\"text-align: center;\" style=\"text-align: center;\" id=\"a-large-catering-offer\"><b>A LARGE CATERING <span style=\"color: #0dbeb7;\">OFFER<\/span><\/b><\/h2>\n<p style=\"text-align: center;\"><span style=\"font-weight: 400;\">To satisfy all your needs, we offer a multitude of catering offers that adapt to all your events and your budget!<br \/>\n&nbsp;<\/span><\/p>\n\t\t\t\t\t\t<\/div>\n\t\t\t\t\t<\/div>\n\t\t\t\t<\/div>\n\n\t\t\t\t\t<\/div>\n\n\t\t\t\t\n\t<\/div>\n<\/section>\n\n\n\n\n\n<section class=\"b-text-media spc-s2 tpl-t2 bg-cw\" id='block_f2572811166fecbb73b171e9c6d71115' data-aos=\"fade\">\n\t<div class='container'>\n\t\t<div class=\"row gy-5\">\n\t\t\t<div class=\"col-lg-6 \">\n\t\t\t\t<div class=\"b-text-media_swiper swiper \" swiper-type='1'>\n\t\t\t\t\t<div class=\"b-text-media_wrp swiper-wrapper\">\n\t\t\t\t\t\t\t\t\t\t\t\t\t\n<div class=\"c-slide-media_slide swiper-slide\">\n\t\t\t<figure class=\"c-slide-media_img rt-full \">\n\t\t\t<img decoding=\"async\" class=\"c-slide-media_med cover\" loading='lazy' alt=\"catering\" src=\"https:\/\/www.fiap.paris\/wp-content\/uploads\/2022\/12\/Self_7-1024x683.jpg\" width=\"100%\" height=\"100%\" srcset=\"https:\/\/www.fiap.paris\/wp-content\/uploads\/2022\/12\/Self_7-1024x683.jpg 1024w, https:\/\/www.fiap.paris\/wp-content\/uploads\/2022\/12\/Self_7-768x512.jpg 768w, https:\/\/www.fiap.paris\/wp-content\/uploads\/2022\/12\/Self_7-1536x1024.jpg 1536w, https:\/\/www.fiap.paris\/wp-content\/uploads\/2022\/12\/Self_7-2048x1365.jpg 2048w\" sizes=\"auto, (max-width: 1024px) 100vw, 1024px\">\t\t\t\t\t\t\t\t\n\t\t<\/figure>\t\n\t<\/div>\t\t\t\t\t\t\t\t\t\t\t\t\t\n<div class=\"c-slide-media_slide swiper-slide\">\n\t\t\t<figure class=\"c-slide-media_img rt-full \">\n\t\t\t<img decoding=\"async\" class=\"c-slide-media_med cover\" loading='lazy' alt=\"catering\" src=\"https:\/\/www.fiap.paris\/wp-content\/uploads\/2022\/12\/WEB_20220910_FIAP_AVEC_RETOUCHE-9225-1024x683.jpg\" width=\"100%\" height=\"100%\" srcset=\"https:\/\/www.fiap.paris\/wp-content\/uploads\/2022\/12\/WEB_20220910_FIAP_AVEC_RETOUCHE-9225-1024x683.jpg 1024w, https:\/\/www.fiap.paris\/wp-content\/uploads\/2022\/12\/WEB_20220910_FIAP_AVEC_RETOUCHE-9225-768x512.jpg 768w, https:\/\/www.fiap.paris\/wp-content\/uploads\/2022\/12\/WEB_20220910_FIAP_AVEC_RETOUCHE-9225-1536x1024.jpg 1536w, https:\/\/www.fiap.paris\/wp-content\/uploads\/2022\/12\/WEB_20220910_FIAP_AVEC_RETOUCHE-9225.jpg 2048w\" sizes=\"auto, (max-width: 1024px) 100vw, 1024px\">\t\t\t\t\t\t\t\t\n\t\t<\/figure>\t\n\t<\/div>\t\t\t\t\t\t\t\t\t\t\t<\/div>\n\t\t\t\t\t\t\t\t\t\t<div class=\"c-navi swiper-navigation-tpl1\">\n\t\t\t\t\t\t<button class=\"navi-prev bi bi-chevron-left\"><\/button>\n\t\t\t\t\t\t<button class=\"navi-next bi bi-chevron-right\"><\/button>\n\t\t\t\t\t<\/div>\n\t\t\t\t\t\t\t\t\t<\/div>\n\t\t\t<\/div>\n\t\t\t<div class='col-lg-5'>\n\t\t\t\t<div class=\"b-text-media_ctn\">\n\t\t\t\t\t<div class=\"b-text-media_txt editor\"><ul>\n<li><span style=\"font-weight: 400;\">A group restaurant to enjoy a privileged moment with a meal served on the plate<br \/>\n<\/span><\/li>\n<li><span style=\"font-weight: 400;\">A self-service restaurant to save time&nbsp;<\/span><\/li>\n<li><span style=\"font-weight: 400;\">A lunch or dinner cocktail for networking<br \/>\n<\/span><\/li>\n<\/ul>\n<\/div>\n\t\t\t\t<\/div>\n\t\t\t<\/div>\n\t\t<\/div>\n\t<\/div>\n<\/section>\n\n\n\n\n\n<section class=\"b-text-media spc-s2 tpl-t1 bg-cw\" id='block_96564121f0efa0f062c0d1e7b2eca62a' data-aos=\"fade\">\n\t<div class='container'>\n\t\t<div class=\"row gy-5\">\n\t\t\t<div class=\"col-lg-6 \">\n\t\t\t\t<div class=\"b-text-media_swiper swiper \" >\n\t\t\t\t\t<div class=\"b-text-media_wrp swiper-wrapper\">\n\t\t\t\t\t\t\t\t\t\t\t\t\t\n<div class=\"c-slide-media_slide swiper-slide\">\n\t\t\t<figure class=\"c-slide-media_img rt-full \">\n\t\t\t<img decoding=\"async\" class=\"c-slide-media_med cover\" loading='lazy' alt=\"catering\" src=\"https:\/\/www.fiap.paris\/wp-content\/uploads\/2022\/12\/Pause-Gourmande-1024x683.jpg\" width=\"100%\" height=\"100%\" srcset=\"https:\/\/www.fiap.paris\/wp-content\/uploads\/2022\/12\/Pause-Gourmande-1024x683.jpg 1024w, https:\/\/www.fiap.paris\/wp-content\/uploads\/2022\/12\/Pause-Gourmande-768x512.jpg 768w, https:\/\/www.fiap.paris\/wp-content\/uploads\/2022\/12\/Pause-Gourmande-1536x1024.jpg 1536w, https:\/\/www.fiap.paris\/wp-content\/uploads\/2022\/12\/Pause-Gourmande.jpg 2048w\" sizes=\"auto, (max-width: 1024px) 100vw, 1024px\">\t\t\t\t\t\t\t\t\n\t\t<\/figure>\t\n\t<\/div>\t\t\t\t\t\t\t\t\t\t\t<\/div>\n\t\t\t\t\t\t\t\t\t<\/div>\n\t\t\t<\/div>\n\t\t\t<div class='col-lg-5'>\n\t\t\t\t<div class=\"b-text-media_ctn\">\n\t\t\t\t\t<div class=\"b-text-media_txt editor\"><p><span style=\"font-weight: 400;\">Pastries and gourmet breaks can also be an option to take a break!<\/span><\/p>\n<\/div>\n\t\t\t\t<\/div>\n\t\t\t<\/div>\n\t\t<\/div>\n\t<\/div>\n<\/section>\n\n\n\n\n\n<section class=\"b-tinymce spc-s2 bg-cw column1\" id='block_72310f0c36314167ebd49303a5d604f8'>\n\t<div class=\"b-tinymce_wrp container   bg-cw\">\n\n\t\t<div class=\"b-tinymce_ctn\" data-aos=\"fade\">\n\t\t\t\t\n\n\t\t\t\t\t\t\t<div class=\"row mobile gy-5\">\n\t\t\t\t\t<div class=\"col-10\">\n\t\t\t\t\t\t<div class=\"b-tinymce_content-txt editor bg-cw\">\n\t\t\t\t\t\t\t<p style=\"text-align: center;\"><a class=\"btn btn-c1\" href=\"https:\/\/ugc.production.linktr.ee\/5b487a1b-e494-46f0-94eb-e098cdb87d8a_Offre-2026.pdf\" target=\"_blank\" rel=\"noopener\">Download our offer to get an idea!<br \/>\n<\/a><\/p>\n\t\t\t\t\t\t<\/div>\n\t\t\t\t\t<\/div>\n\t\t\t\t<\/div>\n\n\t\t\t\t\t<\/div>\n\n\t\t\t\t\n\t<\/div>\n<\/section>\n\n\n\n\n\n<section class=\"b-banner spc-s2 bg-c2\" id='block_1c53688eff717169afc192866a995357' data-aos='fade'> \n\t<div class=\"container\">\n\t\t<div class=\"row\">\n\t\t\t<div class=\"col-lg-8 col-sm-12\">\n\t\t\t\t\n<header class=\"c-heading\">\n        \n            <div class=\"c-heading_desc editor\"><h2 style=\"text-align: center;\" style=\"text-align: center;\" id=\"book-now\"><span style=\"color: #202967;\">BOOK NOW<\/span><\/h2>\n<h2 style=\"text-align: center;\" style=\"text-align: center;\" id=\"stay-in-one-of-our-rooms\">Stay in one of our rooms<\/h2>\n<p style=\"text-align: center;\"><a class=\"btn btn-c1\" href=\"https:\/\/online.bookvisit.com\/R?channelId=bc6ee1e9-07b3-4a5e-9b4e-2844dc99a51e&amp;initialPath=%2Faccommodation#\/accommodation\">Booking<\/a><\/p>\n<\/div>\n    <\/header>\t\t\t\t\t\t\t<\/div>\n\t\t<\/div>\n\t\t\t\t\t<figure class=\"b-banner_bg bg-wrp contain  container\">\n\t\t\t\t<img decoding=\"async\" class='b-banner_med' loading='lazy' alt=\"catering\" src=\"https:\/\/www.fiap.paris\/wp-content\/uploads\/2022\/10\/fille-qui-parle-banniere.png\" width=\"100%\" height=\"100%\" srcset=\"\" sizes=\"auto, (max-width: 170px) 100vw, 170px\">\t\t\t<\/figure>\n\t\t\t\t<\/div>\n\t<\/div>\n<\/section>\n\n","protected":false},"excerpt":{"rendered":"","protected":false},"author":1,"featured_media":0,"parent":2446,"menu_order":0,"comment_status":"closed","ping_status":"closed","template":"","meta":{"_acf_changed":false,"inline_featured_image":false,"footnotes":""},"class_list":["post-2459","page","type-page","status-publish","hentry"],"acf":[],"yoast_head":"<!-- This site is optimized with the Yoast SEO plugin v27.4 - https:\/\/yoast.com\/product\/yoast-seo-wordpress\/ -->\n<title>Fiap Paris<\/title>\n<meta name=\"robots\" content=\"index, follow, max-snippet:-1, max-image-preview:large, max-video-preview:-1\" \/>\n<link rel=\"canonical\" href=\"https:\/\/www.fiap.paris\/en\/fiap-meetings\/catering\/\" \/>\n<meta property=\"og:locale\" content=\"en_US\" \/>\n<meta property=\"og:type\" content=\"article\" \/>\n<meta property=\"og:title\" content=\"Catering - Fiap Paris\" \/>\n<meta property=\"og:url\" content=\"https:\/\/www.fiap.paris\/en\/fiap-meetings\/catering\/\" \/>\n<meta property=\"og:site_name\" content=\"Fiap Paris\" \/>\n<meta property=\"article:modified_time\" content=\"2026-02-10T13:48:44+00:00\" \/>\n<meta name=\"twitter:card\" content=\"summary_large_image\" \/>\n<script type=\"application\/ld+json\" class=\"yoast-schema-graph\">{\"@context\":\"https:\\\/\\\/schema.org\",\"@graph\":[{\"@type\":\"WebPage\",\"@id\":\"https:\\\/\\\/www.fiap.paris\\\/en\\\/fiap-meetings\\\/catering\\\/\",\"url\":\"https:\\\/\\\/www.fiap.paris\\\/en\\\/fiap-meetings\\\/catering\\\/\",\"name\":\"Catering - Fiap Paris\",\"isPartOf\":{\"@id\":\"https:\\\/\\\/www.fiap.paris\\\/en\\\/#website\"},\"datePublished\":\"2022-10-27T13:52:56+00:00\",\"dateModified\":\"2026-02-10T13:48:44+00:00\",\"breadcrumb\":{\"@id\":\"https:\\\/\\\/www.fiap.paris\\\/en\\\/fiap-meetings\\\/catering\\\/#breadcrumb\"},\"inLanguage\":\"en-US\",\"potentialAction\":[{\"@type\":\"ReadAction\",\"target\":[\"https:\\\/\\\/www.fiap.paris\\\/en\\\/fiap-meetings\\\/catering\\\/\"]}]},{\"@type\":\"BreadcrumbList\",\"@id\":\"https:\\\/\\\/www.fiap.paris\\\/en\\\/fiap-meetings\\\/catering\\\/#breadcrumb\",\"itemListElement\":[{\"@type\":\"ListItem\",\"position\":1,\"name\":\"Accueil\",\"item\":\"https:\\\/\\\/www.fiap.paris\\\/en\\\/\"},{\"@type\":\"ListItem\",\"position\":2,\"name\":\"Fiap Meetings\",\"item\":\"https:\\\/\\\/www.fiap.paris\\\/en\\\/fiap-meetings\\\/\"},{\"@type\":\"ListItem\",\"position\":3,\"name\":\"Catering\"}]},{\"@type\":\"WebSite\",\"@id\":\"https:\\\/\\\/www.fiap.paris\\\/en\\\/#website\",\"url\":\"https:\\\/\\\/www.fiap.paris\\\/en\\\/\",\"name\":\"Fiap Paris\",\"description\":\"H\u00e9bergement et S\u00e9minaires \u00e0 Paris\",\"potentialAction\":[{\"@type\":\"SearchAction\",\"target\":{\"@type\":\"EntryPoint\",\"urlTemplate\":\"https:\\\/\\\/www.fiap.paris\\\/en\\\/?s={search_term_string}\"},\"query-input\":{\"@type\":\"PropertyValueSpecification\",\"valueRequired\":true,\"valueName\":\"search_term_string\"}}],\"inLanguage\":\"en-US\"}]}<\/script>\n<!-- \/ Yoast SEO plugin. -->","yoast_head_json":{"title":"Fiap Paris","robots":{"index":"index","follow":"follow","max-snippet":"max-snippet:-1","max-image-preview":"max-image-preview:large","max-video-preview":"max-video-preview:-1"},"canonical":"https:\/\/www.fiap.paris\/en\/fiap-meetings\/catering\/","og_locale":"en_US","og_type":"article","og_title":"Catering - Fiap Paris","og_url":"https:\/\/www.fiap.paris\/en\/fiap-meetings\/catering\/","og_site_name":"Fiap Paris","article_modified_time":"2026-02-10T13:48:44+00:00","twitter_card":"summary_large_image","schema":{"@context":"https:\/\/schema.org","@graph":[{"@type":"WebPage","@id":"https:\/\/www.fiap.paris\/en\/fiap-meetings\/catering\/","url":"https:\/\/www.fiap.paris\/en\/fiap-meetings\/catering\/","name":"Catering - Fiap Paris","isPartOf":{"@id":"https:\/\/www.fiap.paris\/en\/#website"},"datePublished":"2022-10-27T13:52:56+00:00","dateModified":"2026-02-10T13:48:44+00:00","breadcrumb":{"@id":"https:\/\/www.fiap.paris\/en\/fiap-meetings\/catering\/#breadcrumb"},"inLanguage":"en-US","potentialAction":[{"@type":"ReadAction","target":["https:\/\/www.fiap.paris\/en\/fiap-meetings\/catering\/"]}]},{"@type":"BreadcrumbList","@id":"https:\/\/www.fiap.paris\/en\/fiap-meetings\/catering\/#breadcrumb","itemListElement":[{"@type":"ListItem","position":1,"name":"Accueil","item":"https:\/\/www.fiap.paris\/en\/"},{"@type":"ListItem","position":2,"name":"Fiap Meetings","item":"https:\/\/www.fiap.paris\/en\/fiap-meetings\/"},{"@type":"ListItem","position":3,"name":"Catering"}]},{"@type":"WebSite","@id":"https:\/\/www.fiap.paris\/en\/#website","url":"https:\/\/www.fiap.paris\/en\/","name":"Fiap Paris","description":"H\u00e9bergement et S\u00e9minaires \u00e0 Paris","potentialAction":[{"@type":"SearchAction","target":{"@type":"EntryPoint","urlTemplate":"https:\/\/www.fiap.paris\/en\/?s={search_term_string}"},"query-input":{"@type":"PropertyValueSpecification","valueRequired":true,"valueName":"search_term_string"}}],"inLanguage":"en-US"}]}},"_links":{"self":[{"href":"https:\/\/www.fiap.paris\/en\/wp-json\/wp\/v2\/pages\/2459","targetHints":{"allow":["GET"]}}],"collection":[{"href":"https:\/\/www.fiap.paris\/en\/wp-json\/wp\/v2\/pages"}],"about":[{"href":"https:\/\/www.fiap.paris\/en\/wp-json\/wp\/v2\/types\/page"}],"author":[{"embeddable":true,"href":"https:\/\/www.fiap.paris\/en\/wp-json\/wp\/v2\/users\/1"}],"replies":[{"embeddable":true,"href":"https:\/\/www.fiap.paris\/en\/wp-json\/wp\/v2\/comments?post=2459"}],"version-history":[{"count":5,"href":"https:\/\/www.fiap.paris\/en\/wp-json\/wp\/v2\/pages\/2459\/revisions"}],"predecessor-version":[{"id":38937,"href":"https:\/\/www.fiap.paris\/en\/wp-json\/wp\/v2\/pages\/2459\/revisions\/38937"}],"up":[{"embeddable":true,"href":"https:\/\/www.fiap.paris\/en\/wp-json\/wp\/v2\/pages\/2446"}],"wp:attachment":[{"href":"https:\/\/www.fiap.paris\/en\/wp-json\/wp\/v2\/media?parent=2459"}],"curies":[{"name":"wp","href":"https:\/\/api.w.org\/{rel}","templated":true}]}}