{"id":2483,"date":"2022-10-18T17:41:12","date_gmt":"2022-10-18T15:41:12","guid":{"rendered":"https:\/\/fiap.paris\/reservations\/"},"modified":"2025-04-23T09:28:35","modified_gmt":"2025-04-23T07:28:35","slug":"booking","status":"publish","type":"page","link":"https:\/\/www.fiap.paris\/en\/booking\/","title":{"rendered":"Booking"},"content":{"rendered":"\n\n<section class=\"b-hero-sm bg-c2\" id='block_ac6ff64c2607ebc41df5012216873197'>\n\t<div class=\"container\" data-aos=\"fade\" data-aos-delay=\"150\">\n\t\t<div class=\"b-hero-sm_wrp\">\n\t\t\t<div class=\"b-hero-sm_ctn col-lg-5\">\n\t\t\t\t<h1 class=\"b-hero-sm_ttl\" class=\"b-hero-sm_ttl\" id=\"booking\">Booking<\/h1>\t\t\t\t<span class=\"b-hero-sm_subttl\">Choisissez la prestation qui vous convient.<\/span>\t\t\t<\/div>\n\t\t<\/div>\n\t\t\t\t\t\t<figure class=\"b-hero-sm_bg bg-wrp contain  container\">\n\t\t\t\t\t<img decoding=\"async\" class='b-hero-sm_med' data-aos=\"fade-right\" data-aos-delay=\"150\" loading='lazy' alt=\"booking\" src=\"https:\/\/www.fiap.paris\/wp-content\/uploads\/2022\/11\/shutterstock_1464749207.png\" width=\"100%\" height=\"100%\" srcset=\"https:\/\/www.fiap.paris\/wp-content\/uploads\/2022\/11\/shutterstock_1464749207.png 1084w, https:\/\/www.fiap.paris\/wp-content\/uploads\/2022\/11\/shutterstock_1464749207-768x504.png 768w, https:\/\/www.fiap.paris\/wp-content\/uploads\/2022\/11\/shutterstock_1464749207-1024x673.png 1024w\" sizes=\"auto, (max-width: 1084px) 100vw, 1084px\">\t\t\t\t<\/figure>\n\t\t\t<\/div>\n<\/section>\n\n\n\n\n\n<section class=\"b-tinymce spc-s2 bg-cw column1\" id='block_7157d966d238adb7879187f5e5cf14ee'>\n\t<div class=\"b-tinymce_wrp container   bg-cw\">\n\n\t\t<div class=\"b-tinymce_ctn\" data-aos=\"fade\">\n\t\t\t\t\n\n\t\t\t\t\t\t\t<div class=\"row mobile gy-5\">\n\t\t\t\t\t<div class=\"col-10\">\n\t\t\t\t\t\t<div class=\"b-tinymce_content-txt editor bg-cw\">\n\t\t\t\t\t\t\t<h1 style=\"text-align: center;\" style=\"text-align: center;\" id=\"book-your-customized-stay\">BOOK YOUR <span style=\"color: #10a0fa;\">CUSTOMIZED<\/span> STAY&nbsp;<\/h2>\n<p style=\"text-align: center;\">With its 192 rooms, FIAP welcomes you in an international atmosphere in spaces designed for your comfort.<\/p>\n\t\t\t\t\t\t<\/div>\n\t\t\t\t\t<\/div>\n\t\t\t\t<\/div>\n\n\t\t\t\t\t<\/div>\n\n\t\t\t\t\n\t<\/div>\n<\/section>\n\n\n\n\n\n<section class=\"b-text-media spc-s2 tpl-t2 bg-cw\" id='block_56f8039ff80d56b265f26ab5012b48e8' data-aos=\"fade\">\n\t<div class='container'>\n\t\t<div class=\"row gy-5\">\n\t\t\t<div class=\"col-lg-6 \">\n\t\t\t\t<div class=\"b-text-media_swiper swiper \" >\n\t\t\t\t\t<div class=\"b-text-media_wrp swiper-wrapper\">\n\t\t\t\t\t\t\t\t\t\t\t\t\t\n<div class=\"c-slide-media_slide swiper-slide\">\n\t\t\t<figure class=\"c-slide-media_img rt-full \">\n\t\t\t<img decoding=\"async\" class=\"c-slide-media_med cover\" loading='lazy' alt=\"booking\" src=\"https:\/\/www.fiap.paris\/wp-content\/uploads\/2022\/10\/chambre_double-1024x663.jpg\" width=\"100%\" height=\"100%\" srcset=\"https:\/\/www.fiap.paris\/wp-content\/uploads\/2022\/10\/chambre_double-1024x663.jpg 1024w, https:\/\/www.fiap.paris\/wp-content\/uploads\/2022\/10\/chambre_double-768x497.jpg 768w, https:\/\/www.fiap.paris\/wp-content\/uploads\/2022\/10\/chambre_double.jpg 1084w\" sizes=\"auto, (max-width: 1024px) 100vw, 1024px\">\t\t\t\t\t\t\t\t\n\t\t<\/figure>\t\n\t<\/div>\t\t\t\t\t\t\t\t\t\t\t<\/div>\n\t\t\t\t\t\t\t\t\t<\/div>\n\t\t\t<\/div>\n\t\t\t<div class='col-lg-5'>\n\t\t\t\t<div class=\"b-text-media_ctn\">\n\t\t\t\t\t<div class=\"b-text-media_txt editor\"><h2 id=\"individuals\">INDIVIDUALS<\/h2>\n<p><span style=\"color: #10a0fa;\"><img decoding=\"async\" class=\"wp-image-103 size-full alignleft\" src=\"https:\/\/fiap.paris\/wp-content\/uploads\/2022\/09\/icon_bleu_sansfond_femme.svg\" alt=\"\" width=\"16\" height=\"17\" \/><\/span><span style=\"color: #10a0fa;\">Up to 9 persons<\/span><\/p>\n<p>Alone, in couple, with friends or in family, if you are less than 10 people, it is an individual reservation.&nbsp;<\/p>\n<p><a class=\"btn btn-c1\" href=\"https:\/\/online.bookvisit.com\/accommodation\/list?channelId=bc6ee1e9-07b3-4a5e-9b4e-2844dc99a51e\" target=\"_blank\" rel=\"noopener\">BOOK NOW<\/a><\/p>\n<\/div>\n\t\t\t\t<\/div>\n\t\t\t<\/div>\n\t\t<\/div>\n\t<\/div>\n<\/section>\n\n\n\n\n\n<section class=\"b-text-media spc-s2 tpl-t1 bg-cw\" id='block_1dfe0b3ef11c8626c095ca3c8f478be0' data-aos=\"fade\">\n\t<div class='container'>\n\t\t<div class=\"row gy-5\">\n\t\t\t<div class=\"col-lg-6 \">\n\t\t\t\t<div class=\"b-text-media_swiper swiper \" >\n\t\t\t\t\t<div class=\"b-text-media_wrp swiper-wrapper\">\n\t\t\t\t\t\t\t\t\t\t\t\t\t\n<div class=\"c-slide-media_slide swiper-slide\">\n\t\t\t<figure class=\"c-slide-media_img rt-full \">\n\t\t\t<img decoding=\"async\" class=\"c-slide-media_med cover\" loading='lazy' alt=\"booking\" src=\"https:\/\/www.fiap.paris\/wp-content\/uploads\/2022\/10\/escaliers_valises-1024x778.jpg\" width=\"100%\" height=\"100%\" srcset=\"https:\/\/www.fiap.paris\/wp-content\/uploads\/2022\/10\/escaliers_valises-1024x778.jpg 1024w, https:\/\/www.fiap.paris\/wp-content\/uploads\/2022\/10\/escaliers_valises-768x584.jpg 768w, https:\/\/www.fiap.paris\/wp-content\/uploads\/2022\/10\/escaliers_valises.jpg 1084w\" sizes=\"auto, (max-width: 1024px) 100vw, 1024px\">\t\t\t\t\t\t\t\t\n\t\t<\/figure>\t\n\t<\/div>\t\t\t\t\t\t\t\t\t\t\t<\/div>\n\t\t\t\t\t\t\t\t\t<\/div>\n\t\t\t<\/div>\n\t\t\t<div class='col-lg-5'>\n\t\t\t\t<div class=\"b-text-media_ctn\">\n\t\t\t\t\t<div class=\"b-text-media_txt editor\"><h2 id=\"groups\">GROUPS<\/h2>\n<p><span style=\"color: #10a0fa;\"><img decoding=\"async\" class=\"wp-image-103 size-full alignleft\" src=\"https:\/\/fiap.paris\/wp-content\/uploads\/2022\/09\/icon_bleu_sansfond_femme.svg\" alt=\"\" width=\"16\" height=\"17\" \/><\/span><span style=\"color: #10a0fa;\">From 10 persons<\/span><\/p>\n<p>To best organize your group&#8217;s short or long stay, regardless of the age of your participants, we will help you at every step of the booking process.<\/p>\n<p><a class=\"btn btn-c1\" href=\"https:\/\/www.fiap.paris\/en\/booking\/youth-groups\/\">MAKE A BOOKING REQUEST<\/a><\/p>\n<\/div>\n\t\t\t\t<\/div>\n\t\t\t<\/div>\n\t\t<\/div>\n\t<\/div>\n<\/section>\n\n\n\n\n\n<section class=\"b-text-media spc-s2 tpl-t2 bg-cw\" id='block_912ee30cbf09d4ed14e8b6b1028d83b6' data-aos=\"fade\">\n\t<div class='container'>\n\t\t<div class=\"row gy-5\">\n\t\t\t<div class=\"col-lg-6 \">\n\t\t\t\t<div class=\"b-text-media_swiper swiper \" >\n\t\t\t\t\t<div class=\"b-text-media_wrp swiper-wrapper\">\n\t\t\t\t\t\t\t\t\t\t\t\t\t\n<div class=\"c-slide-media_slide swiper-slide\">\n\t\t\t<figure class=\"c-slide-media_img rt-full \">\n\t\t\t<img decoding=\"async\" class=\"c-slide-media_med cover\" loading='lazy' alt=\"booking\" src=\"https:\/\/www.fiap.paris\/wp-content\/uploads\/2025\/02\/paris-02-min-1-1-1024x683.jpg\" width=\"100%\" height=\"100%\" srcset=\"https:\/\/www.fiap.paris\/wp-content\/uploads\/2025\/02\/paris-02-min-1-1-1024x683.jpg 1024w, https:\/\/www.fiap.paris\/wp-content\/uploads\/2025\/02\/paris-02-min-1-1-768x512.jpg 768w, https:\/\/www.fiap.paris\/wp-content\/uploads\/2025\/02\/paris-02-min-1-1-1536x1024.jpg 1536w, https:\/\/www.fiap.paris\/wp-content\/uploads\/2025\/02\/paris-02-min-1-1.jpg 1920w\" sizes=\"auto, (max-width: 1024px) 100vw, 1024px\">\t\t\t\t\t\t\t\t\n\t\t<\/figure>\t\n\t<\/div>\t\t\t\t\t\t\t\t\t\t\t<\/div>\n\t\t\t\t\t\t\t\t\t<\/div>\n\t\t\t<\/div>\n\t\t\t<div class='col-lg-5'>\n\t\t\t\t<div class=\"b-text-media_ctn\">\n\t\t\t\t\t<div class=\"b-text-media_txt editor\"><h2 id=\"meetings-room-rental\">MEETINGS &amp; ROOM RENTAL<\/h2>\n<p><span style=\"color: #10a0fa;\"><img decoding=\"async\" class=\"wp-image-103 size-full alignleft\" src=\"https:\/\/fiap.paris\/wp-content\/uploads\/2022\/09\/icon_bleu_sansfond_femme.svg\" alt=\"\" width=\"16\" height=\"17\" \/><\/span><span style=\"color: #10a0fa;\">From 6 persons<\/span><\/p>\n<p>To book a room, organize your event or a residential seminar, we will send you a quote, perfectly adapted to your needs.<\/p>\n<p><a class=\"btn btn-c1\" href=\"https:\/\/www.fiap.paris\/en\/booking\/meetings\/\">MAKE A BOOKING REQUEST<\/a><\/p>\n<\/div>\n\t\t\t\t<\/div>\n\t\t\t<\/div>\n\t\t<\/div>\n\t<\/div>\n<\/section>\n\n\n\n\n\n<section class=\"b-banner spc-s2 bg-c2\" id='block_3dbb12d992f12d4e928dd886736b28da' data-aos='fade'> \n\t<div class=\"container\">\n\t\t<div class=\"row\">\n\t\t\t<div class=\"col-lg-8 col-sm-12\">\n\t\t\t\t\n<header class=\"c-heading\">\n        \n            <div class=\"c-heading_desc editor\"><h2 style=\"text-align: center;\" style=\"text-align: center;\" id=\"book-now\"><span style=\"color: #202967;\">BOOK NOW<\/span><\/h2>\n<h2 style=\"text-align: center;\" style=\"text-align: center;\" id=\"stay-in-one-of-our-rooms\">Stay in one of our rooms<\/h2>\n<p style=\"text-align: center;\"><a class=\"btn btn-c1\" href=\"https:\/\/online.bookvisit.com\/R?channelId=bc6ee1e9-07b3-4a5e-9b4e-2844dc99a51e&amp;initialPath=%2Faccommodation#\/accommodation\">Booking<\/a><\/p>\n<\/div>\n    <\/header>\t\t\t\t\t\t\t<\/div>\n\t\t<\/div>\n\t\t\t\t\t<figure class=\"b-banner_bg bg-wrp contain  container\">\n\t\t\t\t<img decoding=\"async\" class='b-banner_med' loading='lazy' alt=\"booking\" src=\"https:\/\/www.fiap.paris\/wp-content\/uploads\/2022\/10\/fille-qui-parle-banniere.png\" width=\"100%\" height=\"100%\" srcset=\"\" sizes=\"auto, (max-width: 170px) 100vw, 170px\">\t\t\t<\/figure>\n\t\t\t\t<\/div>\n\t<\/div>\n<\/section>\n\n","protected":false},"excerpt":{"rendered":"","protected":false},"author":1,"featured_media":0,"parent":0,"menu_order":0,"comment_status":"closed","ping_status":"closed","template":"","meta":{"_acf_changed":false,"inline_featured_image":false,"footnotes":""},"class_list":["post-2483","page","type-page","status-publish","hentry"],"acf":[],"yoast_head":"<!-- This site is optimized with the Yoast SEO plugin v27.4 - https:\/\/yoast.com\/product\/yoast-seo-wordpress\/ -->\n<title>Fiap Paris<\/title>\n<meta name=\"robots\" content=\"index, follow, max-snippet:-1, max-image-preview:large, max-video-preview:-1\" \/>\n<link rel=\"canonical\" href=\"https:\/\/www.fiap.paris\/en\/booking\/\" \/>\n<meta property=\"og:locale\" content=\"en_US\" \/>\n<meta property=\"og:type\" content=\"article\" \/>\n<meta property=\"og:title\" content=\"Booking - Fiap Paris\" \/>\n<meta property=\"og:url\" content=\"https:\/\/www.fiap.paris\/en\/booking\/\" \/>\n<meta property=\"og:site_name\" content=\"Fiap Paris\" \/>\n<meta property=\"article:modified_time\" content=\"2025-04-23T07:28:35+00:00\" \/>\n<meta name=\"twitter:card\" content=\"summary_large_image\" \/>\n<script type=\"application\/ld+json\" class=\"yoast-schema-graph\">{\"@context\":\"https:\\\/\\\/schema.org\",\"@graph\":[{\"@type\":\"WebPage\",\"@id\":\"https:\\\/\\\/www.fiap.paris\\\/en\\\/booking\\\/\",\"url\":\"https:\\\/\\\/www.fiap.paris\\\/en\\\/booking\\\/\",\"name\":\"Booking - Fiap Paris\",\"isPartOf\":{\"@id\":\"https:\\\/\\\/www.fiap.paris\\\/en\\\/#website\"},\"datePublished\":\"2022-10-18T15:41:12+00:00\",\"dateModified\":\"2025-04-23T07:28:35+00:00\",\"breadcrumb\":{\"@id\":\"https:\\\/\\\/www.fiap.paris\\\/en\\\/booking\\\/#breadcrumb\"},\"inLanguage\":\"en-US\",\"potentialAction\":[{\"@type\":\"ReadAction\",\"target\":[\"https:\\\/\\\/www.fiap.paris\\\/en\\\/booking\\\/\"]}]},{\"@type\":\"BreadcrumbList\",\"@id\":\"https:\\\/\\\/www.fiap.paris\\\/en\\\/booking\\\/#breadcrumb\",\"itemListElement\":[{\"@type\":\"ListItem\",\"position\":1,\"name\":\"Accueil\",\"item\":\"https:\\\/\\\/www.fiap.paris\\\/en\\\/\"},{\"@type\":\"ListItem\",\"position\":2,\"name\":\"Booking\"}]},{\"@type\":\"WebSite\",\"@id\":\"https:\\\/\\\/www.fiap.paris\\\/en\\\/#website\",\"url\":\"https:\\\/\\\/www.fiap.paris\\\/en\\\/\",\"name\":\"Fiap Paris\",\"description\":\"H\u00e9bergement et S\u00e9minaires \u00e0 Paris\",\"potentialAction\":[{\"@type\":\"SearchAction\",\"target\":{\"@type\":\"EntryPoint\",\"urlTemplate\":\"https:\\\/\\\/www.fiap.paris\\\/en\\\/?s={search_term_string}\"},\"query-input\":{\"@type\":\"PropertyValueSpecification\",\"valueRequired\":true,\"valueName\":\"search_term_string\"}}],\"inLanguage\":\"en-US\"}]}<\/script>\n<!-- \/ Yoast SEO plugin. -->","yoast_head_json":{"title":"Fiap Paris","robots":{"index":"index","follow":"follow","max-snippet":"max-snippet:-1","max-image-preview":"max-image-preview:large","max-video-preview":"max-video-preview:-1"},"canonical":"https:\/\/www.fiap.paris\/en\/booking\/","og_locale":"en_US","og_type":"article","og_title":"Booking - Fiap Paris","og_url":"https:\/\/www.fiap.paris\/en\/booking\/","og_site_name":"Fiap Paris","article_modified_time":"2025-04-23T07:28:35+00:00","twitter_card":"summary_large_image","schema":{"@context":"https:\/\/schema.org","@graph":[{"@type":"WebPage","@id":"https:\/\/www.fiap.paris\/en\/booking\/","url":"https:\/\/www.fiap.paris\/en\/booking\/","name":"Booking - Fiap Paris","isPartOf":{"@id":"https:\/\/www.fiap.paris\/en\/#website"},"datePublished":"2022-10-18T15:41:12+00:00","dateModified":"2025-04-23T07:28:35+00:00","breadcrumb":{"@id":"https:\/\/www.fiap.paris\/en\/booking\/#breadcrumb"},"inLanguage":"en-US","potentialAction":[{"@type":"ReadAction","target":["https:\/\/www.fiap.paris\/en\/booking\/"]}]},{"@type":"BreadcrumbList","@id":"https:\/\/www.fiap.paris\/en\/booking\/#breadcrumb","itemListElement":[{"@type":"ListItem","position":1,"name":"Accueil","item":"https:\/\/www.fiap.paris\/en\/"},{"@type":"ListItem","position":2,"name":"Booking"}]},{"@type":"WebSite","@id":"https:\/\/www.fiap.paris\/en\/#website","url":"https:\/\/www.fiap.paris\/en\/","name":"Fiap Paris","description":"H\u00e9bergement et S\u00e9minaires \u00e0 Paris","potentialAction":[{"@type":"SearchAction","target":{"@type":"EntryPoint","urlTemplate":"https:\/\/www.fiap.paris\/en\/?s={search_term_string}"},"query-input":{"@type":"PropertyValueSpecification","valueRequired":true,"valueName":"search_term_string"}}],"inLanguage":"en-US"}]}},"_links":{"self":[{"href":"https:\/\/www.fiap.paris\/en\/wp-json\/wp\/v2\/pages\/2483","targetHints":{"allow":["GET"]}}],"collection":[{"href":"https:\/\/www.fiap.paris\/en\/wp-json\/wp\/v2\/pages"}],"about":[{"href":"https:\/\/www.fiap.paris\/en\/wp-json\/wp\/v2\/types\/page"}],"author":[{"embeddable":true,"href":"https:\/\/www.fiap.paris\/en\/wp-json\/wp\/v2\/users\/1"}],"replies":[{"embeddable":true,"href":"https:\/\/www.fiap.paris\/en\/wp-json\/wp\/v2\/comments?post=2483"}],"version-history":[{"count":5,"href":"https:\/\/www.fiap.paris\/en\/wp-json\/wp\/v2\/pages\/2483\/revisions"}],"predecessor-version":[{"id":33188,"href":"https:\/\/www.fiap.paris\/en\/wp-json\/wp\/v2\/pages\/2483\/revisions\/33188"}],"wp:attachment":[{"href":"https:\/\/www.fiap.paris\/en\/wp-json\/wp\/v2\/media?parent=2483"}],"curies":[{"name":"wp","href":"https:\/\/api.w.org\/{rel}","templated":true}]}}