{"id":36721,"date":"2025-10-16T15:31:08","date_gmt":"2025-10-16T13:31:08","guid":{"rendered":"https:\/\/www.fiap.paris\/?page_id=36721"},"modified":"2025-10-27T16:19:27","modified_gmt":"2025-10-27T15:19:27","slug":"our-events-2","status":"publish","type":"page","link":"https:\/\/www.fiap.paris\/en\/our-events-2\/","title":{"rendered":"Our events"},"content":{"rendered":"\n\n<section class=\"b-hero-sm bg-c5\" id='block_f6a07b2a7780bc55772785e58e3f70dd'>\n\t<div class=\"container\" data-aos=\"fade\" data-aos-delay=\"150\">\n\t\t<div class=\"b-hero-sm_wrp\">\n\t\t\t<div class=\"b-hero-sm_ctn col-lg-5\">\n\t\t\t\t<h1 class=\"b-hero-sm_ttl\" class=\"b-hero-sm_ttl\" id=\"our-events\">Our events<\/h1>\t\t\t\t<span class=\"b-hero-sm_subttl\">FIAP Paris is also a place of events!<\/span>\t\t\t<\/div>\n\t\t<\/div>\n\t\t\t\t\t\t<figure class=\"b-hero-sm_bg bg-wrp contain  container\">\n\t\t\t\t\t<img decoding=\"async\" class='b-hero-sm_med' data-aos=\"fade-right\" data-aos-delay=\"150\" loading='lazy' alt=\"our-events\" src=\"https:\/\/www.fiap.paris\/wp-content\/uploads\/2022\/11\/shutterstock_1949925472-1.png\" width=\"100%\" height=\"100%\" srcset=\"https:\/\/www.fiap.paris\/wp-content\/uploads\/2022\/11\/shutterstock_1949925472-1.png 710w, https:\/\/www.fiap.paris\/wp-content\/uploads\/2022\/11\/shutterstock_1949925472-1-380x380.png 380w\" sizes=\"auto, (max-width: 710px) 100vw, 710px\">\t\t\t\t<\/figure>\n\t\t\t<\/div>\n<\/section>\n\n\n\n\n\n<section class=\"b-list-posts-sm spc-s4 bg-cw\" id='block_f7c3dda7e6b82a191505f3f45d97b056'>\n\t\t<div class=\"container\" data-aos='fade'>\n\t\t\t\t\n<header class=\"c-heading\">\n            <h1 class=\"c-heading_ttl centered\" class=\"c-heading_ttl centered\" id=\"our-events-and-animations\">OUR EVENTS AND ANIMATIONS<\/h2>\n        \n    <\/header>\n\t\t\t\t<div class=\"row gx-4 gy-5\">\n\t\t\t\t\t\t\t\t\t\t\t<article class=\"col-12 col-md-6 col-lg-4 col-xl-4\">\n\t\t\t\t\t\t\t\n<div class=\"c-card-post-sm\" data-aos='fade-up'>\n\t<a class=\"c-card-post-sm_lnk\" href='https:\/\/www.fiap.paris\/en\/events\/cabaret-connexion\/'>\n\t\t<figure class=\"rt-custom\">\n\t\t\t<img decoding=\"async\" class=\"c-card-post-sm_med\" loading='lazy' alt=\"cabaret-chicago-sounds\" src=\"https:\/\/www.fiap.paris\/wp-content\/uploads\/2025\/10\/Copie-de-Sans-titre-1024x724.jpg\" width=\"100%\" height=\"100%\" srcset=\"https:\/\/www.fiap.paris\/wp-content\/uploads\/2025\/10\/Copie-de-Sans-titre-1024x724.jpg 1024w, https:\/\/www.fiap.paris\/wp-content\/uploads\/2025\/10\/Copie-de-Sans-titre-768x543.jpg 768w, https:\/\/www.fiap.paris\/wp-content\/uploads\/2025\/10\/Copie-de-Sans-titre-1536x1086.jpg 1536w, https:\/\/www.fiap.paris\/wp-content\/uploads\/2025\/10\/Copie-de-Sans-titre.jpg 1920w\" sizes=\"auto, (max-width: 1024px) 100vw, 1024px\">\n\t\t<\/figure>\n\t\t<div class=\"c-card-post-sm_txt\">\n\t\t\t<h3 class=\"c-card-post-sm_ttl\" class=\"c-card-post-sm_ttl\" id=\"cabaret-chicago-sounds\">Cabaret Chicago Sounds<\/h3>\n\t\t\t\t\t\t\t<p class=\"c-card-post-sm_date\">From 29\/10\/2025 to 29\/10\/2025<\/p>\n\t\t\t\t\t<\/div>\n\t<\/a>\n<\/div>\t\t\t\t\t\t<\/article>\n\t\t\t\t\t\t\t\t\t\t\t<article class=\"col-12 col-md-6 col-lg-4 col-xl-4\">\n\t\t\t\t\t\t\t\n<div class=\"c-card-post-sm\" data-aos='fade-up'>\n\t<a class=\"c-card-post-sm_lnk\" href='https:\/\/www.fiap.paris\/en\/events\/jazz-concert\/'>\n\t\t<figure class=\"rt-custom\">\n\t\t\t<img decoding=\"async\" class=\"c-card-post-sm_med\" loading='lazy' alt=\"jazz-concert\" src=\"https:\/\/www.fiap.paris\/wp-content\/uploads\/2025\/01\/Banniere-JAM-1024x576.png\" width=\"100%\" height=\"100%\" srcset=\"https:\/\/www.fiap.paris\/wp-content\/uploads\/2025\/01\/Banniere-JAM-1024x576.png 1024w, https:\/\/www.fiap.paris\/wp-content\/uploads\/2025\/01\/Banniere-JAM-768x432.png 768w, https:\/\/www.fiap.paris\/wp-content\/uploads\/2025\/01\/Banniere-JAM-1536x864.png 1536w, https:\/\/www.fiap.paris\/wp-content\/uploads\/2025\/01\/Banniere-JAM.png 1920w\" sizes=\"auto, (max-width: 1024px) 100vw, 1024px\">\n\t\t<\/figure>\n\t\t<div class=\"c-card-post-sm_txt\">\n\t\t\t<h3 class=\"c-card-post-sm_ttl\" class=\"c-card-post-sm_ttl\" id=\"jazz-concert\">Jazz Concert<\/h3>\n\t\t\t\t\t\t\t<p class=\"c-card-post-sm_date\">From 17\/04\/2026 to 17\/04\/2026<\/p>\n\t\t\t\t\t<\/div>\n\t<\/a>\n<\/div>\t\t\t\t\t\t<\/article>\n\t\t\t\t\t\t\t\t\t\t\t\t\t\t<\/div>\n\t\t\t<a href='https:\/\/ugc.production.linktr.ee\/21b34679-9eb9-4448-9c3d-c0f0bb250cc6_Brochure-FIAP-Event.pdf' target=\"_blank\" class=\"b-list-posts-sm_btn btn-c1 centered\">Discover our full program<\/a>\t\t<\/div>\n<\/section>\n\n\n\n\n<section class=\"b-list-posts-sm spc-s4 bg-cw\" id='block_e81a025b590457cc2220e350a3e0ca8f'>\n\t\t<div class=\"container\" data-aos='fade'>\n\t\t\t\t\n<header class=\"c-heading\">\n            <h2 class=\"c-heading_ttl centered\" class=\"c-heading_ttl centered\" id=\"our-exhibitions\">OUR EXHIBITIONS<\/h2>\n        \n    <\/header>\n\t\t\t\t<div class=\"row gx-4 gy-5\">\n\t\t\t\t\t\t\t\t\t\t\t<article class=\"col-12 col-md-6 col-lg-4 col-xl-4\">\n\t\t\t\t\t\t\t\n<div class=\"c-card-post-sm\" data-aos='fade-up'>\n\t<a class=\"c-card-post-sm_lnk\" href='https:\/\/www.fiap.paris\/en\/events\/piercing-veil\/'>\n\t\t<figure class=\"rt-custom\">\n\t\t\t<img decoding=\"async\" class=\"c-card-post-sm_med\" loading='lazy' alt=\"piercing-the-veil\" src=\"https:\/\/www.fiap.paris\/wp-content\/uploads\/2025\/10\/Piercing-the-Veil-2-1024x576.jpg\" width=\"100%\" height=\"100%\" srcset=\"https:\/\/www.fiap.paris\/wp-content\/uploads\/2025\/10\/Piercing-the-Veil-2-1024x576.jpg 1024w, https:\/\/www.fiap.paris\/wp-content\/uploads\/2025\/10\/Piercing-the-Veil-2-768x432.jpg 768w, https:\/\/www.fiap.paris\/wp-content\/uploads\/2025\/10\/Piercing-the-Veil-2-1536x864.jpg 1536w, https:\/\/www.fiap.paris\/wp-content\/uploads\/2025\/10\/Piercing-the-Veil-2.jpg 1920w\" sizes=\"auto, (max-width: 1024px) 100vw, 1024px\">\n\t\t<\/figure>\n\t\t<div class=\"c-card-post-sm_txt\">\n\t\t\t<h3 class=\"c-card-post-sm_ttl\" class=\"c-card-post-sm_ttl\" id=\"piercing-the-veil\">Piercing the veil<\/h3>\n\t\t\t\t\t\t\t<p class=\"c-card-post-sm_date\">From 27\/10\/2025 to 02\/11\/2025<\/p>\n\t\t\t\t\t<\/div>\n\t<\/a>\n<\/div>\t\t\t\t\t\t<\/article>\n\t\t\t\t\t\t\t\t\t\t\t<article class=\"col-12 col-md-6 col-lg-4 col-xl-4\">\n\t\t\t\t\t\t\t\n<div class=\"c-card-post-sm\" data-aos='fade-up'>\n\t<a class=\"c-card-post-sm_lnk\" href='https:\/\/www.fiap.paris\/en\/events\/affiches-dechirees\/'>\n\t\t<figure class=\"rt-custom\">\n\t\t\t<img decoding=\"async\" class=\"c-card-post-sm_med\" loading='lazy' alt=\"torn-posters-freeze-frames\" src=\"https:\/\/www.fiap.paris\/wp-content\/uploads\/2025\/10\/Banniere-Affiches-dechirees-1024x576.jpg\" width=\"100%\" height=\"100%\" srcset=\"https:\/\/www.fiap.paris\/wp-content\/uploads\/2025\/10\/Banniere-Affiches-dechirees-1024x576.jpg 1024w, https:\/\/www.fiap.paris\/wp-content\/uploads\/2025\/10\/Banniere-Affiches-dechirees-768x432.jpg 768w, https:\/\/www.fiap.paris\/wp-content\/uploads\/2025\/10\/Banniere-Affiches-dechirees-1536x864.jpg 1536w, https:\/\/www.fiap.paris\/wp-content\/uploads\/2025\/10\/Banniere-Affiches-dechirees.jpg 1920w\" sizes=\"auto, (max-width: 1024px) 100vw, 1024px\">\n\t\t<\/figure>\n\t\t<div class=\"c-card-post-sm_txt\">\n\t\t\t<h3 class=\"c-card-post-sm_ttl\" class=\"c-card-post-sm_ttl\" id=\"torn-posters-freeze-frames\">Torn posters, freeze-frame(s)<\/h3>\n\t\t\t\t\t\t\t<p class=\"c-card-post-sm_date\">From 03\/11\/2025 to 01\/01\/2026<\/p>\n\t\t\t\t\t<\/div>\n\t<\/a>\n<\/div>\t\t\t\t\t\t<\/article>\n\t\t\t\t\t\t\t\t\t\t\t\t\t\t<\/div>\n\t\t\t\t\t<\/div>\n<\/section>\n\n\n\n\n<section class=\"b-list-posts-sm spc-s4 bg-cw\" id='block_e4aca0df2b192f79d866d82098fb117c'>\n\t\t<div class=\"container\" data-aos='fade'>\n\t\t\t\t\n<header class=\"c-heading\">\n            <h2 class=\"c-heading_ttl centered\" class=\"c-heading_ttl centered\" id=\"our-latest-exhibitions\">OUR LATEST EXHIBITIONS<\/h2>\n        \n    <\/header>\n\t\t\t\t<div class=\"row gx-4 gy-5\">\n\t\t\t\t\t\t\t\t\t\t\t<article class=\"col-12 col-md-6 col-lg-4 col-xl-4\">\n\t\t\t\t\t\t\t\n<div class=\"c-card-post-sm\" data-aos='fade-up'>\n\t<a class=\"c-card-post-sm_lnk\" href='https:\/\/www.fiap.paris\/en\/events\/watercolored-paris\/'>\n\t\t<figure class=\"rt-custom\">\n\t\t\t<img decoding=\"async\" class=\"c-card-post-sm_med\" loading='lazy' alt=\"watercolored-paris\" src=\"https:\/\/www.fiap.paris\/wp-content\/uploads\/2025\/07\/Peinture-affiche-1024x738.jpg\" width=\"100%\" height=\"100%\" srcset=\"https:\/\/www.fiap.paris\/wp-content\/uploads\/2025\/07\/Peinture-affiche-1024x738.jpg 1024w, https:\/\/www.fiap.paris\/wp-content\/uploads\/2025\/07\/Peinture-affiche-768x553.jpg 768w, https:\/\/www.fiap.paris\/wp-content\/uploads\/2025\/07\/Peinture-affiche-1536x1106.jpg 1536w, https:\/\/www.fiap.paris\/wp-content\/uploads\/2025\/07\/Peinture-affiche.jpg 1920w\" sizes=\"auto, (max-width: 1024px) 100vw, 1024px\">\n\t\t<\/figure>\n\t\t<div class=\"c-card-post-sm_txt\">\n\t\t\t<h3 class=\"c-card-post-sm_ttl\" class=\"c-card-post-sm_ttl\" id=\"watercolored-paris\">Watercolored Paris<\/h3>\n\t\t\t\t\t\t\t<p class=\"c-card-post-sm_date\">From 01\/09\/2025 to 23\/10\/2025<\/p>\n\t\t\t\t\t<\/div>\n\t<\/a>\n<\/div>\t\t\t\t\t\t<\/article>\n\t\t\t\t\t\t\t\t\t\t\t<article class=\"col-12 col-md-6 col-lg-4 col-xl-4\">\n\t\t\t\t\t\t\t\n<div class=\"c-card-post-sm\" data-aos='fade-up'>\n\t<a class=\"c-card-post-sm_lnk\" href='https:\/\/www.fiap.paris\/en\/events\/participatory-art-exhibition\/'>\n\t\t<figure class=\"rt-custom\">\n\t\t\t<img decoding=\"async\" class=\"c-card-post-sm_med\" loading='lazy' alt=\"i-remember-creating-together\" src=\"https:\/\/www.fiap.paris\/wp-content\/uploads\/2025\/07\/V2_Expo_marieparis-1024x640.png\" width=\"100%\" height=\"100%\" srcset=\"https:\/\/www.fiap.paris\/wp-content\/uploads\/2025\/07\/V2_Expo_marieparis-1024x640.png 1024w, https:\/\/www.fiap.paris\/wp-content\/uploads\/2025\/07\/V2_Expo_marieparis-768x480.png 768w, https:\/\/www.fiap.paris\/wp-content\/uploads\/2025\/07\/V2_Expo_marieparis-1536x960.png 1536w, https:\/\/www.fiap.paris\/wp-content\/uploads\/2025\/07\/V2_Expo_marieparis-2048x1279.png 2048w\" sizes=\"auto, (max-width: 1024px) 100vw, 1024px\">\n\t\t<\/figure>\n\t\t<div class=\"c-card-post-sm_txt\">\n\t\t\t<h3 class=\"c-card-post-sm_ttl\" class=\"c-card-post-sm_ttl\" id=\"i-remember-creating-together\">I Remember Creating Together<\/h3>\n\t\t\t\t\t\t\t<p class=\"c-card-post-sm_date\">From 04\/09\/2025 to 20\/10\/2025<\/p>\n\t\t\t\t\t<\/div>\n\t<\/a>\n<\/div>\t\t\t\t\t\t<\/article>\n\t\t\t\t\t\t\t\t\t\t\t<article class=\"col-12 col-md-6 col-lg-4 col-xl-4\">\n\t\t\t\t\t\t\t\n<div class=\"c-card-post-sm\" data-aos='fade-up'>\n\t<a class=\"c-card-post-sm_lnk\" href='https:\/\/www.fiap.paris\/en\/events\/exhibition-ici-cest-paris\/'>\n\t\t<figure class=\"rt-custom\">\n\t\t\t<img decoding=\"async\" class=\"c-card-post-sm_med\" loading='lazy' alt=\"ici-cest-paname\" src=\"https:\/\/www.fiap.paris\/wp-content\/uploads\/2025\/04\/Visuel-paysage-Ici-cest-Paname-1-1024x640.jpg\" width=\"100%\" height=\"100%\" srcset=\"https:\/\/www.fiap.paris\/wp-content\/uploads\/2025\/04\/Visuel-paysage-Ici-cest-Paname-1-1024x640.jpg 1024w, https:\/\/www.fiap.paris\/wp-content\/uploads\/2025\/04\/Visuel-paysage-Ici-cest-Paname-1-768x480.jpg 768w, https:\/\/www.fiap.paris\/wp-content\/uploads\/2025\/04\/Visuel-paysage-Ici-cest-Paname-1-1536x960.jpg 1536w, https:\/\/www.fiap.paris\/wp-content\/uploads\/2025\/04\/Visuel-paysage-Ici-cest-Paname-1.jpg 1920w\" sizes=\"auto, (max-width: 1024px) 100vw, 1024px\">\n\t\t<\/figure>\n\t\t<div class=\"c-card-post-sm_txt\">\n\t\t\t<h3 class=\"c-card-post-sm_ttl\" class=\"c-card-post-sm_ttl\" id=\"ici-cest-paname\">Ici c&#8217;est Paname<\/h3>\n\t\t\t\t\t\t\t<p class=\"c-card-post-sm_date\">From 24\/04\/2025 to 25\/07\/2025<\/p>\n\t\t\t\t\t<\/div>\n\t<\/a>\n<\/div>\t\t\t\t\t\t<\/article>\n\t\t\t\t\t\t\t\t\t\t\t\t\t\t<\/div>\n\t\t\t\t\t<\/div>\n<\/section>\n\n\n\n\n<section class=\"b-banner spc-s2 bg-c2\" id='block_acad09d55f65b00c1ea359cf43e49728' data-aos='fade'> \n\t<div class=\"container\">\n\t\t<div class=\"row\">\n\t\t\t<div class=\"col-lg-8 col-sm-12\">\n\t\t\t\t\n<header class=\"c-heading\">\n        \n            <div class=\"c-heading_desc editor\"><h2 style=\"text-align: center;\" style=\"text-align: center;\" id=\"book-now\"><span style=\"color: #202967;\">BOOK NOW<\/span><\/h2>\n<h2 style=\"text-align: center;\" style=\"text-align: center;\" id=\"stay-in-one-of-our-rooms\">Stay in one of our rooms<\/h2>\n<p style=\"text-align: center;\"><a class=\"btn btn-c1\" href=\"https:\/\/online.bookvisit.com\/R?channelId=bc6ee1e9-07b3-4a5e-9b4e-2844dc99a51e&amp;initialPath=%2Faccommodation#\/accommodation\">Booking<\/a><\/p>\n<\/div>\n    <\/header>\t\t\t\t\t\t\t<\/div>\n\t\t<\/div>\n\t\t\t\t\t<figure class=\"b-banner_bg bg-wrp contain  container\">\n\t\t\t\t<img decoding=\"async\" class='b-banner_med' loading='lazy' alt=\"our-events\" src=\"https:\/\/www.fiap.paris\/wp-content\/uploads\/2022\/10\/fille-qui-parle-banniere.png\" width=\"100%\" height=\"100%\" srcset=\"\" sizes=\"auto, (max-width: 170px) 100vw, 170px\">\t\t\t<\/figure>\n\t\t\t\t<\/div>\n\t<\/div>\n<\/section>\n\n","protected":false},"excerpt":{"rendered":"","protected":false},"author":2,"featured_media":0,"parent":0,"menu_order":0,"comment_status":"closed","ping_status":"closed","template":"","meta":{"_acf_changed":false,"inline_featured_image":false,"footnotes":""},"class_list":["post-36721","page","type-page","status-publish","hentry"],"acf":[],"yoast_head":"<!-- This site is optimized with the Yoast SEO plugin v27.4 - https:\/\/yoast.com\/product\/yoast-seo-wordpress\/ -->\n<title>Fiap Paris<\/title>\n<meta name=\"robots\" content=\"index, follow, max-snippet:-1, max-image-preview:large, max-video-preview:-1\" \/>\n<link rel=\"canonical\" href=\"https:\/\/www.fiap.paris\/en\/our-events-2\/\" \/>\n<meta property=\"og:locale\" content=\"en_US\" \/>\n<meta property=\"og:type\" content=\"article\" \/>\n<meta property=\"og:title\" content=\"Our events - Fiap Paris\" \/>\n<meta property=\"og:url\" content=\"https:\/\/www.fiap.paris\/en\/our-events-2\/\" \/>\n<meta property=\"og:site_name\" content=\"Fiap Paris\" \/>\n<meta property=\"article:modified_time\" content=\"2025-10-27T15:19:27+00:00\" \/>\n<meta name=\"twitter:card\" content=\"summary_large_image\" \/>\n<script type=\"application\/ld+json\" class=\"yoast-schema-graph\">{\"@context\":\"https:\\\/\\\/schema.org\",\"@graph\":[{\"@type\":\"WebPage\",\"@id\":\"https:\\\/\\\/www.fiap.paris\\\/en\\\/our-events-2\\\/\",\"url\":\"https:\\\/\\\/www.fiap.paris\\\/en\\\/our-events-2\\\/\",\"name\":\"Our events - Fiap Paris\",\"isPartOf\":{\"@id\":\"https:\\\/\\\/www.fiap.paris\\\/en\\\/#website\"},\"datePublished\":\"2025-10-16T13:31:08+00:00\",\"dateModified\":\"2025-10-27T15:19:27+00:00\",\"breadcrumb\":{\"@id\":\"https:\\\/\\\/www.fiap.paris\\\/en\\\/our-events-2\\\/#breadcrumb\"},\"inLanguage\":\"en-US\",\"potentialAction\":[{\"@type\":\"ReadAction\",\"target\":[\"https:\\\/\\\/www.fiap.paris\\\/en\\\/our-events-2\\\/\"]}]},{\"@type\":\"BreadcrumbList\",\"@id\":\"https:\\\/\\\/www.fiap.paris\\\/en\\\/our-events-2\\\/#breadcrumb\",\"itemListElement\":[{\"@type\":\"ListItem\",\"position\":1,\"name\":\"Accueil\",\"item\":\"https:\\\/\\\/www.fiap.paris\\\/en\\\/\"},{\"@type\":\"ListItem\",\"position\":2,\"name\":\"Our events\"}]},{\"@type\":\"WebSite\",\"@id\":\"https:\\\/\\\/www.fiap.paris\\\/en\\\/#website\",\"url\":\"https:\\\/\\\/www.fiap.paris\\\/en\\\/\",\"name\":\"Fiap Paris\",\"description\":\"H\u00e9bergement et S\u00e9minaires \u00e0 Paris\",\"potentialAction\":[{\"@type\":\"SearchAction\",\"target\":{\"@type\":\"EntryPoint\",\"urlTemplate\":\"https:\\\/\\\/www.fiap.paris\\\/en\\\/?s={search_term_string}\"},\"query-input\":{\"@type\":\"PropertyValueSpecification\",\"valueRequired\":true,\"valueName\":\"search_term_string\"}}],\"inLanguage\":\"en-US\"}]}<\/script>\n<!-- \/ Yoast SEO plugin. -->","yoast_head_json":{"title":"Fiap Paris","robots":{"index":"index","follow":"follow","max-snippet":"max-snippet:-1","max-image-preview":"max-image-preview:large","max-video-preview":"max-video-preview:-1"},"canonical":"https:\/\/www.fiap.paris\/en\/our-events-2\/","og_locale":"en_US","og_type":"article","og_title":"Our events - Fiap Paris","og_url":"https:\/\/www.fiap.paris\/en\/our-events-2\/","og_site_name":"Fiap Paris","article_modified_time":"2025-10-27T15:19:27+00:00","twitter_card":"summary_large_image","schema":{"@context":"https:\/\/schema.org","@graph":[{"@type":"WebPage","@id":"https:\/\/www.fiap.paris\/en\/our-events-2\/","url":"https:\/\/www.fiap.paris\/en\/our-events-2\/","name":"Our events - Fiap Paris","isPartOf":{"@id":"https:\/\/www.fiap.paris\/en\/#website"},"datePublished":"2025-10-16T13:31:08+00:00","dateModified":"2025-10-27T15:19:27+00:00","breadcrumb":{"@id":"https:\/\/www.fiap.paris\/en\/our-events-2\/#breadcrumb"},"inLanguage":"en-US","potentialAction":[{"@type":"ReadAction","target":["https:\/\/www.fiap.paris\/en\/our-events-2\/"]}]},{"@type":"BreadcrumbList","@id":"https:\/\/www.fiap.paris\/en\/our-events-2\/#breadcrumb","itemListElement":[{"@type":"ListItem","position":1,"name":"Accueil","item":"https:\/\/www.fiap.paris\/en\/"},{"@type":"ListItem","position":2,"name":"Our events"}]},{"@type":"WebSite","@id":"https:\/\/www.fiap.paris\/en\/#website","url":"https:\/\/www.fiap.paris\/en\/","name":"Fiap Paris","description":"H\u00e9bergement et S\u00e9minaires \u00e0 Paris","potentialAction":[{"@type":"SearchAction","target":{"@type":"EntryPoint","urlTemplate":"https:\/\/www.fiap.paris\/en\/?s={search_term_string}"},"query-input":{"@type":"PropertyValueSpecification","valueRequired":true,"valueName":"search_term_string"}}],"inLanguage":"en-US"}]}},"_links":{"self":[{"href":"https:\/\/www.fiap.paris\/en\/wp-json\/wp\/v2\/pages\/36721","targetHints":{"allow":["GET"]}}],"collection":[{"href":"https:\/\/www.fiap.paris\/en\/wp-json\/wp\/v2\/pages"}],"about":[{"href":"https:\/\/www.fiap.paris\/en\/wp-json\/wp\/v2\/types\/page"}],"author":[{"embeddable":true,"href":"https:\/\/www.fiap.paris\/en\/wp-json\/wp\/v2\/users\/2"}],"replies":[{"embeddable":true,"href":"https:\/\/www.fiap.paris\/en\/wp-json\/wp\/v2\/comments?post=36721"}],"version-history":[{"count":5,"href":"https:\/\/www.fiap.paris\/en\/wp-json\/wp\/v2\/pages\/36721\/revisions"}],"predecessor-version":[{"id":37078,"href":"https:\/\/www.fiap.paris\/en\/wp-json\/wp\/v2\/pages\/36721\/revisions\/37078"}],"wp:attachment":[{"href":"https:\/\/www.fiap.paris\/en\/wp-json\/wp\/v2\/media?parent=36721"}],"curies":[{"name":"wp","href":"https:\/\/api.w.org\/{rel}","templated":true}]}}