{"id":36960,"date":"2022-10-18T17:42:07","date_gmt":"2022-10-18T15:42:07","guid":{"rendered":"https:\/\/www.fiap.paris\/fiap-event-2\/"},"modified":"2026-04-13T12:21:23","modified_gmt":"2026-04-13T10:21:23","slug":"fiap-event","status":"publish","type":"page","link":"https:\/\/www.fiap.paris\/en\/fiap-event\/","title":{"rendered":"Fiap Event"},"content":{"rendered":"\n\n<section class=\"b-hero-sm bg-c5\" id='block_17170fbba8aa98295a0ec8970f111857'>\n\t<div class=\"container\" data-aos=\"fade\" data-aos-delay=\"150\">\n\t\t<div class=\"b-hero-sm_wrp\">\n\t\t\t<div class=\"b-hero-sm_ctn col-lg-5\">\n\t\t\t\t<h1 class=\"b-hero-sm_ttl\" class=\"b-hero-sm_ttl\" id=\"fiap-event\">Fiap Event<\/h1>\t\t\t\t<span class=\"b-hero-sm_subttl\">Throughout the year, we host a variety of cultural events in our spaces. <br><br> Come experience live concerts, discover films, or simply enjoy good times at the bar. <br><br> All our events require registration through our Shotgun !<\/span>\t\t\t<\/div>\n\t\t<\/div>\n\t\t\t\t\t\t<figure class=\"b-hero-sm_bg bg-wrp contain  container\">\n\t\t\t\t\t<img decoding=\"async\" class='b-hero-sm_med' data-aos=\"fade-right\" data-aos-delay=\"150\" loading='lazy' alt=\"fiap-event\" src=\"https:\/\/www.fiap.paris\/wp-content\/uploads\/2022\/11\/shutterstock_1949925472-1.png\" width=\"100%\" height=\"100%\" srcset=\"https:\/\/www.fiap.paris\/wp-content\/uploads\/2022\/11\/shutterstock_1949925472-1.png 710w, https:\/\/www.fiap.paris\/wp-content\/uploads\/2022\/11\/shutterstock_1949925472-1-380x380.png 380w\" sizes=\"auto, (max-width: 710px) 100vw, 710px\">\t\t\t\t<\/figure>\n\t\t\t<\/div>\n<\/section>\n\n\n\n\n\n<section class=\"b-list-posts-sm spc-s4 bg-cw\" id='block_311db34cc295ab751dedfa2a270c19c0'>\n\t\t<div class=\"container\" data-aos='fade'>\n\t\t\t\t\n<header class=\"c-heading\">\n            <h1 class=\"c-heading_ttl centered\" class=\"c-heading_ttl centered\" id=\"our-events-and-activities\">Our events and activities<\/h2>\n        \n    <\/header>\n\t\t\t\t<div class=\"row gx-4 gy-5\">\n\t\t\t\t\t\t\t\t\t\t\t<article class=\"col-12 col-md-6 col-lg-4 col-xl-4\">\n\t\t\t\t\t\t\t\n<div class=\"c-card-post-sm\" data-aos='fade-up'>\n\t<a class=\"c-card-post-sm_lnk\" href='https:\/\/www.fiap.paris\/en\/events\/jazz-concert\/'>\n\t\t<figure class=\"rt-custom\">\n\t\t\t<img decoding=\"async\" class=\"c-card-post-sm_med\" loading='lazy' alt=\"jazz-concert\" src=\"https:\/\/www.fiap.paris\/wp-content\/uploads\/2025\/01\/Banniere-JAM-1024x576.png\" width=\"100%\" height=\"100%\" srcset=\"https:\/\/www.fiap.paris\/wp-content\/uploads\/2025\/01\/Banniere-JAM-1024x576.png 1024w, https:\/\/www.fiap.paris\/wp-content\/uploads\/2025\/01\/Banniere-JAM-768x432.png 768w, https:\/\/www.fiap.paris\/wp-content\/uploads\/2025\/01\/Banniere-JAM-1536x864.png 1536w, https:\/\/www.fiap.paris\/wp-content\/uploads\/2025\/01\/Banniere-JAM.png 1920w\" sizes=\"auto, (max-width: 1024px) 100vw, 1024px\">\n\t\t<\/figure>\n\t\t<div class=\"c-card-post-sm_txt\">\n\t\t\t<h3 class=\"c-card-post-sm_ttl\" class=\"c-card-post-sm_ttl\" id=\"jazz-concert\">Jazz Concert<\/h3>\n\t\t\t\t\t\t\t<p class=\"c-card-post-sm_date\">From 17\/04\/2026 to 17\/04\/2026<\/p>\n\t\t\t\t\t<\/div>\n\t<\/a>\n<\/div>\t\t\t\t\t\t<\/article>\n\t\t\t\t\t\t\t\t\t\t\t<article class=\"col-12 col-md-6 col-lg-4 col-xl-4\">\n\t\t\t\t\t\t\t\n<div class=\"c-card-post-sm\" data-aos='fade-up'>\n\t<a class=\"c-card-post-sm_lnk\" href='https:\/\/www.fiap.paris\/en\/events\/open-mic\/'>\n\t\t<figure class=\"rt-custom\">\n\t\t\t<img decoding=\"async\" class=\"c-card-post-sm_med\" loading='lazy' alt=\"open-mic\" src=\"https:\/\/www.fiap.paris\/wp-content\/uploads\/2025\/02\/6-1024x724.jpg\" width=\"100%\" height=\"100%\" srcset=\"https:\/\/www.fiap.paris\/wp-content\/uploads\/2025\/02\/6-1024x724.jpg 1024w, https:\/\/www.fiap.paris\/wp-content\/uploads\/2025\/02\/6-768x543.jpg 768w, https:\/\/www.fiap.paris\/wp-content\/uploads\/2025\/02\/6-1536x1086.jpg 1536w, https:\/\/www.fiap.paris\/wp-content\/uploads\/2025\/02\/6.jpg 1920w\" sizes=\"auto, (max-width: 1024px) 100vw, 1024px\">\n\t\t<\/figure>\n\t\t<div class=\"c-card-post-sm_txt\">\n\t\t\t<h3 class=\"c-card-post-sm_ttl\" class=\"c-card-post-sm_ttl\" id=\"open-mic\">OPEN MIC<\/h3>\n\t\t\t\t\t\t\t<p class=\"c-card-post-sm_date\">From 23\/04\/2026 to 23\/04\/2026<\/p>\n\t\t\t\t\t<\/div>\n\t<\/a>\n<\/div>\t\t\t\t\t\t<\/article>\n\t\t\t\t\t\t\t\t\t\t\t\t\t\t<\/div>\n\t\t\t<a href='https:\/\/ugc.production.linktr.ee\/217334ae-eba0-4f75-b7f3-89043d1a0cc6_Brochure-FIAP-Event-2me-trimestre-2026.pdf' target=\"_blank\" class=\"b-list-posts-sm_btn btn-c1 centered\">Our full schedule<\/a>\t\t<\/div>\n<\/section>\n\n\n\n\n<section class=\"b-list-posts-sm spc-s4 bg-cw\" id='block_854e73044267b3e3b08eebafa139e6b4'>\n\t\t<div class=\"container\" data-aos='fade'>\n\t\t\t\t\n<header class=\"c-heading\">\n            <h2 class=\"c-heading_ttl centered\" class=\"c-heading_ttl centered\" id=\"our-current-and-upcoming-exhibitions\">Our current and upcoming exhibitions<\/h2>\n        \n    <\/header>\n\t\t\t\t<div class=\"row gx-4 gy-5\">\n\t\t\t\t\t\t\t\t\t\t\t<article class=\"col-12 col-md-6 col-lg-4 col-xl-4\">\n\t\t\t\t\t\t\t\n<div class=\"c-card-post-sm\" data-aos='fade-up'>\n\t<a class=\"c-card-post-sm_lnk\" href='https:\/\/www.fiap.paris\/en\/events\/expo-algo\/'>\n\t\t<figure class=\"rt-custom\">\n\t\t\t<img decoding=\"async\" class=\"c-card-post-sm_med\" loading='lazy' alt=\"algo\" src=\"https:\/\/www.fiap.paris\/wp-content\/uploads\/2026\/03\/ALGO-banner-1200px-option-003-1-1024x640.jpg\" width=\"100%\" height=\"100%\" srcset=\"https:\/\/www.fiap.paris\/wp-content\/uploads\/2026\/03\/ALGO-banner-1200px-option-003-1-1024x640.jpg 1024w, https:\/\/www.fiap.paris\/wp-content\/uploads\/2026\/03\/ALGO-banner-1200px-option-003-1-768x480.jpg 768w, https:\/\/www.fiap.paris\/wp-content\/uploads\/2026\/03\/ALGO-banner-1200px-option-003-1-1536x960.jpg 1536w, https:\/\/www.fiap.paris\/wp-content\/uploads\/2026\/03\/ALGO-banner-1200px-option-003-1.jpg 1920w\" sizes=\"auto, (max-width: 1024px) 100vw, 1024px\">\n\t\t<\/figure>\n\t\t<div class=\"c-card-post-sm_txt\">\n\t\t\t<h3 class=\"c-card-post-sm_ttl\" class=\"c-card-post-sm_ttl\" id=\"algo\">Algo<\/h3>\n\t\t\t\t\t\t\t<p class=\"c-card-post-sm_date\">From 02\/04\/2026 to 28\/05\/2026<\/p>\n\t\t\t\t\t<\/div>\n\t<\/a>\n<\/div>\t\t\t\t\t\t<\/article>\n\t\t\t\t\t\t\t\t\t\t\t<article class=\"col-12 col-md-6 col-lg-4 col-xl-4\">\n\t\t\t\t\t\t\t\n<div class=\"c-card-post-sm\" data-aos='fade-up'>\n\t<a class=\"c-card-post-sm_lnk\" href='https:\/\/www.fiap.paris\/en\/events\/expo-architecture\/'>\n\t\t<figure class=\"rt-custom\">\n\t\t\t<img decoding=\"async\" class=\"c-card-post-sm_med\" loading='lazy' alt=\"architecture-and-drawings-from-paris-and-beyond\" src=\"https:\/\/www.fiap.paris\/wp-content\/uploads\/2026\/02\/Expo-Architectures-3-1024x576.jpg\" width=\"100%\" height=\"100%\" srcset=\"https:\/\/www.fiap.paris\/wp-content\/uploads\/2026\/02\/Expo-Architectures-3-1024x576.jpg 1024w, https:\/\/www.fiap.paris\/wp-content\/uploads\/2026\/02\/Expo-Architectures-3-768x432.jpg 768w, https:\/\/www.fiap.paris\/wp-content\/uploads\/2026\/02\/Expo-Architectures-3-1536x864.jpg 1536w, https:\/\/www.fiap.paris\/wp-content\/uploads\/2026\/02\/Expo-Architectures-3.jpg 1920w\" sizes=\"auto, (max-width: 1024px) 100vw, 1024px\">\n\t\t<\/figure>\n\t\t<div class=\"c-card-post-sm_txt\">\n\t\t\t<h3 class=\"c-card-post-sm_ttl\" class=\"c-card-post-sm_ttl\" id=\"architecture-and-drawings-from-paris-and-beyond\">Architecture and drawings from Paris and beyond<\/h3>\n\t\t\t\t\t\t\t<p class=\"c-card-post-sm_date\">From 10\/03\/2026 to 07\/05\/2026<\/p>\n\t\t\t\t\t<\/div>\n\t<\/a>\n<\/div>\t\t\t\t\t\t<\/article>\n\t\t\t\t\t\t\t\t\t\t\t\t\t\t<\/div>\n\t\t\t\t\t<\/div>\n<\/section>\n\n\n\n\n<section class=\"b-list-posts-sm spc-s4 bg-cw\" id='block_3950ef13895abd67759e4939e1008b92'>\n\t\t<div class=\"container\" data-aos='fade'>\n\t\t\t\t\n<header class=\"c-heading\">\n            <h2 class=\"c-heading_ttl centered\" class=\"c-heading_ttl centered\" id=\"our-past-exhibitions\">Our past exhibitions<\/h2>\n        \n    <\/header>\n\t\t\t\t<div class=\"row gx-4 gy-5\">\n\t\t\t\t\t\t\t\t\t\t\t<article class=\"col-12 col-md-6 col-lg-4 col-xl-4\">\n\t\t\t\t\t\t\t\n<div class=\"c-card-post-sm\" data-aos='fade-up'>\n\t<a class=\"c-card-post-sm_lnk\" href='https:\/\/www.fiap.paris\/en\/events\/night-walks\/'>\n\t\t<figure class=\"rt-custom\">\n\t\t\t<img decoding=\"async\" class=\"c-card-post-sm_med\" loading='lazy' alt=\"night-walks\" src=\"https:\/\/www.fiap.paris\/wp-content\/uploads\/2026\/01\/Banniere-Balades-Noctures-3-1024x576.jpg\" width=\"100%\" height=\"100%\" srcset=\"https:\/\/www.fiap.paris\/wp-content\/uploads\/2026\/01\/Banniere-Balades-Noctures-3-1024x576.jpg 1024w, https:\/\/www.fiap.paris\/wp-content\/uploads\/2026\/01\/Banniere-Balades-Noctures-3-768x432.jpg 768w, https:\/\/www.fiap.paris\/wp-content\/uploads\/2026\/01\/Banniere-Balades-Noctures-3-1536x864.jpg 1536w, https:\/\/www.fiap.paris\/wp-content\/uploads\/2026\/01\/Banniere-Balades-Noctures-3.jpg 1920w\" sizes=\"auto, (max-width: 1024px) 100vw, 1024px\">\n\t\t<\/figure>\n\t\t<div class=\"c-card-post-sm_txt\">\n\t\t\t<h3 class=\"c-card-post-sm_ttl\" class=\"c-card-post-sm_ttl\" id=\"night-walks\">Night walks<\/h3>\n\t\t\t\t\t\t\t<p class=\"c-card-post-sm_date\">From 05\/02\/2026 to 31\/03\/2026<\/p>\n\t\t\t\t\t<\/div>\n\t<\/a>\n<\/div>\t\t\t\t\t\t<\/article>\n\t\t\t\t\t\t\t\t\t\t\t<article class=\"col-12 col-md-6 col-lg-4 col-xl-4\">\n\t\t\t\t\t\t\t\n<div class=\"c-card-post-sm\" data-aos='fade-up'>\n\t<a class=\"c-card-post-sm_lnk\" href='https:\/\/www.fiap.paris\/en\/events\/sheep-ia\/'>\n\t\t<figure class=\"rt-custom\">\n\t\t\t<img decoding=\"async\" class=\"c-card-post-sm_med\" loading='lazy' alt=\"artificial-sheep\" src=\"https:\/\/www.fiap.paris\/wp-content\/uploads\/2025\/11\/affiche_moutons-724x1024.jpg\" width=\"100%\" height=\"100%\" srcset=\"https:\/\/www.fiap.paris\/wp-content\/uploads\/2025\/11\/affiche_moutons-724x1024.jpg 724w, https:\/\/www.fiap.paris\/wp-content\/uploads\/2025\/11\/affiche_moutons-543x768.jpg 543w, https:\/\/www.fiap.paris\/wp-content\/uploads\/2025\/11\/affiche_moutons-768x1086.jpg 768w, https:\/\/www.fiap.paris\/wp-content\/uploads\/2025\/11\/affiche_moutons-1086x1536.jpg 1086w, https:\/\/www.fiap.paris\/wp-content\/uploads\/2025\/11\/affiche_moutons.jpg 1358w\" sizes=\"auto, (max-width: 724px) 100vw, 724px\">\n\t\t<\/figure>\n\t\t<div class=\"c-card-post-sm_txt\">\n\t\t\t<h3 class=\"c-card-post-sm_ttl\" class=\"c-card-post-sm_ttl\" id=\"artificial-sheep\">Artificial Sheep<\/h3>\n\t\t\t\t\t\t\t<p class=\"c-card-post-sm_date\">From 11\/11\/2025 to 27\/01\/2026<\/p>\n\t\t\t\t\t<\/div>\n\t<\/a>\n<\/div>\t\t\t\t\t\t<\/article>\n\t\t\t\t\t\t\t\t\t\t\t\t\t\t<\/div>\n\t\t\t\t\t<\/div>\n<\/section>\n\n\n\n\n<section class=\"b-tinymce spc-s2 bg-c6 column1\" id='block_79eaf4c8fd835f4980e41de32f786ca2'>\n\t<div class=\"b-tinymce_wrp container   bg-c6\">\n\n\t\t<div class=\"b-tinymce_ctn\" data-aos=\"fade\">\n\t\t\t\t\n\n\t\t\t\t\t\t\t<div class=\"row mobile gy-5\">\n\t\t\t\t\t<div class=\"col-10\">\n\t\t\t\t\t\t<div class=\"b-tinymce_content-txt editor bg-c6\">\n\t\t\t\t\t\t\t<h2 style=\"text-align: center;\" style=\"text-align: center;\" id=\"you-have-a-project-a-desire-to-expose-your-work-or-to-get-on-stage\">YOU HAVE A PROJECT, A DESIRE TO EXPOSE YOUR WORK OR TO GET ON STAGE ?<\/h2>\n<p style=\"text-align: center;\"><a href=\"mailto:communication@fiap.fr\">communication@fiap.fr<\/a><\/p>\n<p style=\"text-align: center;\"><strong>We bring your ideas to life!<\/strong><\/p>\n<p style=\"text-align: center;\">Follow our news on :<\/p>\n<p style=\"text-align: center;\"><a href=\"https:\/\/www.instagram.com\/fiap_paris\/\" target=\"_blank\" rel=\"noopener\"><img decoding=\"async\" class=\"aligncenter wp-image-4194 size-full\" src=\"https:\/\/www.fiap.paris\/wp-content\/uploads\/2023\/01\/instagram-1@2x.png\" alt=\"\" width=\"44\" height=\"44\" \/><\/a><\/p>\n<p style=\"text-align: center;\"><a class=\"btn btn-c1\" href=\"https:\/\/shotgun.live\/venues\/fiap-paris\" target=\"_blank\" rel=\"noopener\">shotgun<\/a><\/p>\n<p style=\"text-align: center;\">&nbsp;<\/p>\n\t\t\t\t\t\t<\/div>\n\t\t\t\t\t<\/div>\n\t\t\t\t<\/div>\n\n\t\t\t\t\t<\/div>\n\n\t\t\t\t\n\t<\/div>\n<\/section>\n\n","protected":false},"excerpt":{"rendered":"Chaque mois, la programmation culturelle contribue \u00e0 faire du FIAP un lieu d\u2019\u00e9changes interculturels et interg\u00e9n\u00e9rationnels unique \u00e0 Paris.","protected":false},"author":1,"featured_media":0,"parent":0,"menu_order":0,"comment_status":"closed","ping_status":"closed","template":"","meta":{"_acf_changed":false,"inline_featured_image":false,"footnotes":""},"class_list":["post-36960","page","type-page","status-publish","hentry"],"acf":[],"yoast_head":"<!-- This site is optimized with the Yoast SEO plugin v27.4 - https:\/\/yoast.com\/product\/yoast-seo-wordpress\/ -->\n<title>Fiap Paris<\/title>\n<meta name=\"description\" content=\"Chaque mois, la programmation culturelle contribue \u00e0 faire du FIAP un lieu d\u2019\u00e9changes interculturels et interg\u00e9n\u00e9rationnels unique \u00e0 Paris.\" \/>\n<meta name=\"robots\" content=\"index, follow, max-snippet:-1, max-image-preview:large, max-video-preview:-1\" \/>\n<link rel=\"canonical\" href=\"https:\/\/www.fiap.paris\/en\/fiap-event\/\" \/>\n<meta property=\"og:locale\" content=\"en_US\" \/>\n<meta property=\"og:type\" content=\"article\" \/>\n<meta property=\"og:title\" content=\"Fiap Event - Fiap Paris\" \/>\n<meta property=\"og:description\" content=\"Chaque mois, la programmation culturelle contribue \u00e0 faire du FIAP un lieu d\u2019\u00e9changes interculturels et interg\u00e9n\u00e9rationnels unique \u00e0 Paris.\" \/>\n<meta property=\"og:url\" content=\"https:\/\/www.fiap.paris\/en\/fiap-event\/\" \/>\n<meta property=\"og:site_name\" content=\"Fiap Paris\" \/>\n<meta property=\"article:modified_time\" content=\"2026-04-13T10:21:23+00:00\" \/>\n<meta name=\"twitter:card\" content=\"summary_large_image\" \/>\n<script type=\"application\/ld+json\" class=\"yoast-schema-graph\">{\"@context\":\"https:\\\/\\\/schema.org\",\"@graph\":[{\"@type\":\"WebPage\",\"@id\":\"https:\\\/\\\/www.fiap.paris\\\/en\\\/fiap-event\\\/\",\"url\":\"https:\\\/\\\/www.fiap.paris\\\/en\\\/fiap-event\\\/\",\"name\":\"Fiap Event - Fiap Paris\",\"isPartOf\":{\"@id\":\"https:\\\/\\\/www.fiap.paris\\\/en\\\/#website\"},\"datePublished\":\"2022-10-18T15:42:07+00:00\",\"dateModified\":\"2026-04-13T10:21:23+00:00\",\"description\":\"Chaque mois, la programmation culturelle contribue \u00e0 faire du FIAP un lieu d\u2019\u00e9changes interculturels et interg\u00e9n\u00e9rationnels unique \u00e0 Paris.\",\"breadcrumb\":{\"@id\":\"https:\\\/\\\/www.fiap.paris\\\/en\\\/fiap-event\\\/#breadcrumb\"},\"inLanguage\":\"en-US\",\"potentialAction\":[{\"@type\":\"ReadAction\",\"target\":[\"https:\\\/\\\/www.fiap.paris\\\/en\\\/fiap-event\\\/\"]}]},{\"@type\":\"BreadcrumbList\",\"@id\":\"https:\\\/\\\/www.fiap.paris\\\/en\\\/fiap-event\\\/#breadcrumb\",\"itemListElement\":[{\"@type\":\"ListItem\",\"position\":1,\"name\":\"Accueil\",\"item\":\"https:\\\/\\\/www.fiap.paris\\\/en\\\/\"},{\"@type\":\"ListItem\",\"position\":2,\"name\":\"Fiap Event\"}]},{\"@type\":\"WebSite\",\"@id\":\"https:\\\/\\\/www.fiap.paris\\\/en\\\/#website\",\"url\":\"https:\\\/\\\/www.fiap.paris\\\/en\\\/\",\"name\":\"Fiap Paris\",\"description\":\"H\u00e9bergement et S\u00e9minaires \u00e0 Paris\",\"potentialAction\":[{\"@type\":\"SearchAction\",\"target\":{\"@type\":\"EntryPoint\",\"urlTemplate\":\"https:\\\/\\\/www.fiap.paris\\\/en\\\/?s={search_term_string}\"},\"query-input\":{\"@type\":\"PropertyValueSpecification\",\"valueRequired\":true,\"valueName\":\"search_term_string\"}}],\"inLanguage\":\"en-US\"}]}<\/script>\n<!-- \/ Yoast SEO plugin. -->","yoast_head_json":{"title":"Fiap Paris","description":"Chaque mois, la programmation culturelle contribue \u00e0 faire du FIAP un lieu d\u2019\u00e9changes interculturels et interg\u00e9n\u00e9rationnels unique \u00e0 Paris.","robots":{"index":"index","follow":"follow","max-snippet":"max-snippet:-1","max-image-preview":"max-image-preview:large","max-video-preview":"max-video-preview:-1"},"canonical":"https:\/\/www.fiap.paris\/en\/fiap-event\/","og_locale":"en_US","og_type":"article","og_title":"Fiap Event - Fiap Paris","og_description":"Chaque mois, la programmation culturelle contribue \u00e0 faire du FIAP un lieu d\u2019\u00e9changes interculturels et interg\u00e9n\u00e9rationnels unique \u00e0 Paris.","og_url":"https:\/\/www.fiap.paris\/en\/fiap-event\/","og_site_name":"Fiap Paris","article_modified_time":"2026-04-13T10:21:23+00:00","twitter_card":"summary_large_image","schema":{"@context":"https:\/\/schema.org","@graph":[{"@type":"WebPage","@id":"https:\/\/www.fiap.paris\/en\/fiap-event\/","url":"https:\/\/www.fiap.paris\/en\/fiap-event\/","name":"Fiap Event - Fiap Paris","isPartOf":{"@id":"https:\/\/www.fiap.paris\/en\/#website"},"datePublished":"2022-10-18T15:42:07+00:00","dateModified":"2026-04-13T10:21:23+00:00","description":"Chaque mois, la programmation culturelle contribue \u00e0 faire du FIAP un lieu d\u2019\u00e9changes interculturels et interg\u00e9n\u00e9rationnels unique \u00e0 Paris.","breadcrumb":{"@id":"https:\/\/www.fiap.paris\/en\/fiap-event\/#breadcrumb"},"inLanguage":"en-US","potentialAction":[{"@type":"ReadAction","target":["https:\/\/www.fiap.paris\/en\/fiap-event\/"]}]},{"@type":"BreadcrumbList","@id":"https:\/\/www.fiap.paris\/en\/fiap-event\/#breadcrumb","itemListElement":[{"@type":"ListItem","position":1,"name":"Accueil","item":"https:\/\/www.fiap.paris\/en\/"},{"@type":"ListItem","position":2,"name":"Fiap Event"}]},{"@type":"WebSite","@id":"https:\/\/www.fiap.paris\/en\/#website","url":"https:\/\/www.fiap.paris\/en\/","name":"Fiap Paris","description":"H\u00e9bergement et S\u00e9minaires \u00e0 Paris","potentialAction":[{"@type":"SearchAction","target":{"@type":"EntryPoint","urlTemplate":"https:\/\/www.fiap.paris\/en\/?s={search_term_string}"},"query-input":{"@type":"PropertyValueSpecification","valueRequired":true,"valueName":"search_term_string"}}],"inLanguage":"en-US"}]}},"_links":{"self":[{"href":"https:\/\/www.fiap.paris\/en\/wp-json\/wp\/v2\/pages\/36960","targetHints":{"allow":["GET"]}}],"collection":[{"href":"https:\/\/www.fiap.paris\/en\/wp-json\/wp\/v2\/pages"}],"about":[{"href":"https:\/\/www.fiap.paris\/en\/wp-json\/wp\/v2\/types\/page"}],"author":[{"embeddable":true,"href":"https:\/\/www.fiap.paris\/en\/wp-json\/wp\/v2\/users\/1"}],"replies":[{"embeddable":true,"href":"https:\/\/www.fiap.paris\/en\/wp-json\/wp\/v2\/comments?post=36960"}],"version-history":[{"count":5,"href":"https:\/\/www.fiap.paris\/en\/wp-json\/wp\/v2\/pages\/36960\/revisions"}],"predecessor-version":[{"id":40047,"href":"https:\/\/www.fiap.paris\/en\/wp-json\/wp\/v2\/pages\/36960\/revisions\/40047"}],"wp:attachment":[{"href":"https:\/\/www.fiap.paris\/en\/wp-json\/wp\/v2\/media?parent=36960"}],"curies":[{"name":"wp","href":"https:\/\/api.w.org\/{rel}","templated":true}]}}